{"id":6145,"date":"2025-07-08T15:18:19","date_gmt":"2025-07-08T14:18:19","guid":{"rendered":"https:\/\/espacetechnologie.ma\/product\/support-pour-ordinateur-portable-pliable-en-alliage-daluminium\/"},"modified":"2025-08-03T06:50:14","modified_gmt":"2025-08-03T05:50:14","slug":"support-pour-ordinateur-portable-pliable-en-alliage-daluminium","status":"publish","type":"product","link":"https:\/\/espacetechnologie.ma\/ar\/product\/support-pour-ordinateur-portable-pliable-en-alliage-daluminium\/","title":{"rendered":"support pour ordinateur portable pliable en alliage d&rsquo;aluminium"},"content":{"rendered":"<p>Support pour ordinateur portable pliable en aluminium<br \/>\nLe bureau et la Maison Ergomics<br \/>\nProt\u00e9gez votre colonne cervicale, faites le travail confortablement<br \/>\nDissipation thermique<br \/>\nLe support en alliage d&rsquo;aluminium de conception ouverte et l&rsquo;angle d&rsquo;inclinaison avant augmentent le flux d&rsquo;air pour refroidir l&rsquo;ordinateur portable.<br \/>\nSupport contract\u00e9 \u00e9l\u00e9gant pour votre ordinateur portable pr\u00e9cieux<br \/>\nAlliage d&rsquo;aluminium 100% robuste et protecteur<br \/>\nCompatible avec un ordinateur portable 10<br \/>\nHP,Acer,Sony,Chrome,Dell,Samsung,Toshiba,Lenovo,Kindle<br \/>\nL\u00e9ger pliable design<br \/>\nPetite taille, l\u00e9ger et ferme, \u00eatre facile \u00e0 transporter<\/p>","protected":false},"excerpt":{"rendered":"<p>Design elegant et innovant<br \/>\nPliable et portable<br \/>\nFacile \u00e0 mettre en place<br \/>\nAngle d&rsquo;inclinaison ajustable<br \/>\nMateriel durable en aluminium<\/p>","protected":false},"featured_media":6144,"comment_status":"open","ping_status":"closed","template":"","meta":{"event_title":"","event_details":"","event_timezone":"","event_gmap":"","event_image":"","event_image_url":"","event_calendar_link":"","event_location":"","event_datetime_with_summary":"","event_datetime":"","event_date_type":"","event_rulesummary":"","event_ticket_rsvp":"","_gspb_post_css":""},"product_brand":[],"product_cat":[96,97],"product_tag":[],"class_list":{"0":"post-6145","1":"product","2":"type-product","3":"status-publish","4":"has-post-thumbnail","6":"product_cat-pc","7":"product_cat-support","9":"first","10":"instock","11":"sale","12":"shipping-taxable","13":"purchasable","14":"product-type-simple"},"jetpack_sharing_enabled":true,"_links":{"self":[{"href":"https:\/\/espacetechnologie.ma\/ar\/wp-json\/wp\/v2\/product\/6145","targetHints":{"allow":["GET"]}}],"collection":[{"href":"https:\/\/espacetechnologie.ma\/ar\/wp-json\/wp\/v2\/product"}],"about":[{"href":"https:\/\/espacetechnologie.ma\/ar\/wp-json\/wp\/v2\/types\/product"}],"replies":[{"embeddable":true,"href":"https:\/\/espacetechnologie.ma\/ar\/wp-json\/wp\/v2\/comments?post=6145"}],"wp:featuredmedia":[{"embeddable":true,"href":"https:\/\/espacetechnologie.ma\/ar\/wp-json\/wp\/v2\/media\/6144"}],"wp:attachment":[{"href":"https:\/\/espacetechnologie.ma\/ar\/wp-json\/wp\/v2\/media?parent=6145"}],"wp:term":[{"taxonomy":"product_brand","embeddable":true,"href":"https:\/\/espacetechnologie.ma\/ar\/wp-json\/wp\/v2\/product_brand?post=6145"},{"taxonomy":"product_cat","embeddable":true,"href":"https:\/\/espacetechnologie.ma\/ar\/wp-json\/wp\/v2\/product_cat?post=6145"},{"taxonomy":"product_tag","embeddable":true,"href":"https:\/\/espacetechnologie.ma\/ar\/wp-json\/wp\/v2\/product_tag?post=6145"}],"curies":[{"name":"wp","href":"https:\/\/api.w.org\/{rel}","templated":true}]}}