{"id":6130,"date":"2025-07-08T15:18:16","date_gmt":"2025-07-08T14:18:16","guid":{"rendered":"https:\/\/espacetechnologie.ma\/product\/%d9%81%d9%88%d8%a7%d8%ad%d8%a9-%d8%b9%d8%b7%d8%b1-%d8%ac%d9%85%d9%8a%d9%84%d8%a9-%d9%85%d8%b6%d9%8a%d8%a6%d8%a9-%d8%a8%d9%80-7-%d8%a7%d9%84%d9%84%d9%88%d8%a7%d9%86\/"},"modified":"2025-08-03T06:50:45","modified_gmt":"2025-08-03T05:50:45","slug":"%d9%81%d9%88%d8%a7%d8%ad%d8%a9-%d8%b9%d8%b7%d8%b1-%d8%ac%d9%85%d9%8a%d9%84%d8%a9-%d9%85%d8%b6%d9%8a%d8%a6%d8%a9-%d8%a8%d9%80-7-%d8%a7%d9%84%d9%84%d9%88%d8%a7%d9%86","status":"publish","type":"product","link":"https:\/\/espacetechnologie.ma\/ar\/product\/%d9%81%d9%88%d8%a7%d8%ad%d8%a9-%d8%b9%d8%b7%d8%b1-%d8%ac%d9%85%d9%8a%d9%84%d8%a9-%d9%85%d8%b6%d9%8a%d8%a6%d8%a9-%d8%a8%d9%80-7-%d8%a7%d9%84%d9%84%d9%88%d8%a7%d9%86\/","title":{"rendered":"\u0641\u0648\u0627\u062d\u0629 \u0639\u0637\u0631 \u062c\u0645\u064a\u0644\u0629  \u0645\u0636\u064a\u0626\u0629  \u0628\u0640 7 \u0627\u0644\u0644\u0648\u0627\u0646"},"content":{"rendered":"<p>Caract\u00e9ristiques:<br \/>\n1. Multifonction 3 en 1. Humidificateur, veilleuse, mini ventilateur, ont trois fonctions en m\u00eame temps, acheter un produit \u00e9gal \u00e0 trois produits.<br \/>\nArr\u00eat du temps fixe: 8 h<br \/>\nLieu Applicable: bureau, voiture, salon, chambre \u00e0 coucher.<br \/>\nCouleur: rose\/bleu\/blanc<br \/>\n1). Prenez top capot<br \/>\n2). Ajouter de l&rsquo;eau dans le r\u00e9servoir<br \/>\n3). Connexion \u00e0 l&rsquo;alimentation par ligne USB<br \/>\n4). Bouton tactile pour travailler<br \/>\n5). connectez le ventilateur USB ou le lumi\u00e8re LED comme vous le souhaitez lorsque vous travaillez<br \/>\n6). appuyez sur le bouton pendant 2 secondes, la lumi\u00e8re s&rsquo;allume, appuyez \u00e0 nouveau pendant 3 secondes, la lumi\u00e8re s&rsquo;\u00e9teint.<br \/>\n1 * humidificateur<br \/>\n1 * C\u00e2ble USB<br \/>\n1 * Mini ventilateur USB<br \/>\n1 * USB lumi\u00e8re LED<br \/>\n1 * Filtre en coton<br \/>\n1 * manuel<\/p>","protected":false},"excerpt":{"rendered":"<p>1). Prenez top capot2). Ajouter de l&rsquo;eau dans le r\u00e9servoir3). Connexion \u00e0 l&rsquo;alimentation par ligne USB4). Bouton tactile pour travailler5). connectez le ventilateur USB ou le lumi\u00e8re LED comme vous le souhaitez lorsque vous travaillez6). appuyez sur le bouton pendant 2 secondes, la lumi\u00e8re s&rsquo;allume, appuyez \u00e0 nouveau pendant 3 secondes, la lumi\u00e8re s&rsquo;\u00e9teint.<\/p>","protected":false},"featured_media":6129,"comment_status":"open","ping_status":"closed","template":"","meta":{"event_title":"","event_details":"","event_timezone":"","event_gmap":"","event_image":"","event_image_url":"","event_calendar_link":"","event_location":"","event_datetime_with_summary":"","event_datetime":"","event_date_type":"","event_rulesummary":"","event_ticket_rsvp":"","_gspb_post_css":""},"product_brand":[],"product_cat":[82,130],"product_tag":[],"class_list":{"0":"post-6130","1":"product","2":"type-product","3":"status-publish","4":"has-post-thumbnail","6":"product_cat-gadgets","7":"product_cat-maison","9":"first","10":"instock","11":"sale","12":"shipping-taxable","13":"purchasable","14":"product-type-simple"},"jetpack_sharing_enabled":true,"_links":{"self":[{"href":"https:\/\/espacetechnologie.ma\/ar\/wp-json\/wp\/v2\/product\/6130","targetHints":{"allow":["GET"]}}],"collection":[{"href":"https:\/\/espacetechnologie.ma\/ar\/wp-json\/wp\/v2\/product"}],"about":[{"href":"https:\/\/espacetechnologie.ma\/ar\/wp-json\/wp\/v2\/types\/product"}],"replies":[{"embeddable":true,"href":"https:\/\/espacetechnologie.ma\/ar\/wp-json\/wp\/v2\/comments?post=6130"}],"wp:featuredmedia":[{"embeddable":true,"href":"https:\/\/espacetechnologie.ma\/ar\/wp-json\/wp\/v2\/media\/6129"}],"wp:attachment":[{"href":"https:\/\/espacetechnologie.ma\/ar\/wp-json\/wp\/v2\/media?parent=6130"}],"wp:term":[{"taxonomy":"product_brand","embeddable":true,"href":"https:\/\/espacetechnologie.ma\/ar\/wp-json\/wp\/v2\/product_brand?post=6130"},{"taxonomy":"product_cat","embeddable":true,"href":"https:\/\/espacetechnologie.ma\/ar\/wp-json\/wp\/v2\/product_cat?post=6130"},{"taxonomy":"product_tag","embeddable":true,"href":"https:\/\/espacetechnologie.ma\/ar\/wp-json\/wp\/v2\/product_tag?post=6130"}],"curies":[{"name":"wp","href":"https:\/\/api.w.org\/{rel}","templated":true}]}}