{"id":6118,"date":"2025-07-08T15:18:14","date_gmt":"2025-07-08T14:18:14","guid":{"rendered":"https:\/\/espacetechnologie.ma\/product\/cable-de-charge-usb-de-charge-rapide-pour-garmin-fenix-5-garmin-fenix-5-5s-precurseur-5x-935-vivoactive-3-ports\/"},"modified":"2025-08-02T16:16:33","modified_gmt":"2025-08-02T15:16:33","slug":"cable-de-charge-usb-de-charge-rapide-pour-garmin-fenix-5-garmin-fenix-5-5s-precurseur-5x-935-vivoactive-3-ports","status":"publish","type":"product","link":"https:\/\/espacetechnologie.ma\/ar\/product\/cable-de-charge-usb-de-charge-rapide-pour-garmin-fenix-5-garmin-fenix-5-5s-precurseur-5x-935-vivoactive-3-ports\/","title":{"rendered":"C\u00e2ble de charge USB de charge rapide pour Garmin Fenix 5 Garmin Fenix 5 5S pr\u00e9curseur 5X 935 Vivoactive 3 ports"},"content":{"rendered":"<p>USB de charge rapide<br \/>\nPourGarmin Fenix 5X saphir \u00e9dition ultime montre Multisport GPS avec cartographie<br \/>\nPourMontre moniteur de fr\u00e9quence cardiaque GPS Multisport Garmin Fenix 5 S<br \/>\nPour Garmin forerunner945\/935\/245\/245 M\/45\/45 S<br \/>\nPour Garmin Fenix 5 S<br \/>\nPour Garmin Fenix 5 S Plus<br \/>\nPour Garmin Fenix 5<br \/>\nPour Garmin Fenix 5 Plus<br \/>\nPour Garmin Fenix 5X<br \/>\nPour Garmin Fenix 5X Plus<br \/>\nApproche S60<br \/>\nD2 Charlie<br \/>\nD2 Delta<br \/>\nQuatix 5<br \/>\nQuatix 5 Saphir<br \/>\nVivoactive 3<br \/>\nVivoactive 3 musique<br \/>\nVivosport<br \/>\nApproche X10<br \/>\nApproche X40<\/p>","protected":false},"excerpt":{"rendered":"<p>Description:<br \/>\nProtection contre les courts-circuits de sortie.<br \/>\nProtection contre les surtensions et les surcharges de filtrage.<br \/>\nLe vrai test de vieillissement, haute performance de s\u00e9curit\u00e9.<br \/>\nBonne repr\u00e9sentation anti-parasitage<br \/>\nL&rsquo;ondulation cc est petite, l&rsquo;efficacit\u00e9 du travail est \u00e9lev\u00e9e et la vitesse de chargement est rapide.<br \/>\nBasse temp\u00e9rature de fonctionnement et longue dur\u00e9e de vie.<br \/>\nLongueur du c\u00e2ble: env. 1 m\/3.3ft<br \/>\nCouleur: Noir<br \/>\nMod\u00e8le Compatible: pour Garmin Fenix 5 S Fenix 5 Fenix 5X Forerunner 935 focus S60 D2 Charlie Quatix 5 Vivoactive 3 ports<br \/>\nSp\u00e9cifications:<br \/>\nProtection contre les courts-circuits de sortie.<br \/>\nProtection contre les surtensions et les surcharges de filtrage.<br \/>\nLe vrai test de vieillissement, haute performance de s\u00e9curit\u00e9.<br \/>\nBonne repr\u00e9sentation anti-parasitage<br \/>\nL&rsquo;ondulation cc est petite, l&rsquo;efficacit\u00e9 du travail est \u00e9lev\u00e9e et la vitesse de chargement est rapide.<br \/>\nBasse temp\u00e9rature de fonctionnement et longue dur\u00e9e de vie.<br \/>\nEmballage Inclus:<br \/>\n1 * C\u00e2ble de charge<br \/>\nNotes:<br \/>\nEn raison de la diff\u00e9rence entre les diff\u00e9rents moniteurs, les images peuvent ne pas refl\u00e9ter la couleur r\u00e9elle de l&rsquo;article.<br \/>\nComparez les tailles de d\u00e9tail avec le v\u00f4tre, veuillez permettre 1-3 cm d&rsquo;erreur, en raison de la mesure manuelle.<br \/>\nVeuillez laisser un message avant de donner les mauvais commentaires, si les produits ont des probl\u00e8mes.<br \/>\nMerci pour vos compr\u00e9hensions.<\/p>","protected":false},"featured_media":6117,"comment_status":"open","ping_status":"closed","template":"","meta":{"event_title":"","event_details":"","event_timezone":"","event_gmap":"","event_image":"","event_image_url":"","event_calendar_link":"","event_location":"","event_datetime_with_summary":"","event_datetime":"","event_date_type":"","event_rulesummary":"","event_ticket_rsvp":"","_gspb_post_css":""},"product_brand":[],"product_cat":[94,91],"product_tag":[],"class_list":{"0":"post-6118","1":"product","2":"type-product","3":"status-publish","4":"has-post-thumbnail","6":"product_cat-chargeurs-smartwatch","7":"product_cat-smartwatch","9":"first","10":"instock","11":"sale","12":"shipping-taxable","13":"purchasable","14":"product-type-simple"},"jetpack_sharing_enabled":true,"_links":{"self":[{"href":"https:\/\/espacetechnologie.ma\/ar\/wp-json\/wp\/v2\/product\/6118","targetHints":{"allow":["GET"]}}],"collection":[{"href":"https:\/\/espacetechnologie.ma\/ar\/wp-json\/wp\/v2\/product"}],"about":[{"href":"https:\/\/espacetechnologie.ma\/ar\/wp-json\/wp\/v2\/types\/product"}],"replies":[{"embeddable":true,"href":"https:\/\/espacetechnologie.ma\/ar\/wp-json\/wp\/v2\/comments?post=6118"}],"wp:featuredmedia":[{"embeddable":true,"href":"https:\/\/espacetechnologie.ma\/ar\/wp-json\/wp\/v2\/media\/6117"}],"wp:attachment":[{"href":"https:\/\/espacetechnologie.ma\/ar\/wp-json\/wp\/v2\/media?parent=6118"}],"wp:term":[{"taxonomy":"product_brand","embeddable":true,"href":"https:\/\/espacetechnologie.ma\/ar\/wp-json\/wp\/v2\/product_brand?post=6118"},{"taxonomy":"product_cat","embeddable":true,"href":"https:\/\/espacetechnologie.ma\/ar\/wp-json\/wp\/v2\/product_cat?post=6118"},{"taxonomy":"product_tag","embeddable":true,"href":"https:\/\/espacetechnologie.ma\/ar\/wp-json\/wp\/v2\/product_tag?post=6118"}],"curies":[{"name":"wp","href":"https:\/\/api.w.org\/{rel}","templated":true}]}}