{"id":6112,"date":"2025-07-08T15:18:12","date_gmt":"2025-07-08T14:18:12","guid":{"rendered":"https:\/\/espacetechnologie.ma\/product\/support-de-feu-de-camp-maille-pliable-outils-de-barbecue\/"},"modified":"2025-08-02T12:51:18","modified_gmt":"2025-08-02T11:51:18","slug":"support-de-feu-de-camp-maille-pliable-outils-de-barbecue","status":"publish","type":"product","link":"https:\/\/espacetechnologie.ma\/ar\/product\/support-de-feu-de-camp-maille-pliable-outils-de-barbecue\/","title":{"rendered":"support de feu de camp, maille pliable, outils de barbecue"},"content":{"rendered":"<p>Id\u00e9al pour une cuisson rapide et<br \/>\nMat\u00e9riau: maille en acier inoxydable 304, support en acier inoxydable 201<br \/>\nPoids: 5KG (environ)<br \/>\nCaract\u00e9ristiques: Durable, facile \u00e0 nettoyer, antiadh\u00e9sif, support c\u00f4tel\u00e9<br \/>\nTaille: 41.5cm x 41.5cm x 34cm\/16.34 <\/p>","protected":false},"excerpt":{"rendered":"<p>Support de feu de camp pliant en m\u00e9tal pour Camping en plein air, support de barbecue, \u00e9quipement de Camping<\/p>","protected":false},"featured_media":6111,"comment_status":"open","ping_status":"closed","template":"","meta":{"event_title":"","event_details":"","event_timezone":"","event_gmap":"","event_image":"","event_image_url":"","event_calendar_link":"","event_location":"","event_datetime_with_summary":"","event_datetime":"","event_date_type":"","event_rulesummary":"","event_ticket_rsvp":"","_gspb_post_css":""},"product_brand":[],"product_cat":[82],"product_tag":[],"class_list":{"0":"post-6112","1":"product","2":"type-product","3":"status-publish","4":"has-post-thumbnail","6":"product_cat-gadgets","8":"first","9":"instock","10":"sale","11":"shipping-taxable","12":"purchasable","13":"product-type-simple"},"jetpack_sharing_enabled":true,"_links":{"self":[{"href":"https:\/\/espacetechnologie.ma\/ar\/wp-json\/wp\/v2\/product\/6112","targetHints":{"allow":["GET"]}}],"collection":[{"href":"https:\/\/espacetechnologie.ma\/ar\/wp-json\/wp\/v2\/product"}],"about":[{"href":"https:\/\/espacetechnologie.ma\/ar\/wp-json\/wp\/v2\/types\/product"}],"replies":[{"embeddable":true,"href":"https:\/\/espacetechnologie.ma\/ar\/wp-json\/wp\/v2\/comments?post=6112"}],"wp:featuredmedia":[{"embeddable":true,"href":"https:\/\/espacetechnologie.ma\/ar\/wp-json\/wp\/v2\/media\/6111"}],"wp:attachment":[{"href":"https:\/\/espacetechnologie.ma\/ar\/wp-json\/wp\/v2\/media?parent=6112"}],"wp:term":[{"taxonomy":"product_brand","embeddable":true,"href":"https:\/\/espacetechnologie.ma\/ar\/wp-json\/wp\/v2\/product_brand?post=6112"},{"taxonomy":"product_cat","embeddable":true,"href":"https:\/\/espacetechnologie.ma\/ar\/wp-json\/wp\/v2\/product_cat?post=6112"},{"taxonomy":"product_tag","embeddable":true,"href":"https:\/\/espacetechnologie.ma\/ar\/wp-json\/wp\/v2\/product_tag?post=6112"}],"curies":[{"name":"wp","href":"https:\/\/api.w.org\/{rel}","templated":true}]}}