{"id":6088,"date":"2025-07-08T15:18:08","date_gmt":"2025-07-08T14:18:08","guid":{"rendered":"https:\/\/espacetechnologie.ma\/product\/tws-bluetooth-5-0-ecouteurs-intra-auriculaires-sans-fil-controle-tactile\/"},"modified":"2025-08-02T15:20:26","modified_gmt":"2025-08-02T14:20:26","slug":"tws-bluetooth-5-0-ecouteurs-intra-auriculaires-sans-fil-controle-tactile","status":"publish","type":"product","link":"https:\/\/espacetechnologie.ma\/ar\/product\/tws-bluetooth-5-0-ecouteurs-intra-auriculaires-sans-fil-controle-tactile\/","title":{"rendered":"TWS Bluetooth 5.0 \u00e9couteurs intra-auriculaires sans fil contr\u00f4le tactile"},"content":{"rendered":"<p>Fen\u00eatre Pop-up pour IOS (besoin de sortir les \u00e9couteurs<br \/>\nPrend en charge le renommage et l&#8217;emplacement GPS.<br \/>\nLes appels binauraux, les \u00e9couteurs gauche et droit peuvent \u00eatre utilis\u00e9s s\u00e9par\u00e9ment.<br \/>\nPaire automatique\/connexion automatique<br \/>\nBouton de commande tactile multifonction<br \/>\nParfaitement compatible avec le syst\u00e8me IOS et Android.<\/p>","protected":false},"excerpt":{"rendered":"<p>Fen\u00eatre Pop-up pour IOS (besoin de sortir les \u00e9couteurs Prend en charge le renommage et l&#8217;emplacement GPS. Les appels binauraux, les \u00e9couteurs gauche et droit peuvent \u00eatre utilis\u00e9s s\u00e9par\u00e9ment. Paire automatique\/connexion automatique Bouton de commande tactile multifonction Parfaitement compatible avec le syst\u00e8me IOS et Android.<\/p>","protected":false},"featured_media":6087,"comment_status":"open","ping_status":"closed","template":"","meta":{"event_title":"","event_details":"","event_timezone":"","event_gmap":"","event_image":"","event_image_url":"","event_calendar_link":"","event_location":"","event_datetime_with_summary":"","event_datetime":"","event_date_type":"","event_rulesummary":"","event_ticket_rsvp":"","_gspb_post_css":""},"product_brand":[],"product_cat":[107,109],"product_tag":[],"class_list":{"0":"post-6088","1":"product","2":"type-product","3":"status-publish","4":"has-post-thumbnail","6":"product_cat-audio","7":"product_cat-ecouteurs-sans-fil","9":"first","10":"instock","11":"sale","12":"shipping-taxable","13":"purchasable","14":"product-type-simple"},"jetpack_sharing_enabled":true,"_links":{"self":[{"href":"https:\/\/espacetechnologie.ma\/ar\/wp-json\/wp\/v2\/product\/6088","targetHints":{"allow":["GET"]}}],"collection":[{"href":"https:\/\/espacetechnologie.ma\/ar\/wp-json\/wp\/v2\/product"}],"about":[{"href":"https:\/\/espacetechnologie.ma\/ar\/wp-json\/wp\/v2\/types\/product"}],"replies":[{"embeddable":true,"href":"https:\/\/espacetechnologie.ma\/ar\/wp-json\/wp\/v2\/comments?post=6088"}],"wp:featuredmedia":[{"embeddable":true,"href":"https:\/\/espacetechnologie.ma\/ar\/wp-json\/wp\/v2\/media\/6087"}],"wp:attachment":[{"href":"https:\/\/espacetechnologie.ma\/ar\/wp-json\/wp\/v2\/media?parent=6088"}],"wp:term":[{"taxonomy":"product_brand","embeddable":true,"href":"https:\/\/espacetechnologie.ma\/ar\/wp-json\/wp\/v2\/product_brand?post=6088"},{"taxonomy":"product_cat","embeddable":true,"href":"https:\/\/espacetechnologie.ma\/ar\/wp-json\/wp\/v2\/product_cat?post=6088"},{"taxonomy":"product_tag","embeddable":true,"href":"https:\/\/espacetechnologie.ma\/ar\/wp-json\/wp\/v2\/product_tag?post=6088"}],"curies":[{"name":"wp","href":"https:\/\/api.w.org\/{rel}","templated":true}]}}