{"id":6085,"date":"2025-07-08T15:18:07","date_gmt":"2025-07-08T14:18:07","guid":{"rendered":"https:\/\/espacetechnologie.ma\/product\/%d8%a7%d9%84%d9%85%d9%8a%d9%83%d8%b1%d9%88%d9%81%d9%88%d9%86-%d9%84%d8%aa%d8%af%d8%b1%d9%8a%d8%b3-%d8%a7%d9%84%d9%85%d8%ad%d8%a7%d8%b6%d8%b1%d8%a7%d8%aa-%d8%a7%d9%84%d9%81%d9%8a%d8%af%d9%8a%d9%88\/"},"modified":"2025-08-03T07:30:35","modified_gmt":"2025-08-03T06:30:35","slug":"%d8%a7%d9%84%d9%85%d9%8a%d9%83%d8%b1%d9%88%d9%81%d9%88%d9%86-%d9%84%d8%aa%d8%af%d8%b1%d9%8a%d8%b3-%d8%a7%d9%84%d9%85%d8%ad%d8%a7%d8%b6%d8%b1%d8%a7%d8%aa-%d8%a7%d9%84%d9%81%d9%8a%d8%af%d9%8a%d9%88","status":"publish","type":"product","link":"https:\/\/espacetechnologie.ma\/ar\/product\/%d8%a7%d9%84%d9%85%d9%8a%d9%83%d8%b1%d9%88%d9%81%d9%88%d9%86-%d9%84%d8%aa%d8%af%d8%b1%d9%8a%d8%b3-%d8%a7%d9%84%d9%85%d8%ad%d8%a7%d8%b6%d8%b1%d8%a7%d8%aa-%d8%a7%d9%84%d9%81%d9%8a%d8%af%d9%8a%d9%88\/","title":{"rendered":"\u0627\u0644\u0645\u064a\u0643\u0631\u0648\u0641\u0648\u0646 \u0644\u062a\u062f\u0631\u064a\u0633 \u0627\u0644\u0645\u062d\u0627\u0636\u0631\u0627\u062a \/ \u0627\u0644\u0641\u064a\u062f\u064a\u0648"},"content":{"rendered":"<p>Mic Diam\u00e8tre : 12 (plus ou moins 1mm) x<br \/>\n12 (plus ou moins 1mm) x 15mm<br \/>\nImp\u00e9dance : 40K Omega<br \/>\nSensibilit\u00e9 : -47dbm (plus ou moins<br \/>\n3dbm)<br \/>\nDiam\u00e8tre de la prise : 3.5mm<br \/>\nC\u00e2ble Longueur : 1.1m<br \/>\nR\u00e9ponse en fr\u00e9quence : 20Hz &#8211; 20KHz<\/p>","protected":false},"excerpt":{"rendered":"<p>Mic Diam\u00e8tre : 12 (plus ou moins 1mm) x 12 (plus ou moins 1mm) x 15mm Imp\u00e9dance : 40K Omega Sensibilit\u00e9 : -47dbm (plus ou moins 3dbm) Diam\u00e8tre de la prise : 3.5mm C\u00e2ble Longueur : 1.1m R\u00e9ponse en fr\u00e9quence : 20Hz &#8211; 20KHz<\/p>","protected":false},"featured_media":6084,"comment_status":"open","ping_status":"closed","template":"","meta":{"event_title":"","event_details":"","event_timezone":"","event_gmap":"","event_image":"","event_image_url":"","event_calendar_link":"","event_location":"","event_datetime_with_summary":"","event_datetime":"","event_date_type":"","event_rulesummary":"","event_ticket_rsvp":"","_gspb_post_css":""},"product_brand":[],"product_cat":[107,111],"product_tag":[],"class_list":{"0":"post-6085","1":"product","2":"type-product","3":"status-publish","4":"has-post-thumbnail","6":"product_cat-audio","7":"product_cat-microphones","9":"first","10":"instock","11":"sale","12":"shipping-taxable","13":"purchasable","14":"product-type-simple"},"jetpack_sharing_enabled":true,"_links":{"self":[{"href":"https:\/\/espacetechnologie.ma\/ar\/wp-json\/wp\/v2\/product\/6085","targetHints":{"allow":["GET"]}}],"collection":[{"href":"https:\/\/espacetechnologie.ma\/ar\/wp-json\/wp\/v2\/product"}],"about":[{"href":"https:\/\/espacetechnologie.ma\/ar\/wp-json\/wp\/v2\/types\/product"}],"replies":[{"embeddable":true,"href":"https:\/\/espacetechnologie.ma\/ar\/wp-json\/wp\/v2\/comments?post=6085"}],"wp:featuredmedia":[{"embeddable":true,"href":"https:\/\/espacetechnologie.ma\/ar\/wp-json\/wp\/v2\/media\/6084"}],"wp:attachment":[{"href":"https:\/\/espacetechnologie.ma\/ar\/wp-json\/wp\/v2\/media?parent=6085"}],"wp:term":[{"taxonomy":"product_brand","embeddable":true,"href":"https:\/\/espacetechnologie.ma\/ar\/wp-json\/wp\/v2\/product_brand?post=6085"},{"taxonomy":"product_cat","embeddable":true,"href":"https:\/\/espacetechnologie.ma\/ar\/wp-json\/wp\/v2\/product_cat?post=6085"},{"taxonomy":"product_tag","embeddable":true,"href":"https:\/\/espacetechnologie.ma\/ar\/wp-json\/wp\/v2\/product_tag?post=6085"}],"curies":[{"name":"wp","href":"https:\/\/api.w.org\/{rel}","templated":true}]}}