{"id":6074,"date":"2025-07-08T15:18:05","date_gmt":"2025-07-08T14:18:05","guid":{"rendered":"https:\/\/espacetechnologie.ma\/product\/328-piecesde-tubes-thermoretractables-en-polyolefine\/"},"modified":"2025-08-02T12:51:15","modified_gmt":"2025-08-02T11:51:15","slug":"328-piecesde-tubes-thermoretractables-en-polyolefine","status":"publish","type":"product","link":"https:\/\/espacetechnologie.ma\/ar\/product\/328-piecesde-tubes-thermoretractables-en-polyolefine\/","title":{"rendered":"328 pi\u00e8ces,de tubes thermor\u00e9tractables en polyol\u00e9fine"},"content":{"rendered":"<p>Kit d&#8217;emballage thermor\u00e9tractable pour Tube thermor\u00e9sistant, gaine r\u00e9tractable pour voiture, enveloppe de fil, manchon assorti, isolation de c\u00e2ble, 8 tailles, 328 pi\u00e8ces<br \/>\nDescription:<br \/>\nModule: Kit d&#8217;emballage thermor\u00e9tractable<br \/>\nCouleur: jaune\/noir\/rouge\/vert<br \/>\nQuantit\u00e9: 328Pcs<br \/>\nLe produit est \u00e9galement conforme \u00e0 la norme RoHS.<br \/>\nLe sac de rangement en plastique translucide Compact avec loquet moul\u00e9 pour \u00e9viter les d\u00e9versements ainsi que les compartiments \u00e9tiquet\u00e9s avec la taille en font un article pratique pour le banc de travail ou le van de technicien ou d&rsquo;amoureux.<br \/>\nCaract\u00e9ristique:<br \/>\n1. R\u00e9sistant \u00e0 l&rsquo;usure et \u00e9tanche<br \/>\n2. protection douce de l&rsquo;environnement<br \/>\n3. protection contre la corrosion d&rsquo;isolation<br \/>\nLe forfait Comprend:<br \/>\nKit thermor\u00e9tractable de 8 tailles, 328 pi\u00e8ces (jaune\/noir\/rouge\/vert)<br \/>\n(Sac)<br \/>\nQuantit\u00e9: au choix!!<br \/>\n(Nous avons beaucoup de Stocks, si vous avez besoin de plus, veuillez nous contacter.)<\/p>","protected":false},"excerpt":{"rendered":"<p>Ceci est un kit de tube r\u00e9tractable \u00e0 la chaleur, comprend 164pcs.<br \/>\nAnti-fuites, r\u00e9sistant \u00e0 la corrosion, r\u00e9sistant \u00e0 l&rsquo;usure.<br \/>\nProtection d&rsquo;\u00e9tanch\u00e9it\u00e9, imperm\u00e9able \u00e0 l&rsquo;eau, le faisceau de fils \u00e0 brins multiples.<br \/>\nTaux R\u00e9tr\u00e9cissement: 2: 1, pratique \u00e0 utiliser.<br \/>\nlargement utilis\u00e9s dans le c\u00e2ble de raccordement, la protection des articulations soudure, protection contre la corrosion, la protection de l&rsquo;isolation, etc.<\/p>","protected":false},"featured_media":6073,"comment_status":"open","ping_status":"closed","template":"","meta":{"event_title":"","event_details":"","event_timezone":"","event_gmap":"","event_image":"","event_image_url":"","event_calendar_link":"","event_location":"","event_datetime_with_summary":"","event_datetime":"","event_date_type":"","event_rulesummary":"","event_ticket_rsvp":"","_gspb_post_css":""},"product_brand":[],"product_cat":[82],"product_tag":[],"class_list":{"0":"post-6074","1":"product","2":"type-product","3":"status-publish","4":"has-post-thumbnail","6":"product_cat-gadgets","8":"first","9":"instock","10":"sale","11":"shipping-taxable","12":"purchasable","13":"product-type-simple"},"jetpack_sharing_enabled":true,"_links":{"self":[{"href":"https:\/\/espacetechnologie.ma\/ar\/wp-json\/wp\/v2\/product\/6074","targetHints":{"allow":["GET"]}}],"collection":[{"href":"https:\/\/espacetechnologie.ma\/ar\/wp-json\/wp\/v2\/product"}],"about":[{"href":"https:\/\/espacetechnologie.ma\/ar\/wp-json\/wp\/v2\/types\/product"}],"replies":[{"embeddable":true,"href":"https:\/\/espacetechnologie.ma\/ar\/wp-json\/wp\/v2\/comments?post=6074"}],"wp:featuredmedia":[{"embeddable":true,"href":"https:\/\/espacetechnologie.ma\/ar\/wp-json\/wp\/v2\/media\/6073"}],"wp:attachment":[{"href":"https:\/\/espacetechnologie.ma\/ar\/wp-json\/wp\/v2\/media?parent=6074"}],"wp:term":[{"taxonomy":"product_brand","embeddable":true,"href":"https:\/\/espacetechnologie.ma\/ar\/wp-json\/wp\/v2\/product_brand?post=6074"},{"taxonomy":"product_cat","embeddable":true,"href":"https:\/\/espacetechnologie.ma\/ar\/wp-json\/wp\/v2\/product_cat?post=6074"},{"taxonomy":"product_tag","embeddable":true,"href":"https:\/\/espacetechnologie.ma\/ar\/wp-json\/wp\/v2\/product_tag?post=6074"}],"curies":[{"name":"wp","href":"https:\/\/api.w.org\/{rel}","templated":true}]}}