{"id":6051,"date":"2025-07-08T15:17:59","date_gmt":"2025-07-08T14:17:59","guid":{"rendered":"https:\/\/espacetechnologie.ma\/product\/axon-%d9%85%d8%b9%d9%8a%d9%86%d8%a7%d8%aa-%d8%b3%d9%85%d8%b9%d9%8a%d8%a9-%d9%82%d8%a7%d8%a8%d9%84%d8%a9-%d9%84%d8%a5%d8%b9%d8%a7%d8%af%d8%a9-%d8%a7%d9%84%d8%b4%d8%ad%d9%86-%d8%8c-%d9%85%d8%b9-%d9%85\/"},"modified":"2025-08-02T12:51:14","modified_gmt":"2025-08-02T11:51:14","slug":"axon-%d9%85%d8%b9%d9%8a%d9%86%d8%a7%d8%aa-%d8%b3%d9%85%d8%b9%d9%8a%d8%a9-%d9%82%d8%a7%d8%a8%d9%84%d8%a9-%d9%84%d8%a5%d8%b9%d8%a7%d8%af%d8%a9-%d8%a7%d9%84%d8%b4%d8%ad%d9%86-%d8%8c-%d9%85%d8%b9-%d9%85","status":"publish","type":"product","link":"https:\/\/espacetechnologie.ma\/ar\/product\/axon-%d9%85%d8%b9%d9%8a%d9%86%d8%a7%d8%aa-%d8%b3%d9%85%d8%b9%d9%8a%d8%a9-%d9%82%d8%a7%d8%a8%d9%84%d8%a9-%d9%84%d8%a5%d8%b9%d8%a7%d8%af%d8%a9-%d8%a7%d9%84%d8%b4%d8%ad%d9%86-%d8%8c-%d9%85%d8%b9-%d9%85\/","title":{"rendered":"Axon \u0645\u0639\u064a\u0646\u0627\u062a \u0633\u0645\u0639\u064a\u0629 \u0642\u0627\u0628\u0644\u0629 \u0644\u0625\u0639\u0627\u062f\u0629 \u0627\u0644\u0634\u062d\u0646 \u060c \u0645\u0639 \u0645\u062d\u0641\u0636\u0629 \u0644\u0644\u062a\u062e\u0632\u064a\u0646"},"content":{"rendered":"<p>Description:<br \/>\nCe mini amplificateur de son vous offrira une amplification sonore pr\u00e9cise. Rechargeable par USB, simple \u00e0 utiliser, il sera pratique pour une utilisation quotidienne et en voyage. Vous reprendrez le plaisir de profiter de la musique, des films et des programmes de t\u00e9l\u00e9vision avec. Venez jeter un oeil.<\/p>\n<p>Caract\u00e9ristiques:<br \/>\nLivr\u00e9 avec des bouchons d&rsquo;oreille en silicone de 3 tailles diff\u00e9rentes, pas facile \u00e0 glisser, il sera tr\u00e8s confortable \u00e0 porter pendant longtemps.<br \/>\nVolume r\u00e9glable, vous pouvez augmenter le volume de bas en haut pour r\u00e9pondre \u00e0 vos besoins avec le mini b\u00e2ton.<br \/>\nQualit\u00e9 fiable, fabriqu\u00e9 en mat\u00e9riau convivial, flexible, s\u00fbr \u00e0 porter sans endommager le conduit auditif.<br \/>\nFacile \u00e0 utiliser, vous aidant \u00e0 retrouver le plaisir de profiter de la musique, des films et des programmes de t\u00e9l\u00e9vision.<br \/>\nPortable, \u00e9quip\u00e9 d&rsquo;une lani\u00e8re et d&rsquo;une mallette de rangement, pratique \u00e0 transporter.<br \/>\nRechargeable, simple pour vous de le rendre plein de puissance.<\/p>\n<p>Sp\u00e9cifications:<br \/>\nType: Aide Auditive<br \/>\nMat\u00e9riau: Gel de silice; ABS; M\u00e9tal<br \/>\nCouleur: Kaki<br \/>\nSortie sonore maximale: 125 \u00b1 4db<br \/>\nHarmonique totale Distorsion D&rsquo;onde<br \/>\nGain sonore: \u2265 38dB<br \/>\nGamme de fr\u00e9quence: 450 ~ 3500Hz<br \/>\nBruit d&rsquo;entr\u00e9e: \u2264 30dB<br \/>\nTension Ni-MH: cc 1.2V<br \/>\nCourant de fonctionnement: \u2264 2mA<br \/>\nTaille de l&#8217;emballage: env. 14.2*10*5cm \/ 5.59*3.94 * 1.97in<br \/>\nPoids du colis: env. 176g \/ 6.21oz<br \/>\nListe de paquet:<br \/>\n1 * Aide auditive<br \/>\n1 * adaptateur (prise ue)<br \/>\n1 * C\u00e2ble USB<br \/>\n3 * bouchons d&rsquo;oreilles<br \/>\n1 * lani\u00e8re<br \/>\n1 * b\u00e2ton de r\u00e9glage du Volume<br \/>\n1 * manuel d&rsquo;utilisation en anglais<br \/>\n1 * Aide auditive<br \/>\n1 * adaptateur (prise ue)<br \/>\n1 * C\u00e2ble USB<br \/>\n3 * bouchons d&rsquo;oreilles<br \/>\n1 * lani\u00e8re<br \/>\n1 * manuel d&rsquo;utilisation en anglais<\/p>","protected":false},"excerpt":{"rendered":"<p>Mat\u00e9riau: Gel de silice; ABS; M\u00e9tal<br \/>\nCouleur: Kaki<br \/>\nSortie sonore maximale: 125 \u00b1 4db<br \/>\nHarmonique totale Distorsion D&rsquo;onde<br \/>\nGain sonore: \u2265 38dB<br \/>\nGamme de fr\u00e9quence: 450 ~ 3500Hz<br \/>\nBruit d&rsquo;entr\u00e9e: \u2264 30dB<br \/>\nTension Ni-MH: cc 1.2V<br \/>\nCourant de fonctionnement: \u2264 2mA<br \/>\nTaille de l&#8217;emballage: env. 14.2*10*5cm \/ 5.59*3.94 * 1.97in<br \/>\nPoids du colis: env. 176g \/ 6.21oz<\/p>","protected":false},"featured_media":6050,"comment_status":"open","ping_status":"closed","template":"","meta":{"event_title":"","event_details":"","event_timezone":"","event_gmap":"","event_image":"","event_image_url":"","event_calendar_link":"","event_location":"","event_datetime_with_summary":"","event_datetime":"","event_date_type":"","event_rulesummary":"","event_ticket_rsvp":"","_gspb_post_css":""},"product_brand":[],"product_cat":[82],"product_tag":[],"class_list":{"0":"post-6051","1":"product","2":"type-product","3":"status-publish","4":"has-post-thumbnail","6":"product_cat-gadgets","8":"first","9":"instock","10":"sale","11":"shipping-taxable","12":"purchasable","13":"product-type-simple"},"jetpack_sharing_enabled":true,"_links":{"self":[{"href":"https:\/\/espacetechnologie.ma\/ar\/wp-json\/wp\/v2\/product\/6051","targetHints":{"allow":["GET"]}}],"collection":[{"href":"https:\/\/espacetechnologie.ma\/ar\/wp-json\/wp\/v2\/product"}],"about":[{"href":"https:\/\/espacetechnologie.ma\/ar\/wp-json\/wp\/v2\/types\/product"}],"replies":[{"embeddable":true,"href":"https:\/\/espacetechnologie.ma\/ar\/wp-json\/wp\/v2\/comments?post=6051"}],"wp:featuredmedia":[{"embeddable":true,"href":"https:\/\/espacetechnologie.ma\/ar\/wp-json\/wp\/v2\/media\/6050"}],"wp:attachment":[{"href":"https:\/\/espacetechnologie.ma\/ar\/wp-json\/wp\/v2\/media?parent=6051"}],"wp:term":[{"taxonomy":"product_brand","embeddable":true,"href":"https:\/\/espacetechnologie.ma\/ar\/wp-json\/wp\/v2\/product_brand?post=6051"},{"taxonomy":"product_cat","embeddable":true,"href":"https:\/\/espacetechnologie.ma\/ar\/wp-json\/wp\/v2\/product_cat?post=6051"},{"taxonomy":"product_tag","embeddable":true,"href":"https:\/\/espacetechnologie.ma\/ar\/wp-json\/wp\/v2\/product_tag?post=6051"}],"curies":[{"name":"wp","href":"https:\/\/api.w.org\/{rel}","templated":true}]}}