{"id":6043,"date":"2025-07-08T15:17:57","date_gmt":"2025-07-08T14:17:57","guid":{"rendered":"https:\/\/espacetechnologie.ma\/product\/microphone-a-condensateur-usb-professionnel-enregistrement-studio-pour-pc-ordinateur-portable-2\/"},"modified":"2025-08-02T15:25:13","modified_gmt":"2025-08-02T14:25:13","slug":"microphone-a-condensateur-usb-professionnel-enregistrement-studio-pour-pc-ordinateur-portable-2","status":"publish","type":"product","link":"https:\/\/espacetechnologie.ma\/ar\/product\/microphone-a-condensateur-usb-professionnel-enregistrement-studio-pour-pc-ordinateur-portable-2\/","title":{"rendered":"Microphone \u00e0 condensateur USB professionnel, enregistrement, Studio, pour PC, ordinateur portable"},"content":{"rendered":"<p>Microphone \u00e0 condensateur USB professionnel, enregistrement, Studio, pour PC, ordinateur portable, Podcasting, voix, support de micro Youtobe<br \/>\nCaract\u00e9ristiques<br \/>\n1. Plug and play, microphone \u00e0 condensateur, haute sensibilit\u00e9, commande vocale par bouton de r\u00e9glage, compatibilit\u00e9 intelligente.<br \/>\n2. port de connexion USB, fournit un mode de connexion stable et restaure d&rsquo;\u00e9chantillonnage sonore.<br \/>\n3. Pointage en forme de c\u0153ur, s\u00e9lection pr\u00e9cise du son; Avec voyant LED, affiche l&rsquo;indication d&rsquo;alimentation USB.<br \/>\n4. La conception de grille multicouche emp\u00eache la poussi\u00e8re et r\u00e9duit le bruit cass\u00e9.<br \/>\nEmballage<br \/>\n1PC * Microphone \u00e0 condensateur USB<br \/>\n1 pi\u00e8ce * support de tr\u00e9pied<br \/>\n1 pi\u00e8ce * anneau de support rotatif<br \/>\n1PC * c\u00e2ble de chargement USB<br \/>\n1 pi\u00e8ce * manuel en anglais<br \/>\n\u2022 Plug and play, microphone \u00e0 condensateur, haute   sensibilit\u00e9, commande vocale par bouton de r\u00e9glage, compatibilit\u00e9 intelligente.<br \/>\n\u2022  port de connexion USB, fournit un mode de connexion stable et restaure d&rsquo;\u00e9chantillonnage sonore.<br \/>\n\u2022 Pointage en forme de c\u0153ur, s\u00e9lection pr\u00e9cise du son;  Avec voyant LED, affiche l&rsquo;indication d&rsquo;alimentation  USB.<br \/>\n\u2022 La conception de grille multicouche emp\u00eache la poussi\u00e8re et r\u00e9duit le bruit cass\u00e9.<br \/>\n1 * Cantilever support<br \/>\n1 * filet de pr\u00e9vention des \u00e9ruptions<br \/>\n1 * c\u00e2ble audio du Microphone<br \/>\n1 * Base<br \/>\n1 * boule d&rsquo;\u00e9ponge<br \/>\n1 * Microphone<\/p>","protected":false},"excerpt":{"rendered":"<p>Microphone \u00e0 condensateur USB professionnel, enregistrement, Studio, pour PC, ordinateur portable, Podcasting, voix, support de micro Youtobe Caract\u00e9ristiques 1. Plug and play, microphone \u00e0 condensateur, haute sensibilit\u00e9, commande vocale par bouton de r\u00e9glage, compatibilit\u00e9 intelligente. 2. port de connexion USB, fournit un mode de connexion stable et restaure d&rsquo;\u00e9chantillonnage sonore. 3. Pointage en forme de [&hellip;]<\/p>\n","protected":false},"featured_media":6042,"comment_status":"open","ping_status":"closed","template":"","meta":{"event_title":"","event_details":"","event_timezone":"","event_gmap":"","event_image":"","event_image_url":"","event_calendar_link":"","event_location":"","event_datetime_with_summary":"","event_datetime":"","event_date_type":"","event_rulesummary":"","event_ticket_rsvp":"","_gspb_post_css":""},"product_brand":[],"product_cat":[107,111],"product_tag":[],"class_list":{"0":"post-6043","1":"product","2":"type-product","3":"status-publish","4":"has-post-thumbnail","6":"product_cat-audio","7":"product_cat-microphones","9":"first","10":"instock","11":"sale","12":"shipping-taxable","13":"purchasable","14":"product-type-simple"},"jetpack_sharing_enabled":true,"_links":{"self":[{"href":"https:\/\/espacetechnologie.ma\/ar\/wp-json\/wp\/v2\/product\/6043","targetHints":{"allow":["GET"]}}],"collection":[{"href":"https:\/\/espacetechnologie.ma\/ar\/wp-json\/wp\/v2\/product"}],"about":[{"href":"https:\/\/espacetechnologie.ma\/ar\/wp-json\/wp\/v2\/types\/product"}],"replies":[{"embeddable":true,"href":"https:\/\/espacetechnologie.ma\/ar\/wp-json\/wp\/v2\/comments?post=6043"}],"wp:featuredmedia":[{"embeddable":true,"href":"https:\/\/espacetechnologie.ma\/ar\/wp-json\/wp\/v2\/media\/6042"}],"wp:attachment":[{"href":"https:\/\/espacetechnologie.ma\/ar\/wp-json\/wp\/v2\/media?parent=6043"}],"wp:term":[{"taxonomy":"product_brand","embeddable":true,"href":"https:\/\/espacetechnologie.ma\/ar\/wp-json\/wp\/v2\/product_brand?post=6043"},{"taxonomy":"product_cat","embeddable":true,"href":"https:\/\/espacetechnologie.ma\/ar\/wp-json\/wp\/v2\/product_cat?post=6043"},{"taxonomy":"product_tag","embeddable":true,"href":"https:\/\/espacetechnologie.ma\/ar\/wp-json\/wp\/v2\/product_tag?post=6043"}],"curies":[{"name":"wp","href":"https:\/\/api.w.org\/{rel}","templated":true}]}}