{"id":6028,"date":"2025-07-08T15:17:54","date_gmt":"2025-07-08T14:17:54","guid":{"rendered":"https:\/\/espacetechnologie.ma\/product\/cable-hdmi-48gbps-version-2-1-8k60hz-cable-ordinateur-tv-projection-video-hd-cable-2\/"},"modified":"2025-08-02T15:59:38","modified_gmt":"2025-08-02T14:59:38","slug":"cable-hdmi-48gbps-version-2-1-8k60hz-cable-ordinateur-tv-projection-video-hd-cable-2","status":"publish","type":"product","link":"https:\/\/espacetechnologie.ma\/ar\/product\/cable-hdmi-48gbps-version-2-1-8k60hz-cable-ordinateur-tv-projection-video-hd-cable-2\/","title":{"rendered":"C\u00e2ble HDMI 48Gbps Version 2.1 8k60hz C\u00e2ble Ordinateur TV Projection Vid\u00e9o HD C\u00e2ble"},"content":{"rendered":"<p>Gender:Male-Male<br \/>\nModel Number:HDMI 2.1<br \/>\nConnector A:HDMI<br \/>\nConnector B:HDMI<br \/>\nType:HDMI Cables<br \/>\nVersion:HDMI 2.1<br \/>\nShielding:Braid<br \/>\nPackage:Yes<br \/>\nBundle:Bundle 1<br \/>\nFeature:HDMI2.0<br \/>\nHDMI version:hdmi hdmi 2.1 8K 60Hz 8K 120Hz<br \/>\n8K:8K hdmi 2.1 splitter<br \/>\neARC:hdmi cable 2.1 eARC<br \/>\nDynamic HDR:2.1 hdmi Dynamic HDR<br \/>\n48 Gbps:48 Gbps 2.1 hdmi cables<br \/>\nQMS:2.1 hdmi cables Quick Media Switching (QMS)<br \/>\nHDCP 2.2:2.1 hdmi HDCP 2.2<br \/>\nRGB:RGB 4:4:4 hdmi cable 2.1<br \/>\nVRR:HDMI 2.1 Variable Refresh Rate (VRR)<br \/>\nQFT:2.1 hdmi cable Quick Frame Transport (QFT)<\/p>","protected":false},"excerpt":{"rendered":"<p>HDMI 2.1 c\u00e2ble r\u00e9el 8K m\u00e2le \u00e0 m\u00e2le c\u00e2bles pour Xiaomi projecteur nintention commutateur PS4 t\u00e9l\u00e9vision TVBox xbox 360 1m 2m 5m c\u00e2ble HDMI<br \/>\nNom du produit: la derni\u00e8re version 2.1 HDMI HD c\u00e2ble<br \/>\nSp\u00e9cification du fil: le fil de terre blind\u00e9 haute densit\u00e9 28AWG n&rsquo;est pas isol\u00e9<br \/>\nMat\u00e9riau du connecteur: Version 2.1 avec connecteur blind\u00e9 bo\u00eetier en alliage de Zinc<br \/>\nCouverture ext\u00e9rieure de fil: cuivre sans oxyg\u00e8ne de grande puret\u00e9 de couverture ext\u00e9rieure de PVC + conducteur en cuivre \u00e9tam\u00e9 + filet protecteur en nylon de haute qualit\u00e9<br \/>\nType d&rsquo;interface: A-A HDMI Standard<br \/>\nEmballage du produit: sac en os composite de couleur<br \/>\nProcessus de produit: protection de bouche de cheval + essai d&rsquo;iem de soudure de circonf\u00e9rence d&rsquo;aluminium de cuivre<br \/>\nChamp d&rsquo;application: tous les appareils avec interface HDMI peuvent \u00eatre connect\u00e9s avec un c\u00e2ble HDMI, tels que: lecteur DVD connect\u00e9 \u00e0 HDTV, lecteur HD de projecteur, ordinateur avec interface HDMI connect\u00e9 \u00e0 HDTV, projecteur, console de jeu PS3 connect\u00e9e \u00e0 tvhd, projecteur\u2026<br \/>\nLa r\u00e9solution de la norme vid\u00e9o 8K est d\u00e9finie comme 7680 \u00d7 4320, soit 16 fois la r\u00e9solution de 2K. Chaque cadre a plus de 33 millions de pixels. Son effet ultra-haute d\u00e9finition peut apporter un plaisir de visualisation immersif. Compar\u00e9 \u00e0 la vid\u00e9o 4K ascendante d&rsquo;aujourd&rsquo;hui, 8K est non seulement sup\u00e9rieur en r\u00e9solution, mais a \u00e9galement des exigences techniques strictes dans les installations mat\u00e9rielles telles que les dispositifs d&rsquo;affichage et les lignes de transmission.<\/p>","protected":false},"featured_media":6027,"comment_status":"open","ping_status":"closed","template":"","meta":{"event_title":"","event_details":"","event_timezone":"","event_gmap":"","event_image":"","event_image_url":"","event_calendar_link":"","event_location":"","event_datetime_with_summary":"","event_datetime":"","event_date_type":"","event_rulesummary":"","event_ticket_rsvp":"","_gspb_post_css":""},"product_brand":[],"product_cat":[124,123],"product_tag":[],"class_list":{"0":"post-6028","1":"product","2":"type-product","3":"status-publish","4":"has-post-thumbnail","6":"product_cat-cables-tv","7":"product_cat-tv","9":"first","10":"instock","11":"sale","12":"shipping-taxable","13":"purchasable","14":"product-type-simple"},"jetpack_sharing_enabled":true,"_links":{"self":[{"href":"https:\/\/espacetechnologie.ma\/ar\/wp-json\/wp\/v2\/product\/6028","targetHints":{"allow":["GET"]}}],"collection":[{"href":"https:\/\/espacetechnologie.ma\/ar\/wp-json\/wp\/v2\/product"}],"about":[{"href":"https:\/\/espacetechnologie.ma\/ar\/wp-json\/wp\/v2\/types\/product"}],"replies":[{"embeddable":true,"href":"https:\/\/espacetechnologie.ma\/ar\/wp-json\/wp\/v2\/comments?post=6028"}],"wp:featuredmedia":[{"embeddable":true,"href":"https:\/\/espacetechnologie.ma\/ar\/wp-json\/wp\/v2\/media\/6027"}],"wp:attachment":[{"href":"https:\/\/espacetechnologie.ma\/ar\/wp-json\/wp\/v2\/media?parent=6028"}],"wp:term":[{"taxonomy":"product_brand","embeddable":true,"href":"https:\/\/espacetechnologie.ma\/ar\/wp-json\/wp\/v2\/product_brand?post=6028"},{"taxonomy":"product_cat","embeddable":true,"href":"https:\/\/espacetechnologie.ma\/ar\/wp-json\/wp\/v2\/product_cat?post=6028"},{"taxonomy":"product_tag","embeddable":true,"href":"https:\/\/espacetechnologie.ma\/ar\/wp-json\/wp\/v2\/product_tag?post=6028"}],"curies":[{"name":"wp","href":"https:\/\/api.w.org\/{rel}","templated":true}]}}