{"id":6010,"date":"2025-07-08T15:17:51","date_gmt":"2025-07-08T14:17:51","guid":{"rendered":"https:\/\/espacetechnologie.ma\/product\/%d9%85%d9%8a%d9%83%d8%b1%d9%88%d9%81%d9%88%d9%86-%d9%85%d8%ad%d8%aa%d8%b1%d9%81-bm-800-original-kit-studio-%d9%85%d8%b9-%d8%ad%d8%a7%d9%85%d9%84-%d8%b5%d9%88%d8%aa\/"},"modified":"2025-08-02T15:08:20","modified_gmt":"2025-08-02T14:08:20","slug":"%d9%85%d9%8a%d9%83%d8%b1%d9%88%d9%81%d9%88%d9%86-%d9%85%d8%ad%d8%aa%d8%b1%d9%81-bm-800-original-kit-studio-%d9%85%d8%b9-%d8%ad%d8%a7%d9%85%d9%84-%d8%b5%d9%88%d8%aa","status":"publish","type":"product","link":"https:\/\/espacetechnologie.ma\/ar\/product\/%d9%85%d9%8a%d9%83%d8%b1%d9%88%d9%81%d9%88%d9%86-%d9%85%d8%ad%d8%aa%d8%b1%d9%81-bm-800-original-kit-studio-%d9%85%d8%b9-%d8%ad%d8%a7%d9%85%d9%84-%d8%b5%d9%88%d8%aa\/","title":{"rendered":"\u0645\u064a\u0643\u0631\u0648\u0641\u0648\u0646 \u0645\u062d\u062a\u0631\u0641 BM 800 Original Kit Studio \u0645\u0639 \u062d\u0627\u0645\u0644 \u0635\u0648\u062a"},"content":{"rendered":"<p>Microphone BM-800<br \/>\nCouleur: comme indiqu\u00e9.<br \/>\nTaille: 4,5 x 4,5 x 16 cm.<br \/>\nMati\u00e8re: plastique et m\u00e9tal.<br \/>\nMotif polaire: Unidirectionnel<br \/>\nR\u00e9ponse en fr\u00e9quence: 20Hz-20KHz<br \/>\nSensibilit\u00e9: -34dB \u00b1 2dB (0dB = 1V \/Pa \u00e0 1KHz)<br \/>\nImp\u00e9dance de sortie: 150? \u00b1 30% (\u00e0 1kHz)<br \/>\nImp\u00e9dance de charge: ?1000?<br \/>\nNiveau de bruit \u00e9quivalent: 16dBA<br \/>\nMax.SPL: 130dB (\u00e0 1KHz?1% THD)<br \/>\nRapport S \/N: 78dB<br \/>\nCourant \u00e9lectrique: 3mA.<\/p>","protected":false},"excerpt":{"rendered":"<p>Microphone BM-800 Couleur: comme indiqu\u00e9. Taille: 4,5 x 4,5 x 16 cm. Mati\u00e8re: plastique et m\u00e9tal. Motif polaire: Unidirectionnel R\u00e9ponse en fr\u00e9quence: 20Hz-20KHz Sensibilit\u00e9: -34dB \u00b1 2dB (0dB = 1V \/Pa \u00e0 1KHz) Imp\u00e9dance de sortie: 150? \u00b1 30% (\u00e0 1kHz) Imp\u00e9dance de charge: ?1000? Niveau de bruit \u00e9quivalent: 16dBA Max.SPL: 130dB (\u00e0 1KHz?1% THD) [&hellip;]<\/p>\n","protected":false},"featured_media":6009,"comment_status":"open","ping_status":"closed","template":"","meta":{"event_title":"","event_details":"","event_timezone":"","event_gmap":"","event_image":"","event_image_url":"","event_calendar_link":"","event_location":"","event_datetime_with_summary":"","event_datetime":"","event_date_type":"","event_rulesummary":"","event_ticket_rsvp":"","_gspb_post_css":""},"product_brand":[],"product_cat":[107,111],"product_tag":[],"class_list":{"0":"post-6010","1":"product","2":"type-product","3":"status-publish","4":"has-post-thumbnail","6":"product_cat-audio","7":"product_cat-microphones","9":"first","10":"instock","11":"sale","12":"shipping-taxable","13":"purchasable","14":"product-type-simple"},"jetpack_sharing_enabled":true,"_links":{"self":[{"href":"https:\/\/espacetechnologie.ma\/ar\/wp-json\/wp\/v2\/product\/6010","targetHints":{"allow":["GET"]}}],"collection":[{"href":"https:\/\/espacetechnologie.ma\/ar\/wp-json\/wp\/v2\/product"}],"about":[{"href":"https:\/\/espacetechnologie.ma\/ar\/wp-json\/wp\/v2\/types\/product"}],"replies":[{"embeddable":true,"href":"https:\/\/espacetechnologie.ma\/ar\/wp-json\/wp\/v2\/comments?post=6010"}],"wp:featuredmedia":[{"embeddable":true,"href":"https:\/\/espacetechnologie.ma\/ar\/wp-json\/wp\/v2\/media\/6009"}],"wp:attachment":[{"href":"https:\/\/espacetechnologie.ma\/ar\/wp-json\/wp\/v2\/media?parent=6010"}],"wp:term":[{"taxonomy":"product_brand","embeddable":true,"href":"https:\/\/espacetechnologie.ma\/ar\/wp-json\/wp\/v2\/product_brand?post=6010"},{"taxonomy":"product_cat","embeddable":true,"href":"https:\/\/espacetechnologie.ma\/ar\/wp-json\/wp\/v2\/product_cat?post=6010"},{"taxonomy":"product_tag","embeddable":true,"href":"https:\/\/espacetechnologie.ma\/ar\/wp-json\/wp\/v2\/product_tag?post=6010"}],"curies":[{"name":"wp","href":"https:\/\/api.w.org\/{rel}","templated":true}]}}