{"id":6008,"date":"2025-07-08T15:17:51","date_gmt":"2025-07-08T14:17:51","guid":{"rendered":"https:\/\/espacetechnologie.ma\/product\/onikuma-casque-de-jeu-k3-rgb-filaire\/"},"modified":"2025-08-02T15:27:00","modified_gmt":"2025-08-02T14:27:00","slug":"onikuma-casque-de-jeu-k3-rgb-filaire","status":"publish","type":"product","link":"https:\/\/espacetechnologie.ma\/ar\/product\/onikuma-casque-de-jeu-k3-rgb-filaire\/","title":{"rendered":"Onikuma casque de jeu K3 RGB filaire"},"content":{"rendered":"<p>Mod\u00e8le de produit: casque de jeu K3<br \/>\nDiam\u00e8tre de la prise: 3.5mm<br \/>\nType de prise: USB + 3.5mm<br \/>\nPlage de r\u00e9ponse en fr\u00e9quence: 20-20000Hz<br \/>\nSensibilit\u00e9: 105 \u00b1 3 dB<br \/>\nR\u00e9sistance du klaxon: 20 \u00b1 15%<br \/>\nPrise casque: 3.5MM + USB<br \/>\nCasque directivit\u00e9: omnidirectionnel<br \/>\nGamme de fr\u00e9quence: 20Hz20 KHZ<br \/>\nLongueur du fil: 2.4 \u00b1 0.15 m<br \/>\nObjectif: \u00e9couteurs antibruit, \u00e9couteurs audio-visuels de jeu, \u00e9couteurs de jeu, \u00e9couteurs MP3, \u00e9couteurs mobiles, \u00e9couteurs d&rsquo;ordinateur, \u00e9couteurs de sport, \u00e9couteurs de moniteur, \u00e9couteurs de musique, personnalisation professionnelle, \u00e9couteurs ordinaires, \u00c0 usage g\u00e9n\u00e9ral<br \/>\nCouleur: noir<br \/>\nMat\u00e9riel: ABS<br \/>\nTaille: 19.5&#215;18.5x10CM<\/p>","protected":false},"excerpt":{"rendered":"<p>Mod\u00e8le de produit: casque de jeu K3 Diam\u00e8tre de la prise: 3.5mm Type de prise: USB + 3.5mm Plage de r\u00e9ponse en fr\u00e9quence: 20-20000Hz Sensibilit\u00e9: 105 \u00b1 3 dB R\u00e9sistance du klaxon: 20 \u00b1 15% Prise casque: 3.5MM + USB Casque directivit\u00e9: omnidirectionnel Gamme de fr\u00e9quence: 20Hz20 KHZ Longueur du fil: 2.4 \u00b1 0.15 m [&hellip;]<\/p>\n","protected":false},"featured_media":6007,"comment_status":"open","ping_status":"closed","template":"","meta":{"event_title":"","event_details":"","event_timezone":"","event_gmap":"","event_image":"","event_image_url":"","event_calendar_link":"","event_location":"","event_datetime_with_summary":"","event_datetime":"","event_date_type":"","event_rulesummary":"","event_ticket_rsvp":"","_gspb_post_css":""},"product_brand":[],"product_cat":[107,110,129],"product_tag":[],"class_list":{"0":"post-6008","1":"product","2":"type-product","3":"status-publish","4":"has-post-thumbnail","6":"product_cat-audio","7":"product_cat-casques","8":"product_cat-gaming","10":"first","11":"instock","12":"sale","13":"shipping-taxable","14":"purchasable","15":"product-type-simple"},"jetpack_sharing_enabled":true,"_links":{"self":[{"href":"https:\/\/espacetechnologie.ma\/ar\/wp-json\/wp\/v2\/product\/6008","targetHints":{"allow":["GET"]}}],"collection":[{"href":"https:\/\/espacetechnologie.ma\/ar\/wp-json\/wp\/v2\/product"}],"about":[{"href":"https:\/\/espacetechnologie.ma\/ar\/wp-json\/wp\/v2\/types\/product"}],"replies":[{"embeddable":true,"href":"https:\/\/espacetechnologie.ma\/ar\/wp-json\/wp\/v2\/comments?post=6008"}],"wp:featuredmedia":[{"embeddable":true,"href":"https:\/\/espacetechnologie.ma\/ar\/wp-json\/wp\/v2\/media\/6007"}],"wp:attachment":[{"href":"https:\/\/espacetechnologie.ma\/ar\/wp-json\/wp\/v2\/media?parent=6008"}],"wp:term":[{"taxonomy":"product_brand","embeddable":true,"href":"https:\/\/espacetechnologie.ma\/ar\/wp-json\/wp\/v2\/product_brand?post=6008"},{"taxonomy":"product_cat","embeddable":true,"href":"https:\/\/espacetechnologie.ma\/ar\/wp-json\/wp\/v2\/product_cat?post=6008"},{"taxonomy":"product_tag","embeddable":true,"href":"https:\/\/espacetechnologie.ma\/ar\/wp-json\/wp\/v2\/product_tag?post=6008"}],"curies":[{"name":"wp","href":"https:\/\/api.w.org\/{rel}","templated":true}]}}