{"id":6001,"date":"2025-07-08T15:17:49","date_gmt":"2025-07-08T14:17:49","guid":{"rendered":"https:\/\/espacetechnologie.ma\/product\/dk101-sans-fil-ecouteur-bluetooth-mini-ecouteurs-pour-iphone-xiaomi-samsung\/"},"modified":"2025-08-02T15:49:40","modified_gmt":"2025-08-02T14:49:40","slug":"dk101-sans-fil-ecouteur-bluetooth-mini-ecouteurs-pour-iphone-xiaomi-samsung","status":"publish","type":"product","link":"https:\/\/espacetechnologie.ma\/ar\/product\/dk101-sans-fil-ecouteur-bluetooth-mini-ecouteurs-pour-iphone-xiaomi-samsung\/","title":{"rendered":"DK101 sans fil \u00e9couteur Bluetooth Mini \u00e9couteurs pour iPhone Xiaomi Samsung"},"content":{"rendered":"<p>Param\u00e8tres de produit<br \/>\n1. Poids du produit: 4-5g (\u00e9couteurs simples).<br \/>\n2. Temps de travail: 3-3.5 heures.<br \/>\n3. Autonomie en veille: 100\/h pour une oreille et 60\/h pour les deux oreilles.<br \/>\n4. Temps de charge: 1-1.5 heures.<br \/>\n5. Capacit\u00e9 de la batterie des \u00e9couteurs simples: 35mAh.<br \/>\n6. Bo\u00eete de chargeur Betty: 300mAh.<br \/>\n7. distance sans fil: 10m.<br \/>\n8. T\u00e9l\u00e9phones mobiles compatibles: les \u00e9couteurs sont compatibles avec huawei honor Android, IOS, Microsoft, etc., 100% des t\u00e9l\u00e9phones mobiles avec Bluetooth.<br \/>\nProduits comprennent<br \/>\n1 * une paire de casques Bluetooth<br \/>\n1 * bo\u00eete de chargement<br \/>\n1 * c\u00e2ble de charge<br \/>\n1 * manuel d\u2019utilisation<\/p>","protected":false},"excerpt":{"rendered":"<p>Mod\u00e8le: airpods 2 DK101<br \/>\nBluetooth: Bluetooth V 5.0 + EDR<br \/>\nCouleur: (noir, blanc)<br \/>\nFonctions: Bluetooth nouvel appel binaural tactile 5.0, retirer le casque, d\u00e9marrer automatiquement se connecter Configuration: haut avec le vrai haut-parleur d\u2019anneau de cuivre,<br \/>\n1. Jouer bri\u00e8vement (mettre en pause) de la musique\/r\u00e9pondre \u00e0 l\u2019appel;<br \/>\n2. L\u2019\u00e9couteur gauche (droit) appuie sur 3 la prochaine (derni\u00e8re) musique;<br \/>\n3. R\u00e9veillez facilement Siri<br \/>\n4. Annuler la situation ouverte et la fermer \u00e0 la situation ferm\u00e9e;<\/p>","protected":false},"featured_media":6000,"comment_status":"open","ping_status":"closed","template":"","meta":{"event_title":"","event_details":"","event_timezone":"","event_gmap":"","event_image":"","event_image_url":"","event_calendar_link":"","event_location":"","event_datetime_with_summary":"","event_datetime":"","event_date_type":"","event_rulesummary":"","event_ticket_rsvp":"","_gspb_post_css":""},"product_brand":[],"product_cat":[107,109],"product_tag":[],"class_list":{"0":"post-6001","1":"product","2":"type-product","3":"status-publish","4":"has-post-thumbnail","6":"product_cat-audio","7":"product_cat-ecouteurs-sans-fil","9":"first","10":"instock","11":"sale","12":"shipping-taxable","13":"purchasable","14":"product-type-simple"},"jetpack_sharing_enabled":true,"_links":{"self":[{"href":"https:\/\/espacetechnologie.ma\/ar\/wp-json\/wp\/v2\/product\/6001","targetHints":{"allow":["GET"]}}],"collection":[{"href":"https:\/\/espacetechnologie.ma\/ar\/wp-json\/wp\/v2\/product"}],"about":[{"href":"https:\/\/espacetechnologie.ma\/ar\/wp-json\/wp\/v2\/types\/product"}],"replies":[{"embeddable":true,"href":"https:\/\/espacetechnologie.ma\/ar\/wp-json\/wp\/v2\/comments?post=6001"}],"wp:featuredmedia":[{"embeddable":true,"href":"https:\/\/espacetechnologie.ma\/ar\/wp-json\/wp\/v2\/media\/6000"}],"wp:attachment":[{"href":"https:\/\/espacetechnologie.ma\/ar\/wp-json\/wp\/v2\/media?parent=6001"}],"wp:term":[{"taxonomy":"product_brand","embeddable":true,"href":"https:\/\/espacetechnologie.ma\/ar\/wp-json\/wp\/v2\/product_brand?post=6001"},{"taxonomy":"product_cat","embeddable":true,"href":"https:\/\/espacetechnologie.ma\/ar\/wp-json\/wp\/v2\/product_cat?post=6001"},{"taxonomy":"product_tag","embeddable":true,"href":"https:\/\/espacetechnologie.ma\/ar\/wp-json\/wp\/v2\/product_tag?post=6001"}],"curies":[{"name":"wp","href":"https:\/\/api.w.org\/{rel}","templated":true}]}}