{"id":5995,"date":"2025-07-08T15:17:48","date_gmt":"2025-07-08T14:17:48","guid":{"rendered":"https:\/\/espacetechnologie.ma\/product\/carte-son-studio-usb-bluetooth-mini-table-de-mixage-sonore\/"},"modified":"2025-08-02T15:20:52","modified_gmt":"2025-08-02T14:20:52","slug":"carte-son-studio-usb-bluetooth-mini-table-de-mixage-sonore","status":"publish","type":"product","link":"https:\/\/espacetechnologie.ma\/ar\/product\/carte-son-studio-usb-bluetooth-mini-table-de-mixage-sonore\/","title":{"rendered":"Carte Son Studio USB, Bluetooth &#8211; Mini table de mixage sonore"},"content":{"rendered":"<p>Mod\u00e8le: V8<br \/>\nType de micro: condenseur<br \/>\nObjets applicables: maison, ordinateur<br \/>\nOui sans fil: Oui<br \/>\nFonction de pointage: pointage super cardio\u00efde<br \/>\nCanal: 2<br \/>\nCapacit\u00e9 de la batterie: 1000mah<br \/>\nTension d&rsquo;entr\u00e9e: 110V<br \/>\nTaille: 22x14x4cm<br \/>\nMati\u00e8re: m\u00e9tal &#8211; ABS<br \/>\nCouleur: Noir<\/p>","protected":false},"excerpt":{"rendered":"<p>Mod\u00e8le: V8 Type de micro: condenseur Objets applicables: maison, ordinateur Oui sans fil: Oui Fonction de pointage: pointage super cardio\u00efde Canal: 2 Capacit\u00e9 de la batterie: 1000mah Tension d&rsquo;entr\u00e9e: 110V Taille: 22x14x4cm Mati\u00e8re: m\u00e9tal &#8211; ABS Couleur: Noir<\/p>","protected":false},"featured_media":5994,"comment_status":"open","ping_status":"closed","template":"","meta":{"event_title":"","event_details":"","event_timezone":"","event_gmap":"","event_image":"","event_image_url":"","event_calendar_link":"","event_location":"","event_datetime_with_summary":"","event_datetime":"","event_date_type":"","event_rulesummary":"","event_ticket_rsvp":"","_gspb_post_css":""},"product_brand":[],"product_cat":[107],"product_tag":[],"class_list":{"0":"post-5995","1":"product","2":"type-product","3":"status-publish","4":"has-post-thumbnail","6":"product_cat-audio","8":"first","9":"instock","10":"sale","11":"shipping-taxable","12":"purchasable","13":"product-type-simple"},"jetpack_sharing_enabled":true,"_links":{"self":[{"href":"https:\/\/espacetechnologie.ma\/ar\/wp-json\/wp\/v2\/product\/5995","targetHints":{"allow":["GET"]}}],"collection":[{"href":"https:\/\/espacetechnologie.ma\/ar\/wp-json\/wp\/v2\/product"}],"about":[{"href":"https:\/\/espacetechnologie.ma\/ar\/wp-json\/wp\/v2\/types\/product"}],"replies":[{"embeddable":true,"href":"https:\/\/espacetechnologie.ma\/ar\/wp-json\/wp\/v2\/comments?post=5995"}],"wp:featuredmedia":[{"embeddable":true,"href":"https:\/\/espacetechnologie.ma\/ar\/wp-json\/wp\/v2\/media\/5994"}],"wp:attachment":[{"href":"https:\/\/espacetechnologie.ma\/ar\/wp-json\/wp\/v2\/media?parent=5995"}],"wp:term":[{"taxonomy":"product_brand","embeddable":true,"href":"https:\/\/espacetechnologie.ma\/ar\/wp-json\/wp\/v2\/product_brand?post=5995"},{"taxonomy":"product_cat","embeddable":true,"href":"https:\/\/espacetechnologie.ma\/ar\/wp-json\/wp\/v2\/product_cat?post=5995"},{"taxonomy":"product_tag","embeddable":true,"href":"https:\/\/espacetechnologie.ma\/ar\/wp-json\/wp\/v2\/product_tag?post=5995"}],"curies":[{"name":"wp","href":"https:\/\/api.w.org\/{rel}","templated":true}]}}