{"id":5980,"date":"2025-07-08T15:17:46","date_gmt":"2025-07-08T14:17:46","guid":{"rendered":"https:\/\/espacetechnologie.ma\/product\/cable-dalimentation-usb-type-c-pour-microsoft-surface-pro-7-6-5-4-3-book-book-2\/"},"modified":"2025-08-03T07:27:24","modified_gmt":"2025-08-03T06:27:24","slug":"cable-dalimentation-usb-type-c-pour-microsoft-surface-pro-7-6-5-4-3-book-book-2","status":"publish","type":"product","link":"https:\/\/espacetechnologie.ma\/ar\/product\/cable-dalimentation-usb-type-c-pour-microsoft-surface-pro-7-6-5-4-3-book-book-2\/","title":{"rendered":"C\u00e2ble d&rsquo;alimentation USB type-c pour Microsoft Surface Pro 7\/6\/5\/4\/3 Book\/Book 2"},"content":{"rendered":"<p>Microsoft Power Cable<br \/>\nAlimentation USB type-c \u00e0 chargement rapide pour Microsoft Surface Pro 7 3 4 5 6 15V 3A PD tablette chargeur c\u00e2ble adaptateur<br \/>\nMat\u00e9riau: ABS + m\u00e9tal<br \/>\nLongueur du c\u00e2ble: 150 cm<br \/>\nTension: 15V 3A<br \/>\nApplicable: pour Surface Pro 3\/4\/5\/6, pour Surface Book 2, pour Surface Go, etc.<\/p>","protected":false},"excerpt":{"rendered":"<p>Microsoft Power Cable Alimentation USB type-c \u00e0 chargement rapide pour Microsoft Surface Pro 7 3 4 5 6 15V 3A PD tablette chargeur c\u00e2ble adaptateur Mat\u00e9riau: ABS + m\u00e9tal Longueur du c\u00e2ble: 150 cm Tension: 15V 3A Applicable: pour Surface Pro 3\/4\/5\/6, pour Surface Book 2, pour Surface Go, etc.<\/p>","protected":false},"featured_media":5979,"comment_status":"open","ping_status":"closed","template":"","meta":{"event_title":"","event_details":"","event_timezone":"","event_gmap":"","event_image":"","event_image_url":"","event_calendar_link":"","event_location":"","event_datetime_with_summary":"","event_datetime":"","event_date_type":"","event_rulesummary":"","event_ticket_rsvp":"","_gspb_post_css":""},"product_brand":[],"product_cat":[102,96],"product_tag":[],"class_list":{"0":"post-5980","1":"product","2":"type-product","3":"status-publish","4":"has-post-thumbnail","6":"product_cat-autres-accessoires-pc","7":"product_cat-pc","9":"first","10":"instock","11":"sale","12":"shipping-taxable","13":"purchasable","14":"product-type-simple"},"jetpack_sharing_enabled":true,"_links":{"self":[{"href":"https:\/\/espacetechnologie.ma\/ar\/wp-json\/wp\/v2\/product\/5980","targetHints":{"allow":["GET"]}}],"collection":[{"href":"https:\/\/espacetechnologie.ma\/ar\/wp-json\/wp\/v2\/product"}],"about":[{"href":"https:\/\/espacetechnologie.ma\/ar\/wp-json\/wp\/v2\/types\/product"}],"replies":[{"embeddable":true,"href":"https:\/\/espacetechnologie.ma\/ar\/wp-json\/wp\/v2\/comments?post=5980"}],"wp:featuredmedia":[{"embeddable":true,"href":"https:\/\/espacetechnologie.ma\/ar\/wp-json\/wp\/v2\/media\/5979"}],"wp:attachment":[{"href":"https:\/\/espacetechnologie.ma\/ar\/wp-json\/wp\/v2\/media?parent=5980"}],"wp:term":[{"taxonomy":"product_brand","embeddable":true,"href":"https:\/\/espacetechnologie.ma\/ar\/wp-json\/wp\/v2\/product_brand?post=5980"},{"taxonomy":"product_cat","embeddable":true,"href":"https:\/\/espacetechnologie.ma\/ar\/wp-json\/wp\/v2\/product_cat?post=5980"},{"taxonomy":"product_tag","embeddable":true,"href":"https:\/\/espacetechnologie.ma\/ar\/wp-json\/wp\/v2\/product_tag?post=5980"}],"curies":[{"name":"wp","href":"https:\/\/api.w.org\/{rel}","templated":true}]}}