{"id":5972,"date":"2025-07-08T15:17:44","date_gmt":"2025-07-08T14:17:44","guid":{"rendered":"https:\/\/espacetechnologie.ma\/product\/chargeur-pour-samsung-galaxy-gear-2\/"},"modified":"2025-08-02T16:14:29","modified_gmt":"2025-08-02T15:14:29","slug":"chargeur-pour-samsung-galaxy-gear-2","status":"publish","type":"product","link":"https:\/\/espacetechnologie.ma\/ar\/product\/chargeur-pour-samsung-galaxy-gear-2\/","title":{"rendered":"Chargeur pour Samsung Galaxy Gear 2"},"content":{"rendered":"<p>Charging Dock Charger Cradles for Samsung Galaxy Gear 2 Smart Watch<br \/>\nFonctionnalit\u00e9s:<br \/>\n100% neuf et haute qualit\u00e9.<br \/>\nQuantit\u00e9: 1<br \/>\nMat\u00e9riel: plastique<br \/>\nDesign compact et l\u00e9ger, pratique pour les voyageurs et les professionnels<br \/>\nQuai de chargement de montre-bracelet<br \/>\nCe berceau de recharge de rechange s&rsquo;enclenche facilement<br \/>\nApplicable \u00e0: Montre intelligente Samsung Galaxy Gear 2 Neo SM-R381R350 S5 S4 Note3<br \/>\nPoids: 30g<br \/>\nLongueur du c\u00e2ble: 89cm<br \/>\nLa couleur noire<br \/>\nLe forfait comprend:<\/p>","protected":false},"excerpt":{"rendered":"<p>100% neuf et haute qualit\u00e9<br \/>\nCompact, l\u00e9ger et facile \u00e0 ranger<br \/>\nCompatible sur tous les appareils utilisant la connexion USB.<br \/>\nMat\u00e9riaux de haute qualit\u00e9 garantissant la fiabilit\u00e9 et assurant une charge et un transfert ultra rapides<br \/>\nFacile \u00e0 utiliser, plug and play<\/p>","protected":false},"featured_media":5971,"comment_status":"open","ping_status":"closed","template":"","meta":{"event_title":"","event_details":"","event_timezone":"","event_gmap":"","event_image":"","event_image_url":"","event_calendar_link":"","event_location":"","event_datetime_with_summary":"","event_datetime":"","event_date_type":"","event_rulesummary":"","event_ticket_rsvp":"","_gspb_post_css":""},"product_brand":[],"product_cat":[94,91],"product_tag":[],"class_list":{"0":"post-5972","1":"product","2":"type-product","3":"status-publish","4":"has-post-thumbnail","6":"product_cat-chargeurs-smartwatch","7":"product_cat-smartwatch","9":"first","10":"instock","11":"sale","12":"shipping-taxable","13":"purchasable","14":"product-type-simple"},"jetpack_sharing_enabled":true,"_links":{"self":[{"href":"https:\/\/espacetechnologie.ma\/ar\/wp-json\/wp\/v2\/product\/5972","targetHints":{"allow":["GET"]}}],"collection":[{"href":"https:\/\/espacetechnologie.ma\/ar\/wp-json\/wp\/v2\/product"}],"about":[{"href":"https:\/\/espacetechnologie.ma\/ar\/wp-json\/wp\/v2\/types\/product"}],"replies":[{"embeddable":true,"href":"https:\/\/espacetechnologie.ma\/ar\/wp-json\/wp\/v2\/comments?post=5972"}],"wp:featuredmedia":[{"embeddable":true,"href":"https:\/\/espacetechnologie.ma\/ar\/wp-json\/wp\/v2\/media\/5971"}],"wp:attachment":[{"href":"https:\/\/espacetechnologie.ma\/ar\/wp-json\/wp\/v2\/media?parent=5972"}],"wp:term":[{"taxonomy":"product_brand","embeddable":true,"href":"https:\/\/espacetechnologie.ma\/ar\/wp-json\/wp\/v2\/product_brand?post=5972"},{"taxonomy":"product_cat","embeddable":true,"href":"https:\/\/espacetechnologie.ma\/ar\/wp-json\/wp\/v2\/product_cat?post=5972"},{"taxonomy":"product_tag","embeddable":true,"href":"https:\/\/espacetechnologie.ma\/ar\/wp-json\/wp\/v2\/product_tag?post=5972"}],"curies":[{"name":"wp","href":"https:\/\/api.w.org\/{rel}","templated":true}]}}