{"id":5957,"date":"2025-07-08T15:17:42","date_gmt":"2025-07-08T14:17:42","guid":{"rendered":"https:\/\/espacetechnologie.ma\/product\/cable-de-chargement-usb-pour-garmin-fenix-7s-7-7x-5-5x-6plus-6s-6x-pro-vivoactive-3-4s-vivosport-precurseur-935-245\/"},"modified":"2025-08-02T16:19:13","modified_gmt":"2025-08-02T15:19:13","slug":"cable-de-chargement-usb-pour-garmin-fenix-7s-7-7x-5-5x-6plus-6s-6x-pro-vivoactive-3-4s-vivosport-precurseur-935-245","status":"publish","type":"product","link":"https:\/\/espacetechnologie.ma\/ar\/product\/cable-de-chargement-usb-pour-garmin-fenix-7s-7-7x-5-5x-6plus-6s-6x-pro-vivoactive-3-4s-vivosport-precurseur-935-245\/","title":{"rendered":"C\u00e2ble de chargement USB pour Garmin Fenix 7S 7 7X 5 5X 6plus 6S 6X Pro Vivoactive 3\/4S Vivosport pr\u00e9curseur 935 245"},"content":{"rendered":"<p>Caract\u00e9ristique:<br \/>\n1. protection contre les courts-circuits de sortie.<br \/>\n2. protection contre les surtensions et les surcharges.<br \/>\n3. test r\u00e9el de vieillissement, haute performance de s\u00e9curit\u00e9.<br \/>\n4. Bonne performance anti-interf\u00e9rence.<br \/>\n5. Haute efficacit\u00e9 de travail et vitesse de charge rapide.<br \/>\n6. Basse temp\u00e9rature de fonctionnement et longue dur\u00e9e de vie.<br \/>\nSp\u00e9cification:<br \/>\nCouleur: Noir<br \/>\nLongueur de la ligne: 100cm\/3.3 pieds<br \/>\nMod\u00e8le Compatible:<br \/>\nGarmin vivosmart 5<br \/>\nGarmin Fenix 7<br \/>\nGarmin TACTIX 7<br \/>\nGarmin Fenix 7S<br \/>\nGarmin Fenix 7X<br \/>\nGarmin instinct 2<br \/>\nGarmin instinct 2S<br \/>\nGarmin EPIX 2<br \/>\nGarmin Venu 2 plus<br \/>\nGarmin vivomove sport<br \/>\nGarmin enduro<br \/>\nGarmin forerunner 158<br \/>\nGarmin forerunner 55<br \/>\nGarmin forerunner 945 LTE<br \/>\nGarmin Approach S62<br \/>\nGarmin Tactix Delta<br \/>\nGarmin Venu M\u00b2<br \/>\nGarmin Venu<br \/>\nGarmin Venu 2<br \/>\nGarmin Venu 2S<br \/>\nGarmin forerunner 745<br \/>\nGarmin Nager 2<br \/>\nGarmin Instinct,<br \/>\nGarmin Instinct Tide ,Garmin Instinct tactique<br \/>\nGarmin vivomove 3<br \/>\nGarmin vivomove3S<br \/>\nGarminMove Luxe<br \/>\nGarminMove Style<br \/>\nGarminActive(vivoactive 4)GarminActiveS(vivoactive 4s)<br \/>\nGarmin fenix6s \/fenix 6\/fenix 6x\/baro<br \/>\nGarmin \u2013 935\/245\/245M\/45\/45S\/645\/645M<br \/>\nGarmin Fenix 5S\/5S Plus\/5\/5 Plus\/5X\/5XPlus<br \/>\nGarmin Approach S60<br \/>\nGarmin D2 Charlie<br \/>\nGarmin D2 Delta<br \/>\nGarmin Quatix 5<br \/>\nGarmin Quatix 5 Saphir<br \/>\nGarmin Vivoactive 3<br \/>\nGarmin Vivoactive 3 musique<br \/>\nGarmin Approach X10<br \/>\nLe forfait Comprend:<br \/>\n1X Chargeur C\u00e2ble<br \/>\n1X Chargeur C\u00e2ble<\/p>","protected":false},"excerpt":{"rendered":"<p>1. protection contre les courts-circuits de sortie.<br \/>\n2. protection contre les surtensions et les surcharges.<br \/>\n3. test r\u00e9el de vieillissement, haute performance de s\u00e9curit\u00e9.<br \/>\n4. Bonne performance anti-interf\u00e9rence.<br \/>\n5. Haute efficacit\u00e9 de travail et vitesse de charge rapide.<br \/>\n6. Basse temp\u00e9rature de fonctionnement et longue dur\u00e9e de vie.<br \/>\nCouleur: Noir<br \/>\nLongueur de la ligne: 100cm<\/p>","protected":false},"featured_media":5956,"comment_status":"open","ping_status":"closed","template":"","meta":{"event_title":"","event_details":"","event_timezone":"","event_gmap":"","event_image":"","event_image_url":"","event_calendar_link":"","event_location":"","event_datetime_with_summary":"","event_datetime":"","event_date_type":"","event_rulesummary":"","event_ticket_rsvp":"","_gspb_post_css":""},"product_brand":[],"product_cat":[94,91],"product_tag":[],"class_list":{"0":"post-5957","1":"product","2":"type-product","3":"status-publish","4":"has-post-thumbnail","6":"product_cat-chargeurs-smartwatch","7":"product_cat-smartwatch","9":"first","10":"instock","11":"sale","12":"shipping-taxable","13":"purchasable","14":"product-type-simple"},"jetpack_sharing_enabled":true,"_links":{"self":[{"href":"https:\/\/espacetechnologie.ma\/ar\/wp-json\/wp\/v2\/product\/5957","targetHints":{"allow":["GET"]}}],"collection":[{"href":"https:\/\/espacetechnologie.ma\/ar\/wp-json\/wp\/v2\/product"}],"about":[{"href":"https:\/\/espacetechnologie.ma\/ar\/wp-json\/wp\/v2\/types\/product"}],"replies":[{"embeddable":true,"href":"https:\/\/espacetechnologie.ma\/ar\/wp-json\/wp\/v2\/comments?post=5957"}],"wp:featuredmedia":[{"embeddable":true,"href":"https:\/\/espacetechnologie.ma\/ar\/wp-json\/wp\/v2\/media\/5956"}],"wp:attachment":[{"href":"https:\/\/espacetechnologie.ma\/ar\/wp-json\/wp\/v2\/media?parent=5957"}],"wp:term":[{"taxonomy":"product_brand","embeddable":true,"href":"https:\/\/espacetechnologie.ma\/ar\/wp-json\/wp\/v2\/product_brand?post=5957"},{"taxonomy":"product_cat","embeddable":true,"href":"https:\/\/espacetechnologie.ma\/ar\/wp-json\/wp\/v2\/product_cat?post=5957"},{"taxonomy":"product_tag","embeddable":true,"href":"https:\/\/espacetechnologie.ma\/ar\/wp-json\/wp\/v2\/product_tag?post=5957"}],"curies":[{"name":"wp","href":"https:\/\/api.w.org\/{rel}","templated":true}]}}