{"id":5951,"date":"2025-07-08T15:17:41","date_gmt":"2025-07-08T14:17:41","guid":{"rendered":"https:\/\/espacetechnologie.ma\/product\/appareil-auditif-portable-amplificateur-de-son-invisible\/"},"modified":"2025-08-02T12:51:08","modified_gmt":"2025-08-02T11:51:08","slug":"appareil-auditif-portable-amplificateur-de-son-invisible","status":"publish","type":"product","link":"https:\/\/espacetechnologie.ma\/ar\/product\/appareil-auditif-portable-amplificateur-de-son-invisible\/","title":{"rendered":"appareil auditif Portable, amplificateur de son Invisible,"},"content":{"rendered":"<p>Caract\u00e9ristiques:<br \/>\n1. Bonne performance: vous aide \u00e0 entendre le son clairement et fort, que ce soit \u00e0 l&rsquo;int\u00e9rieur ou \u00e0 l&rsquo;ext\u00e9rieur.<br \/>\n2. S&rsquo;adapte confortablement: derri\u00e8re l&rsquo;oreille et peut \u00eatre utilis\u00e9 dans l&rsquo;oreille gauche ou droite.<br \/>\n3. Conception de la batterie: cet amplificateur de son a une batterie int\u00e9gr\u00e9e, un faible courant et une \u00e9conomie d&rsquo;\u00e9nergie.<br \/>\n4. \u00c9conomie d&rsquo;\u00e9nergie: avec l&rsquo;interrupteur on &#038; off, c&rsquo;est une \u00e9conomie d&rsquo;\u00e9nergie au plus loin.<br \/>\n5. Amplificateur de son: c&rsquo;est un bon choix d&rsquo;utiliser cet amplificateur de son car vous pouvez r\u00e9gler le volume lorsque vous regardez des jeux et des films \u00e0 la t\u00e9l\u00e9vision, assistez \u00e0 une r\u00e9union ou prenez une cours.<br \/>\nDescription:<br \/>\nCet amplificateur de son est id\u00e9al pour \u00e9couter la t\u00e9l\u00e9vision, le cin\u00e9ma, les th\u00e9\u00e2tres, la musique en direct, etc.<br \/>\nSp\u00e9cifications:<br \/>\nSortie sonore maximale: 110 \u00b1 5db<br \/>\nGain sonore: \u2265 30dB<br \/>\nDistorsion totale des ondes harmoniques: \u2264 10%<br \/>\nGamme de fr\u00e9quence: 300Hz-4000Hz<br \/>\nBruit d&rsquo;entr\u00e9e: \u2264 40dB<br \/>\nTension: D.C.1.5v<br \/>\nCourant: \u2264 4mA<br \/>\nTaille: amplificateur de son: 26*15*19mm(L * L * H)<br \/>\nEmballage Inclus:<br \/>\n1 * amplificateur de son<br \/>\n3 * capuchon d&rsquo;oreille<br \/>\n3 * batterie<br \/>\n1 * brosse<br \/>\n1 * manuel<br \/>\nNotes:<br \/>\n1. Veuillez permettre une erreur de 0-1 pouce en raison de la mesure manuelle. Merci de votre compr\u00e9hension.<br \/>\n2. Les moniteurs ne sont pas calibr\u00e9s de la m\u00eame mani\u00e8re, la couleur de l&rsquo;article affich\u00e9e sur les photos peut \u00eatre l\u00e9g\u00e8rement diff\u00e9rente de l&rsquo;objet r\u00e9el.<br \/>\n\u2022Sortie sonore maximale: 110 \u00b1 5db<br \/>\n\u2022Gain sonore: \u2265 30dB<br \/>\n\u2022Distorsion totale des ondes harmoniques: \u2264 \u00a010%<br \/>\n\u2022Gamme de fr\u00e9quence: 300Hz-4000Hz<br \/>\n\u2022Bruit d&rsquo;entr\u00e9e: \u2264 40dB<br \/>\n\u2022Tension: D.C.1.5vCourant: \u2264 4mA<br \/>\n\u2022Taille: amplificateur de son: 26*15*19mm(L * L * \u00a0 H)<br \/>\n1 * amplificateur de son<br \/>\n3 * capuchon d&rsquo;oreille<br \/>\n2 * batterie<br \/>\n1 * brosse<br \/>\n1 * manuel<\/p>","protected":false},"excerpt":{"rendered":"<p>Caract\u00e9ristiques: 1. Bonne performance: vous aide \u00e0 entendre le son clairement et fort, que ce soit \u00e0 l&rsquo;int\u00e9rieur ou \u00e0 l&rsquo;ext\u00e9rieur. 2. S&rsquo;adapte confortablement: derri\u00e8re l&rsquo;oreille et peut \u00eatre utilis\u00e9 dans l&rsquo;oreille gauche ou droite. 3. Conception de la batterie: cet amplificateur de son a une batterie int\u00e9gr\u00e9e, un faible courant et une \u00e9conomie d&rsquo;\u00e9nergie. [&hellip;]<\/p>\n","protected":false},"featured_media":5950,"comment_status":"open","ping_status":"closed","template":"","meta":{"event_title":"","event_details":"","event_timezone":"","event_gmap":"","event_image":"","event_image_url":"","event_calendar_link":"","event_location":"","event_datetime_with_summary":"","event_datetime":"","event_date_type":"","event_rulesummary":"","event_ticket_rsvp":"","_gspb_post_css":""},"product_brand":[],"product_cat":[82],"product_tag":[],"class_list":{"0":"post-5951","1":"product","2":"type-product","3":"status-publish","4":"has-post-thumbnail","6":"product_cat-gadgets","8":"first","9":"instock","10":"sale","11":"shipping-taxable","12":"purchasable","13":"product-type-simple"},"jetpack_sharing_enabled":true,"_links":{"self":[{"href":"https:\/\/espacetechnologie.ma\/ar\/wp-json\/wp\/v2\/product\/5951","targetHints":{"allow":["GET"]}}],"collection":[{"href":"https:\/\/espacetechnologie.ma\/ar\/wp-json\/wp\/v2\/product"}],"about":[{"href":"https:\/\/espacetechnologie.ma\/ar\/wp-json\/wp\/v2\/types\/product"}],"replies":[{"embeddable":true,"href":"https:\/\/espacetechnologie.ma\/ar\/wp-json\/wp\/v2\/comments?post=5951"}],"wp:featuredmedia":[{"embeddable":true,"href":"https:\/\/espacetechnologie.ma\/ar\/wp-json\/wp\/v2\/media\/5950"}],"wp:attachment":[{"href":"https:\/\/espacetechnologie.ma\/ar\/wp-json\/wp\/v2\/media?parent=5951"}],"wp:term":[{"taxonomy":"product_brand","embeddable":true,"href":"https:\/\/espacetechnologie.ma\/ar\/wp-json\/wp\/v2\/product_brand?post=5951"},{"taxonomy":"product_cat","embeddable":true,"href":"https:\/\/espacetechnologie.ma\/ar\/wp-json\/wp\/v2\/product_cat?post=5951"},{"taxonomy":"product_tag","embeddable":true,"href":"https:\/\/espacetechnologie.ma\/ar\/wp-json\/wp\/v2\/product_tag?post=5951"}],"curies":[{"name":"wp","href":"https:\/\/api.w.org\/{rel}","templated":true}]}}