{"id":5944,"date":"2025-07-08T15:17:39","date_gmt":"2025-07-08T14:17:39","guid":{"rendered":"https:\/\/espacetechnologie.ma\/product\/chargeur-usb-pour-montre-intelligente-xiaomi-huami-amazfit-pace\/"},"modified":"2025-08-02T16:09:40","modified_gmt":"2025-08-02T15:09:40","slug":"chargeur-usb-pour-montre-intelligente-xiaomi-huami-amazfit-pace","status":"publish","type":"product","link":"https:\/\/espacetechnologie.ma\/ar\/product\/chargeur-usb-pour-montre-intelligente-xiaomi-huami-amazfit-pace\/","title":{"rendered":"Chargeur USB pour montre intelligente Xiaomi Huami AMAZFIT Pace"},"content":{"rendered":"<p>Caract\u00e9ristique:<br \/>\nFabriqu\u00e9 en mat\u00e9riau de haute qualit\u00e9, durable, ferme et stable pour notre utilisation.<br \/>\nCompatible avec pour Xiaomi Huami AMAZFIT Pace Sports Smart Watch.<br \/>\nDesign compact et portable, id\u00e9al pour les voyageurs et les utilisateurs professionnels.<br \/>\nStation de charge et c\u00e2ble uniquement, les autres accessoires de d\u00e9monstration sur la photo ne sont pas inclus!<br \/>\nSp\u00e9cifications:<br \/>\nType d&rsquo;article: Station de charge + c\u00e2ble<br \/>\nTension d&rsquo;entr\u00e9e: DC5V<br \/>\nCourant d&rsquo;entr\u00e9e: 0.5A<br \/>\nTemp\u00e9rature de fonctionnement: 0-40 \u2103\/32-104 \u2109<br \/>\nMat\u00e9riau: Plastique<br \/>\nTaille: 57 + 40mm\/2.2 + 1.5in<br \/>\nCouleur: Noir<br \/>\nCompatible avec: pour Huami AMAZFIT Pace Watch<br \/>\nQuantit\u00e9: 1 Pc<br \/>\nRemarque:<br \/>\nAucun emballage de vente au d\u00e9tail.<br \/>\nTransition: 1cm = 10mm = 0.39 pouces<br \/>\nVeuillez accepter une erreur de 1 \u00e0 3mm en raison de la mesure manuelle. Veuillez vous assurer que cela ne vous d\u00e9range pas avant d&rsquo;ench\u00e9rir.<br \/>\nEn raison de la diff\u00e9rence entre les diff\u00e9rents moniteurs, l&rsquo;image peut ne pas refl\u00e9ter la couleur r\u00e9elle de l&rsquo;article. Merci!<br \/>\nLe forfait comprend:<br \/>\n1 x Station de chargement<br \/>\n1 x C\u00e2ble de charge<\/p>","protected":false},"excerpt":{"rendered":"<p>Type d&rsquo;article: Station de charge + c\u00e2ble<br \/>\nTension d&rsquo;entr\u00e9e: DC5V<br \/>\nCourant d&rsquo;entr\u00e9e: 0.5A<br \/>\nTemp\u00e9rature de fonctionnement: 0-40 \u2103\/32-104 \u2109<br \/>\nMat\u00e9riau: Plastique<br \/>\nTaille: 57 + 40mm\/2.2 + 1.5in<br \/>\nCouleur: Noir<br \/>\nCompatible avec: pour Huami AMAZFIT Pace Watch<br \/>\nQuantit\u00e9: 1 Pc<\/p>","protected":false},"featured_media":5943,"comment_status":"open","ping_status":"closed","template":"","meta":{"event_title":"","event_details":"","event_timezone":"","event_gmap":"","event_image":"","event_image_url":"","event_calendar_link":"","event_location":"","event_datetime_with_summary":"","event_datetime":"","event_date_type":"","event_rulesummary":"","event_ticket_rsvp":"","_gspb_post_css":""},"product_brand":[],"product_cat":[95,91],"product_tag":[],"class_list":{"0":"post-5944","1":"product","2":"type-product","3":"status-publish","4":"has-post-thumbnail","6":"product_cat-montres-smartwatch","7":"product_cat-smartwatch","9":"first","10":"instock","11":"sale","12":"shipping-taxable","13":"purchasable","14":"product-type-simple"},"jetpack_sharing_enabled":true,"_links":{"self":[{"href":"https:\/\/espacetechnologie.ma\/ar\/wp-json\/wp\/v2\/product\/5944","targetHints":{"allow":["GET"]}}],"collection":[{"href":"https:\/\/espacetechnologie.ma\/ar\/wp-json\/wp\/v2\/product"}],"about":[{"href":"https:\/\/espacetechnologie.ma\/ar\/wp-json\/wp\/v2\/types\/product"}],"replies":[{"embeddable":true,"href":"https:\/\/espacetechnologie.ma\/ar\/wp-json\/wp\/v2\/comments?post=5944"}],"wp:featuredmedia":[{"embeddable":true,"href":"https:\/\/espacetechnologie.ma\/ar\/wp-json\/wp\/v2\/media\/5943"}],"wp:attachment":[{"href":"https:\/\/espacetechnologie.ma\/ar\/wp-json\/wp\/v2\/media?parent=5944"}],"wp:term":[{"taxonomy":"product_brand","embeddable":true,"href":"https:\/\/espacetechnologie.ma\/ar\/wp-json\/wp\/v2\/product_brand?post=5944"},{"taxonomy":"product_cat","embeddable":true,"href":"https:\/\/espacetechnologie.ma\/ar\/wp-json\/wp\/v2\/product_cat?post=5944"},{"taxonomy":"product_tag","embeddable":true,"href":"https:\/\/espacetechnologie.ma\/ar\/wp-json\/wp\/v2\/product_tag?post=5944"}],"curies":[{"name":"wp","href":"https:\/\/api.w.org\/{rel}","templated":true}]}}