{"id":5940,"date":"2025-07-08T15:17:39","date_gmt":"2025-07-08T14:17:39","guid":{"rendered":"https:\/\/espacetechnologie.ma\/product\/adaptateur-de-chargeur-portable-de-type-c-pour-montre-intelligente-garmin\/"},"modified":"2025-08-03T07:34:34","modified_gmt":"2025-08-03T06:34:34","slug":"adaptateur-de-chargeur-portable-de-type-c-pour-montre-intelligente-garmin","status":"publish","type":"product","link":"https:\/\/espacetechnologie.ma\/ar\/product\/adaptateur-de-chargeur-portable-de-type-c-pour-montre-intelligente-garmin\/","title":{"rendered":"Adaptateur de chargeur Portable de Type C, pour montre intelligente Garmin"},"content":{"rendered":"<p>Avantage:<br \/>\n1. Le coude \u00e0 90 degr\u00e9s a une conception ferme pour escorter la charge continue (se d\u00e9barrasser des mauvaises conditions de contact sur le march\u00e9, et la charge continuera)<br \/>\n2. Processus de moulage par injection haut de gamme + mat\u00e9riau en alliage d&rsquo;aluminium (mat\u00e9riau: alliage de TPU + aluminium)<br \/>\n3. Multi-couleur distingue 3 interfaces afin que le produit puisse \u00eatre charg\u00e9 \u00e0 tout moment et n&rsquo;importe o\u00f9 (l&rsquo;interface de transfert sur le march\u00e9 est incluse). Yurieso marque<br \/>\n4. Petit et exquis, facile \u00e0 transporter (accrocher au porte-cl\u00e9s, au sac \u00e0 dos&#8230;)<br \/>\nCompatibleMod\u00e8le:(Les bouchons anti-poussi\u00e8re sont \u00e9galement compatibles avec les mod\u00e8les suivants)<br \/>\nGarmin Fenix 7S \/Fenix 7\/ Fenix 7X<br \/>\nGarmin Fenix6S \/Fenix 6\/Fenix 6X\/baro<br \/>\nGarmin Fenix 5S\/5S Plus\/5\/5 Plus\/5X\/5xplus<br \/>\nGarmin Instinct<br \/>\nGarmin instinct 2<br \/>\nGarmin instinct 2S<br \/>\nGarmin EPIX 2<br \/>\nGarmin Venu Sq<br \/>\nGarmin Venu<br \/>\nGarmin Venu 2<br \/>\nGarmin Venu 2S<br \/>\nGarmin Venu 2 plus<br \/>\nGarmin vivomove sport<br \/>\nGarmin Enduro<br \/>\nGarmin Forerunner 955<br \/>\nGarmin Forerunner 255\/255S<br \/>\nGarmin Forerunner 158<br \/>\nGarmin Forerunner 55<br \/>\nGarmin Forerunner 945 LTE<br \/>\nGarmin Forerunner 745<br \/>\nGarmin Forerunner945\/935\/245\/245M\/45\/45S\/645\/645M<br \/>\nGarmin Approche S62<br \/>\nGarmin Tactix Delta<br \/>\nGarmin Baignade 2<br \/>\nGarmin Instinct Mar\u00e9e,<br \/>\nGarmin Instinct Tactique<br \/>\nGarmin vivomove 3,<br \/>\nGarmin vivomove3S<br \/>\nGarmin D\u00e9placer Luxe<br \/>\nGarmin D\u00e9placer Style<br \/>\nGarminActive(vivoactive 4)GarminActiveS(vivoactive 4S)<br \/>\nGarmin Approche S60<br \/>\nGarmin D2 Charlie<br \/>\nGarmin D2 Delta<br \/>\nGarmin Quatix 5<br \/>\nGarmin Quatix 5 Saphir<br \/>\nGarmin Vivoactive 3<br \/>\nGarmin Vivoactive 3 musique<br \/>\nGarmin Vivosport<br \/>\nGarmin Approche X10<br \/>\nCouleur:<br \/>\nRouge (IOS femelle), gris (micro femelle), noir (type C femelle)<br \/>\nPaquet<br \/>\n1 X Adaptateur De Charge<\/p>","protected":false},"excerpt":{"rendered":"<p>1. Le coude \u00e0 90 degr\u00e9s a une conception ferme pour escorter la charge continue (se d\u00e9barrasser des mauvaises conditions de contact sur le march\u00e9, et la charge continuera)<br \/>\n2. Processus de moulage par injection haut de gamme + mat\u00e9riau en alliage d&rsquo;aluminium (mat\u00e9riau: alliage de TPU + aluminium)<br \/>\n3. Multi-couleur distingue 3 interfaces afin que le produit puisse \u00eatre charg\u00e9 \u00e0 tout moment et n&rsquo;importe o\u00f9 (l&rsquo;interface de transfert sur le march\u00e9 est incluse). Yurieso marque<br \/>\n4. Petit et exquis, facile \u00e0 transporter (accrocher au porte-cl\u00e9s, au sac \u00e0 dos&#8230;)<br \/>\n5. CompatibleMod\u00e8le:(Les bouchons anti-poussi\u00e8re sont \u00e9galement compatibles avec les mod\u00e8les suivants)<\/p>","protected":false},"featured_media":5939,"comment_status":"open","ping_status":"closed","template":"","meta":{"event_title":"","event_details":"","event_timezone":"","event_gmap":"","event_image":"","event_image_url":"","event_calendar_link":"","event_location":"","event_datetime_with_summary":"","event_datetime":"","event_date_type":"","event_rulesummary":"","event_ticket_rsvp":"","_gspb_post_css":""},"product_brand":[],"product_cat":[94,91],"product_tag":[],"class_list":{"0":"post-5940","1":"product","2":"type-product","3":"status-publish","4":"has-post-thumbnail","6":"product_cat-chargeurs-smartwatch","7":"product_cat-smartwatch","9":"first","10":"instock","11":"sale","12":"shipping-taxable","13":"purchasable","14":"product-type-simple"},"jetpack_sharing_enabled":true,"_links":{"self":[{"href":"https:\/\/espacetechnologie.ma\/ar\/wp-json\/wp\/v2\/product\/5940","targetHints":{"allow":["GET"]}}],"collection":[{"href":"https:\/\/espacetechnologie.ma\/ar\/wp-json\/wp\/v2\/product"}],"about":[{"href":"https:\/\/espacetechnologie.ma\/ar\/wp-json\/wp\/v2\/types\/product"}],"replies":[{"embeddable":true,"href":"https:\/\/espacetechnologie.ma\/ar\/wp-json\/wp\/v2\/comments?post=5940"}],"wp:featuredmedia":[{"embeddable":true,"href":"https:\/\/espacetechnologie.ma\/ar\/wp-json\/wp\/v2\/media\/5939"}],"wp:attachment":[{"href":"https:\/\/espacetechnologie.ma\/ar\/wp-json\/wp\/v2\/media?parent=5940"}],"wp:term":[{"taxonomy":"product_brand","embeddable":true,"href":"https:\/\/espacetechnologie.ma\/ar\/wp-json\/wp\/v2\/product_brand?post=5940"},{"taxonomy":"product_cat","embeddable":true,"href":"https:\/\/espacetechnologie.ma\/ar\/wp-json\/wp\/v2\/product_cat?post=5940"},{"taxonomy":"product_tag","embeddable":true,"href":"https:\/\/espacetechnologie.ma\/ar\/wp-json\/wp\/v2\/product_tag?post=5940"}],"curies":[{"name":"wp","href":"https:\/\/api.w.org\/{rel}","templated":true}]}}