{"id":5936,"date":"2025-07-08T15:17:38","date_gmt":"2025-07-08T14:17:38","guid":{"rendered":"https:\/\/espacetechnologie.ma\/product\/wireless-%d9%85%d9%8a%d9%83%d8%b1%d9%88%d9%81%d9%88%d9%86-%d9%84%d8%a7%d8%b3%d9%84%d9%83%d9%8a-micro-usb-%d9%85%d8%ad%d9%85%d9%88%d9%84-%d8%a8%d8%a7%d9%84%d9%8a%d8%af-%d9%85%d8%b9-%d9%85%d8%b3%d8%aa\/"},"modified":"2025-08-02T13:35:23","modified_gmt":"2025-08-02T12:35:23","slug":"wireless-%d9%85%d9%8a%d9%83%d8%b1%d9%88%d9%81%d9%88%d9%86-%d9%84%d8%a7%d8%b3%d9%84%d9%83%d9%8a-micro-usb-%d9%85%d8%ad%d9%85%d9%88%d9%84-%d8%a8%d8%a7%d9%84%d9%8a%d8%af-%d9%85%d8%b9-%d9%85%d8%b3%d8%aa","status":"publish","type":"product","link":"https:\/\/espacetechnologie.ma\/ar\/product\/wireless-%d9%85%d9%8a%d9%83%d8%b1%d9%88%d9%81%d9%88%d9%86-%d9%84%d8%a7%d8%b3%d9%84%d9%83%d9%8a-micro-usb-%d9%85%d8%ad%d9%85%d9%88%d9%84-%d8%a8%d8%a7%d9%84%d9%8a%d8%af-%d9%85%d8%b9-%d9%85%d8%b3%d8%aa\/","title":{"rendered":"Wireless \u0645\u064a\u0643\u0631\u0648\u0641\u0648\u0646 \u0644\u0627\u0633\u0644\u0643\u064a Micro USB \u0645\u062d\u0645\u0648\u0644 \u0628\u0627\u0644\u064a\u062f \u0645\u0639 \u0645\u0633\u062a\u0642\u0628\u0644 \u0643\u0627\u0631\u064a\u0648\u0643\u064a V12 VHF"},"content":{"rendered":"<p>Mat\u00e9riel: plastique + m\u00e9tal<br \/>\nTaille du microphone: env. 24,5 x 5 cm<br \/>\nLongueur du c\u00e2ble audio: env. 60 cm<br \/>\nTaille du r\u00e9cepteur USB: 8&#215;2.5cm<br \/>\nR\u00e9ponse en fr\u00e9quence audio: 40Hz-15KHz<br \/>\nPlage dynamique audio: 100 dB<br \/>\nSortie audio: 0-200mv<br \/>\nRecevoir la Distance: \u226580M<br \/>\nCourant de travail de l&rsquo;\u00e9metteur: 80mA<br \/>\nAlimentation: 2 piles AA (non incluses)<br \/>\nTemp\u00e9rature de fonctionnement: -10 &#8211; 50 \u2103<br \/>\nMontage: Tous les \u00e9quipements avec interface de microphone filaire conviennent.<br \/>\n1 x Microphone<br \/>\n1 x USB Receiver<br \/>\n1 x 3.5mm Audio Cable<br \/>\n1 x 3.5mm to 6.35mm Adapter<\/p>","protected":false},"excerpt":{"rendered":"<p>Mat\u00e9riel: plastique + m\u00e9tal Taille du microphone: env. 24,5 x 5 cm Longueur du c\u00e2ble audio: env. 60 cm Taille du r\u00e9cepteur USB: 8&#215;2.5cm R\u00e9ponse en fr\u00e9quence audio: 40Hz-15KHz Plage dynamique audio: 100 dB Sortie audio: 0-200mv Recevoir la Distance: \u226580M Courant de travail de l&rsquo;\u00e9metteur: 80mA Alimentation: 2 piles AA (non incluses) Temp\u00e9rature de [&hellip;]<\/p>\n","protected":false},"featured_media":5935,"comment_status":"open","ping_status":"closed","template":"","meta":{"event_title":"","event_details":"","event_timezone":"","event_gmap":"","event_image":"","event_image_url":"","event_calendar_link":"","event_location":"","event_datetime_with_summary":"","event_datetime":"","event_date_type":"","event_rulesummary":"","event_ticket_rsvp":"","_gspb_post_css":""},"product_brand":[],"product_cat":[107,111],"product_tag":[],"class_list":{"0":"post-5936","1":"product","2":"type-product","3":"status-publish","4":"has-post-thumbnail","6":"product_cat-audio","7":"product_cat-microphones","9":"first","10":"instock","11":"sale","12":"shipping-taxable","13":"purchasable","14":"product-type-simple"},"jetpack_sharing_enabled":true,"_links":{"self":[{"href":"https:\/\/espacetechnologie.ma\/ar\/wp-json\/wp\/v2\/product\/5936","targetHints":{"allow":["GET"]}}],"collection":[{"href":"https:\/\/espacetechnologie.ma\/ar\/wp-json\/wp\/v2\/product"}],"about":[{"href":"https:\/\/espacetechnologie.ma\/ar\/wp-json\/wp\/v2\/types\/product"}],"replies":[{"embeddable":true,"href":"https:\/\/espacetechnologie.ma\/ar\/wp-json\/wp\/v2\/comments?post=5936"}],"wp:featuredmedia":[{"embeddable":true,"href":"https:\/\/espacetechnologie.ma\/ar\/wp-json\/wp\/v2\/media\/5935"}],"wp:attachment":[{"href":"https:\/\/espacetechnologie.ma\/ar\/wp-json\/wp\/v2\/media?parent=5936"}],"wp:term":[{"taxonomy":"product_brand","embeddable":true,"href":"https:\/\/espacetechnologie.ma\/ar\/wp-json\/wp\/v2\/product_brand?post=5936"},{"taxonomy":"product_cat","embeddable":true,"href":"https:\/\/espacetechnologie.ma\/ar\/wp-json\/wp\/v2\/product_cat?post=5936"},{"taxonomy":"product_tag","embeddable":true,"href":"https:\/\/espacetechnologie.ma\/ar\/wp-json\/wp\/v2\/product_tag?post=5936"}],"curies":[{"name":"wp","href":"https:\/\/api.w.org\/{rel}","templated":true}]}}