{"id":5931,"date":"2025-07-08T15:17:37","date_gmt":"2025-07-08T14:17:37","guid":{"rendered":"https:\/\/espacetechnologie.ma\/product\/%d9%85%d8%b2%d9%88%d8%af-%d8%b7%d8%a7%d9%82%d8%a9-%d9%81%d8%a7%d9%86%d8%aa%d9%88%d9%85-%d8%a7%d8%ad%d8%aa%d8%b1%d8%a7%d9%81%d9%8a-48-%d9%81%d9%88%d9%84%d8%aa-%d9%84%d9%85%d9%8a%d9%83%d8%b1%d9%88-2\/"},"modified":"2025-08-02T15:23:43","modified_gmt":"2025-08-02T14:23:43","slug":"%d9%85%d8%b2%d9%88%d8%af-%d8%b7%d8%a7%d9%82%d8%a9-%d9%81%d8%a7%d9%86%d8%aa%d9%88%d9%85-%d8%a7%d8%ad%d8%aa%d8%b1%d8%a7%d9%81%d9%8a-48-%d9%81%d9%88%d9%84%d8%aa-%d9%84%d9%85%d9%8a%d9%83%d8%b1%d9%88-2","status":"publish","type":"product","link":"https:\/\/espacetechnologie.ma\/ar\/product\/%d9%85%d8%b2%d9%88%d8%af-%d8%b7%d8%a7%d9%82%d8%a9-%d9%81%d8%a7%d9%86%d8%aa%d9%88%d9%85-%d8%a7%d8%ad%d8%aa%d8%b1%d8%a7%d9%81%d9%8a-48-%d9%81%d9%88%d9%84%d8%aa-%d9%84%d9%85%d9%8a%d9%83%d8%b1%d9%88-2\/","title":{"rendered":"\u0645\u0632\u0648\u062f \u0637\u0627\u0642\u0629 \u0641\u0627\u0646\u062a\u0648\u0645 \u0627\u062d\u062a\u0631\u0627\u0641\u064a 48 \u0641\u0648\u0644\u062a \u0644\u0645\u064a\u0643\u0631\u0648\u0641\u0648\u0646 \u0627\u0633\u062a\u0648\u062f\u064a\u0648 \u0645\u0643\u062b\u0641 \u060c"},"content":{"rendered":"<p>Description<br \/>\n1. circuit de filtre redresseur de tension Stable, filtre efficacement l&rsquo;interf\u00e9rence du signal.<br \/>\n2. Conception de circuit de filtre passe-bas int\u00e9gr\u00e9, filtre enti\u00e8rement le bruit d&rsquo;interf\u00e9rence de l&rsquo;\u00e9quipement audio externe.<br \/>\n3. Fonction de d\u00e9marrage doux, pour \u00e9viter le d\u00e9marrage \u00ab\u00bb impt du son.<br \/>\n4. Deux groupes d&rsquo;alimentation \u00e9quilibr\u00e9e, signaux d&rsquo;entr\u00e9e et de sortie \u00e9quilibr\u00e9s, rendent l&rsquo;\u00e9quilibre de la tension et stable, emp\u00eachent les interf\u00e9rences en mode commun.<br \/>\n5. Nouvelle technologie de blindage, l&rsquo;alimentation \u00e9lectrique et l&rsquo;alimentation \u00e9lectrique elle-m\u00eame sont con\u00e7ues s\u00e9par\u00e9ment, et l&rsquo;alimentation externe avec anneau magn\u00e9tique de blindage, l&rsquo;onde \u00e9lectromagn\u00e9tique et l&rsquo;alimentation cc compl\u00e8tement isol\u00e9es pour assurer que le signal de toute interf\u00e9rence \u00e9lectromagn\u00e9tique.<br \/>\nSp\u00e9cification<br \/>\nType d&rsquo;article: alimentation \u00e9lectrique<br \/>\nCouleur: Noir<br \/>\nMod\u00e8le: 48V<br \/>\nEntr\u00e9e:\u00a0220V50Hz 70mA (Prise UE)<br \/>\nSortie: 18V 600mA<br \/>\nStyle: prise EU<br \/>\nTaille: 87*93*47mm\/3.43*3.66*1.85 pouces<br \/>\nPkage comprend:<br \/>\n1 * alimentation<br \/>\n1 * adaptateur<br \/>\nType d&rsquo;article: alimentation \u00e9lectrique<br \/>\nTaille: 87*93*47mm\/3.43*3.66*1.85 pouces<br \/>\n1 * alimentation<br \/>\n1 * adaptateur<\/p>","protected":false},"excerpt":{"rendered":"<p>Type d&rsquo;article: alimentation \u00e9lectrique<br \/>\nEntr\u00e9e:\u00a0220V50Hz 70mA (Prise UE)<br \/>\nMod\u00e8le: 48V<br \/>\nCouleur: Noir<br \/>\nTaille: 87*93*47mm\/3.43*3.66*1.85 pouces<br \/>\nStyle: prise EU<\/p>","protected":false},"featured_media":5930,"comment_status":"open","ping_status":"closed","template":"","meta":{"event_title":"","event_details":"","event_timezone":"","event_gmap":"","event_image":"","event_image_url":"","event_calendar_link":"","event_location":"","event_datetime_with_summary":"","event_datetime":"","event_date_type":"","event_rulesummary":"","event_ticket_rsvp":"","_gspb_post_css":""},"product_brand":[],"product_cat":[107],"product_tag":[],"class_list":{"0":"post-5931","1":"product","2":"type-product","3":"status-publish","4":"has-post-thumbnail","6":"product_cat-audio","8":"first","9":"instock","10":"sale","11":"shipping-taxable","12":"purchasable","13":"product-type-simple"},"jetpack_sharing_enabled":true,"_links":{"self":[{"href":"https:\/\/espacetechnologie.ma\/ar\/wp-json\/wp\/v2\/product\/5931","targetHints":{"allow":["GET"]}}],"collection":[{"href":"https:\/\/espacetechnologie.ma\/ar\/wp-json\/wp\/v2\/product"}],"about":[{"href":"https:\/\/espacetechnologie.ma\/ar\/wp-json\/wp\/v2\/types\/product"}],"replies":[{"embeddable":true,"href":"https:\/\/espacetechnologie.ma\/ar\/wp-json\/wp\/v2\/comments?post=5931"}],"wp:featuredmedia":[{"embeddable":true,"href":"https:\/\/espacetechnologie.ma\/ar\/wp-json\/wp\/v2\/media\/5930"}],"wp:attachment":[{"href":"https:\/\/espacetechnologie.ma\/ar\/wp-json\/wp\/v2\/media?parent=5931"}],"wp:term":[{"taxonomy":"product_brand","embeddable":true,"href":"https:\/\/espacetechnologie.ma\/ar\/wp-json\/wp\/v2\/product_brand?post=5931"},{"taxonomy":"product_cat","embeddable":true,"href":"https:\/\/espacetechnologie.ma\/ar\/wp-json\/wp\/v2\/product_cat?post=5931"},{"taxonomy":"product_tag","embeddable":true,"href":"https:\/\/espacetechnologie.ma\/ar\/wp-json\/wp\/v2\/product_tag?post=5931"}],"curies":[{"name":"wp","href":"https:\/\/api.w.org\/{rel}","templated":true}]}}