{"id":5929,"date":"2025-07-08T15:17:36","date_gmt":"2025-07-08T14:17:36","guid":{"rendered":"https:\/\/espacetechnologie.ma\/product\/pubg-controller-l1-r1-trigger-button-pour-les-smartphone\/"},"modified":"2025-08-03T07:50:09","modified_gmt":"2025-08-03T06:50:09","slug":"pubg-controller-l1-r1-trigger-button-pour-les-smartphone","status":"publish","type":"product","link":"https:\/\/espacetechnologie.ma\/ar\/product\/pubg-controller-l1-r1-trigger-button-pour-les-smartphone\/","title":{"rendered":"PUBG Controller L1\/R1 Trigger Button pour les smartphone"},"content":{"rendered":"<p>2 pi\u00e8ces X10 PUBG contr\u00f4leur de jeu Mobile bouton de feu d\u00e9clencheur est adapt\u00e9 pour contr\u00f4ler le bouton de feu gauche et droite du PUBG<br \/>\nDescription:<br \/>\nJeu mobile auxiliaire artefact<br \/>\nConception ergonomique simple et de grande valeur<br \/>\nFacile \u00e0 utiliser, adapt\u00e9 \u00e0 la plupart des mod\u00e8les de t\u00e9l\u00e9phones mobiles<br \/>\nR\u00e9actif, jeu essentials<br \/>\nRestaurer souris d&rsquo;ordinateur exp\u00e9rience<br \/>\nSp\u00e9cifications:<br \/>\nCouleur: Noir<br \/>\nMat\u00e9riau: ABS + m\u00e9tal<br \/>\nTaille: 58*58*30mm<br \/>\nEmballage Inclus:<br \/>\n2 * Contr\u00f4leur de jeu<br \/>\nNotes:<br \/>\nSeul le contenu de l&#8217;emballage ci-dessus, les autres produits ne sont pas inclus.<br \/>\nRemarque: la prise de vue l\u00e9g\u00e8re et diff\u00e9rents affichages peuvent faire en sorte que la couleur de l&rsquo;article dans l&rsquo;image soit un peu diff\u00e9rente de la r\u00e9alit\u00e9. L&rsquo;erreur de mesure autoris\u00e9e est de +\/- 1-3cm.<\/p>","protected":false},"excerpt":{"rendered":"<p>L\u00e9ger et portable<br \/>\nExtensible et r\u00e9glable<br \/>\nPoign\u00e9e de jeu non inclus<br \/>\nLongtemps en utilisant le temps<br \/>\nTaille: 58*58*30mm<br \/>\nCouleur: Noir<\/p>","protected":false},"featured_media":5928,"comment_status":"open","ping_status":"closed","template":"","meta":{"event_title":"","event_details":"","event_timezone":"","event_gmap":"","event_image":"","event_image_url":"","event_calendar_link":"","event_location":"","event_datetime_with_summary":"","event_datetime":"","event_date_type":"","event_rulesummary":"","event_ticket_rsvp":"","_gspb_post_css":""},"product_brand":[],"product_cat":[90,129,84],"product_tag":[],"class_list":{"0":"post-5929","1":"product","2":"type-product","3":"status-publish","4":"has-post-thumbnail","6":"product_cat-autres-accessoires-smartphone","7":"product_cat-gaming","8":"product_cat-smartphone","10":"first","11":"instock","12":"sale","13":"shipping-taxable","14":"purchasable","15":"product-type-simple"},"jetpack_sharing_enabled":true,"_links":{"self":[{"href":"https:\/\/espacetechnologie.ma\/ar\/wp-json\/wp\/v2\/product\/5929","targetHints":{"allow":["GET"]}}],"collection":[{"href":"https:\/\/espacetechnologie.ma\/ar\/wp-json\/wp\/v2\/product"}],"about":[{"href":"https:\/\/espacetechnologie.ma\/ar\/wp-json\/wp\/v2\/types\/product"}],"replies":[{"embeddable":true,"href":"https:\/\/espacetechnologie.ma\/ar\/wp-json\/wp\/v2\/comments?post=5929"}],"wp:featuredmedia":[{"embeddable":true,"href":"https:\/\/espacetechnologie.ma\/ar\/wp-json\/wp\/v2\/media\/5928"}],"wp:attachment":[{"href":"https:\/\/espacetechnologie.ma\/ar\/wp-json\/wp\/v2\/media?parent=5929"}],"wp:term":[{"taxonomy":"product_brand","embeddable":true,"href":"https:\/\/espacetechnologie.ma\/ar\/wp-json\/wp\/v2\/product_brand?post=5929"},{"taxonomy":"product_cat","embeddable":true,"href":"https:\/\/espacetechnologie.ma\/ar\/wp-json\/wp\/v2\/product_cat?post=5929"},{"taxonomy":"product_tag","embeddable":true,"href":"https:\/\/espacetechnologie.ma\/ar\/wp-json\/wp\/v2\/product_tag?post=5929"}],"curies":[{"name":"wp","href":"https:\/\/api.w.org\/{rel}","templated":true}]}}