{"id":5920,"date":"2025-07-08T15:17:34","date_gmt":"2025-07-08T14:17:34","guid":{"rendered":"https:\/\/espacetechnologie.ma\/product\/boya-by-mm1-mini-microphone-cardioide-electret-metal\/"},"modified":"2025-08-02T15:21:12","modified_gmt":"2025-08-02T14:21:12","slug":"boya-by-mm1-mini-microphone-cardioide-electret-metal","status":"publish","type":"product","link":"https:\/\/espacetechnologie.ma\/ar\/product\/boya-by-mm1-mini-microphone-cardioide-electret-metal\/","title":{"rendered":"Boya By-Mm1 Mini Microphone Cardio\u00efde Electret M\u00e9tal"},"content":{"rendered":"<p>Microphone cardio\u00efde professionnel avec condensateur \u00e0 \u00e9lectret de haute qualit\u00e9, tr\u00e8s sensible au son de l&rsquo;avant.<br \/>\nR\u00e9ponse en fr\u00e9quence large: 35-18KHz +\/- 3dB; \u00a0sensibilit\u00e9: -42 dB +\/- 1 dB \/ 0 dB = 1 V \/ Pa, 1 kHz, SNR \u00e9lev\u00e9: 76 dB SPL, assurez-vous que le son est limpide.<br \/>\nLivr\u00e9 avec un c\u00e2ble TRRS et TRS pour smartphone, appareil photo, cam\u00e9scopes et enregistreurs audio avec connecteur 3,5 mm.<br \/>\nLe pare-brise \u00e0 fourrure professionnel peut r\u00e9duire efficacement le bruit du vent et de l&rsquo;environnement pour l&rsquo;enregistrement en ext\u00e9rieur.<br \/>\nLivr\u00e9 avec un support antichoc pour vous permettre de monter le micro sur les supports de t\u00e9l\u00e9phone \/ le support de griffe pour appareil photo. \u00a0(le support de t\u00e9l\u00e9phone n&rsquo;est pas inclus.)<br \/>\nBranchez et d\u00e9marrez, aucune batterie n&rsquo;est requise.<\/p>","protected":false},"excerpt":{"rendered":"<p>Microphone cardio\u00efde professionnel avec condensateur \u00e0 \u00e9lectret de haute qualit\u00e9, tr\u00e8s sensible au son de l&rsquo;avant. R\u00e9ponse en fr\u00e9quence large: 35-18KHz +\/- 3dB; \u00a0sensibilit\u00e9: -42 dB +\/- 1 dB \/ 0 dB = 1 V \/ Pa, 1 kHz, SNR \u00e9lev\u00e9: 76 dB SPL, assurez-vous que le son est limpide. Livr\u00e9 avec un c\u00e2ble TRRS [&hellip;]<\/p>\n","protected":false},"featured_media":5919,"comment_status":"open","ping_status":"closed","template":"","meta":{"event_title":"","event_details":"","event_timezone":"","event_gmap":"","event_image":"","event_image_url":"","event_calendar_link":"","event_location":"","event_datetime_with_summary":"","event_datetime":"","event_date_type":"","event_rulesummary":"","event_ticket_rsvp":"","_gspb_post_css":""},"product_brand":[],"product_cat":[107,111],"product_tag":[],"class_list":{"0":"post-5920","1":"product","2":"type-product","3":"status-publish","4":"has-post-thumbnail","6":"product_cat-audio","7":"product_cat-microphones","9":"first","10":"instock","11":"sale","12":"shipping-taxable","13":"purchasable","14":"product-type-simple"},"jetpack_sharing_enabled":true,"_links":{"self":[{"href":"https:\/\/espacetechnologie.ma\/ar\/wp-json\/wp\/v2\/product\/5920","targetHints":{"allow":["GET"]}}],"collection":[{"href":"https:\/\/espacetechnologie.ma\/ar\/wp-json\/wp\/v2\/product"}],"about":[{"href":"https:\/\/espacetechnologie.ma\/ar\/wp-json\/wp\/v2\/types\/product"}],"replies":[{"embeddable":true,"href":"https:\/\/espacetechnologie.ma\/ar\/wp-json\/wp\/v2\/comments?post=5920"}],"wp:featuredmedia":[{"embeddable":true,"href":"https:\/\/espacetechnologie.ma\/ar\/wp-json\/wp\/v2\/media\/5919"}],"wp:attachment":[{"href":"https:\/\/espacetechnologie.ma\/ar\/wp-json\/wp\/v2\/media?parent=5920"}],"wp:term":[{"taxonomy":"product_brand","embeddable":true,"href":"https:\/\/espacetechnologie.ma\/ar\/wp-json\/wp\/v2\/product_brand?post=5920"},{"taxonomy":"product_cat","embeddable":true,"href":"https:\/\/espacetechnologie.ma\/ar\/wp-json\/wp\/v2\/product_cat?post=5920"},{"taxonomy":"product_tag","embeddable":true,"href":"https:\/\/espacetechnologie.ma\/ar\/wp-json\/wp\/v2\/product_tag?post=5920"}],"curies":[{"name":"wp","href":"https:\/\/api.w.org\/{rel}","templated":true}]}}