{"id":5913,"date":"2025-07-08T15:17:33","date_gmt":"2025-07-08T14:17:33","guid":{"rendered":"https:\/\/espacetechnologie.ma\/product\/%d9%84%d8%b9%d8%a8%d8%a9%d8%a7%d9%84%d9%81%d9%8a%d8%af%d9%8a%d9%88-%d9%85%d8%b9-2%d9%88%d8%ad%d8%af%d8%a9-%d8%aa%d8%ad%d9%83%d9%85-%d9%84%d8%a7%d8%b3%d9%84%d9%83%d9%8a%d8%a9-%d9%85%d8%b2%d8%af%d9%88\/"},"modified":"2025-08-06T19:35:29","modified_gmt":"2025-08-06T18:35:29","slug":"%d9%84%d8%b9%d8%a8%d8%a9%d8%a7%d9%84%d9%81%d9%8a%d8%af%d9%8a%d9%88-%d9%85%d8%b9-2%d9%88%d8%ad%d8%af%d8%a9-%d8%aa%d8%ad%d9%83%d9%85-%d9%84%d8%a7%d8%b3%d9%84%d9%83%d9%8a%d8%a9-%d9%85%d8%b2%d8%af%d9%88","status":"publish","type":"product","link":"https:\/\/espacetechnologie.ma\/ar\/product\/%d9%84%d8%b9%d8%a8%d8%a9%d8%a7%d9%84%d9%81%d9%8a%d8%af%d9%8a%d9%88-%d9%85%d8%b9-2%d9%88%d8%ad%d8%af%d8%a9-%d8%aa%d8%ad%d9%83%d9%85-%d9%84%d8%a7%d8%b3%d9%84%d9%83%d9%8a%d8%a9-%d9%85%d8%b2%d8%af%d9%88\/","title":{"rendered":"\u0644\u0639\u0628\u0629\u0627\u0644\u0641\u064a\u062f\u064a\u0648 \u0645\u0639 2\u0648\u062d\u062f\u0629 \u062a\u062d\u0643\u0645 \u0644\u0627\u0633\u0644\u0643\u064a\u0629 \u0645\u0632\u062f\u0648\u062c\u0629 (10000 \u0644\u0639\u0628\u0629)"},"content":{"rendered":"<p>Syst\u00e8me d&rsquo;exploitation: syst\u00e8me Linux Retroarchiopen Source<br \/>\nLangue: supporter plusieurs langues anglais\/espagnol\/fran\u00e7ais\/japonais\/cor\u00e9en\/russe\/n\u00e9erlandais\/portugais<br \/>\n\u00c9mulateur: MAME\/FC\/GB\/MD\/SFC \/PS\/ATAR &#8211; 2600\/ATAR &#8211; 7800<br \/>\nCPU: GB2<br \/>\nSdram: DDR3 256 mo<br \/>\nFlash: 128 MO<\/p>\n<p>Plug and Play,<\/p>\n<p>Les jeux sont pr\u00e9charg\u00e9s dans la console de jeu, 32 go avec 3550 jeux, 64 go avec 10000 jeux<br \/>\nCette console de jeu permet aux joueurs de rechercher des jeux, de personnaliser leurs jeux pr\u00e9f\u00e9r\u00e9s et de jouer et de t\u00e9l\u00e9charger des jeux par eux-m\u00eames. \u00c9quip\u00e9 d&rsquo;un double joystick sans fil, vous pouvez jouer \u00e0 tous les excellents jeux, vous permettre de profiter davantage du jeu, vous permettre de vous souvenir rapidement et de profiter de la joie de l&rsquo;enfance! Si vous avez besoin d&rsquo;une liste de jeux, veuillez contacter le service client pour la liste de jeux!<br \/>\n1, branchez le r\u00e9cepteur et le c\u00e2ble usb \u00e0 la cl\u00e9,<br \/>\n2. Connectez l&rsquo;usb au port usb de la t\u00e9l\u00e9vision ou \u00e0 toute banque d&rsquo;alimentation pour l&rsquo;alimentation,<br \/>\n3. Branchez la cl\u00e9 sur le port HDMI du t\u00e9l\u00e9viseur et jouez,<br \/>\n4. Appuyez sur le bouton Select et Start ensemble pour revenir au menu principal<br \/>\n1 * USB R\u00e9cepteur<br \/>\n1 * C\u00e2ble d&rsquo;alimentation<br \/>\n1 * C\u00e2ble HD<br \/>\n1 * Console de jeu<br \/>\n2 * Gamepad<br \/>\n1 * bo\u00eete de vente au d\u00e9tail (facultatif)<br \/>\nConsole de jeu vid\u00e9o 4K compatible HDMI<br \/>\nLe mini b\u00e2ton de jeu portable 4K TV jeux a un corps l\u00e9ger et compact. Plug and play, ne prend pas trop de place, et est facile \u00e0 transporter, adapt\u00e9 aux voyages et \u00e0 la maison. Cette console de jeu vid\u00e9o convient \u00e0 un t\u00e9l\u00e9viseur\/ordinateur\/moniteur\/projecteur ultra-haute d\u00e9finition, prend en charge la connexion compatible HDMI, a une qualit\u00e9 d&rsquo;image HD 1080P, Et peut profiter de jeux vid\u00e9o vivants et int\u00e9ressants sur grand \u00e9cran.<br \/>\nSupport 9 Modes de Jeu<br \/>\nAvec une puce CPU GB2 am\u00e9lior\u00e9e, la console de jeux TV 4K game stick est int\u00e9gr\u00e9e avec plus de 9 \u00e9mulateurs, compatibles avec MAME, PS1, GB, GBA, GBC, MD, SFC, jeux au format FC et ATARI, que vous pouvez t\u00e9l\u00e9charger et enregistrer sur sa carte m\u00e9moire;<br \/>\nDisque U de jeu r\u00e9tro intelligent am\u00e9lior\u00e9<br \/>\nConsole de jeu TV sans fil avec plus de 10000 types de jeux riches est install\u00e9, 9 \u00e9mulateurs prenant en charge plusieurs jeux sont install\u00e9s et une carte TF de 32 go est attach\u00e9e. Utilisez des puces de jeu am\u00e9lior\u00e9es pour prendre en charge 8 bits, 16 bits, 32 bits, 64 bits, 128 bits et d&rsquo;autres \u00e9mulateurs. Il r\u00e9pond parfaitement \u00e0 vos besoins pour la qualit\u00e9 d&rsquo;image et la fluidit\u00e9 du jeu.<br \/>\n2.4GHz sans fil contr\u00f4leur<br \/>\n\u00c9quip\u00e9 de deux contr\u00f4leurs de jeux TV sans fil 2.4Ghz. Supporte jusqu&rsquo;\u00e0 4 joueurs en m\u00eame temps, vous pouvez contr\u00f4ler \u00e0 distance et profiter du jeu sur le canap\u00e9 avec votre famille ou vos amis.<br \/>\nVersion am\u00e9lior\u00e9e<br \/>\nPrend en charge 25 langues. La derni\u00e8re console de jeux TV sans fil, avec carte m\u00e9moire 64 go, plus de 10000 jeux int\u00e9gr\u00e9s, recherch\u00e9, collectable, archectif et vous aide \u00e0 t\u00e9l\u00e9charger vos jeux pr\u00e9f\u00e9r\u00e9s;<br \/>\nT\u00e9l\u00e9charger Jeu \u00c9tapes<br \/>\n\u00c9tape 1: t\u00e9l\u00e9charger le fichier de jeu<\/p>\n<p>\u00c9tape 2: connectez la carte TF \u00e0 l&rsquo;ordinateur avec le lecteur de carte<\/p>\n<p>\u00c9tape 3: copiez les fichiers du jeu dans le dossier correspondant (le nom de l&rsquo;\u00e9mulateur)<\/p>\n<p>\u00c9tape 4: ins\u00e9rez la carte dans la console de jeu, connectez la console de jeu et allumez-la<\/p>\n<p>\u00c9tape 5: trouvez votre jeu et commencez \u00e0 jouer (vous pouvez utiliser la fonction de recherche)<br \/>\nLe forfait Comprend:<br \/>\n1 x Console Game Stick<\/p>\n<p>1 x r\u00e9cepteur Sans Fil<\/p>\n<p>2 x Contr\u00f4leur<\/p>\n<p>1 x c\u00e2ble de Charge<\/p>\n<p>1 x manuel de L&rsquo;utilisateur<\/p>\n<p>1 x c\u00e2ble HD<\/p>\n<p>Carte TF (option)<\/p>","protected":false},"excerpt":{"rendered":"<p>Syst\u00e8me d&rsquo;exploitation: syst\u00e8me Linux Retroarchiopen Source<br \/>\nLangue: supporter plusieurs langues anglais\/espagnol\/fran\u00e7ais\/japonais\/cor\u00e9en\/russe\/n\u00e9erlandais\/portugais<br \/>\n\u00c9mulateur: MAME\/FC\/GB\/MD\/SFC \/PS\/ATAR &#8211; 2600\/ATAR &#8211; 7800<br \/>\nCPU: GB2<br \/>\nSdram: DDR3 256 mo<\/p>","protected":false},"featured_media":5912,"comment_status":"open","ping_status":"closed","template":"","meta":{"event_title":"","event_details":"","event_timezone":"","event_gmap":"","event_image":"","event_image_url":"","event_calendar_link":"","event_location":"","event_datetime_with_summary":"","event_datetime":"","event_date_type":"","event_rulesummary":"","event_ticket_rsvp":"","_gspb_post_css":""},"product_brand":[],"product_cat":[82,129],"product_tag":[],"class_list":{"0":"post-5913","1":"product","2":"type-product","3":"status-publish","4":"has-post-thumbnail","6":"product_cat-gadgets","7":"product_cat-gaming","9":"first","10":"instock","11":"sale","12":"featured","13":"shipping-taxable","14":"purchasable","15":"product-type-simple"},"jetpack_sharing_enabled":true,"_links":{"self":[{"href":"https:\/\/espacetechnologie.ma\/ar\/wp-json\/wp\/v2\/product\/5913","targetHints":{"allow":["GET"]}}],"collection":[{"href":"https:\/\/espacetechnologie.ma\/ar\/wp-json\/wp\/v2\/product"}],"about":[{"href":"https:\/\/espacetechnologie.ma\/ar\/wp-json\/wp\/v2\/types\/product"}],"replies":[{"embeddable":true,"href":"https:\/\/espacetechnologie.ma\/ar\/wp-json\/wp\/v2\/comments?post=5913"}],"wp:featuredmedia":[{"embeddable":true,"href":"https:\/\/espacetechnologie.ma\/ar\/wp-json\/wp\/v2\/media\/5912"}],"wp:attachment":[{"href":"https:\/\/espacetechnologie.ma\/ar\/wp-json\/wp\/v2\/media?parent=5913"}],"wp:term":[{"taxonomy":"product_brand","embeddable":true,"href":"https:\/\/espacetechnologie.ma\/ar\/wp-json\/wp\/v2\/product_brand?post=5913"},{"taxonomy":"product_cat","embeddable":true,"href":"https:\/\/espacetechnologie.ma\/ar\/wp-json\/wp\/v2\/product_cat?post=5913"},{"taxonomy":"product_tag","embeddable":true,"href":"https:\/\/espacetechnologie.ma\/ar\/wp-json\/wp\/v2\/product_tag?post=5913"}],"curies":[{"name":"wp","href":"https:\/\/api.w.org\/{rel}","templated":true}]}}