{"id":5908,"date":"2025-07-08T15:17:32","date_gmt":"2025-07-08T14:17:32","guid":{"rendered":"https:\/\/espacetechnologie.ma\/product\/%d9%88%d8%ad%d8%af%d8%a9-%d8%aa%d8%ad%d9%83%d9%85-%d8%a3%d9%84%d8%b9%d8%a7%d8%a8-%d9%84%d8%a7%d8%b3%d9%84%d9%83%d9%8a%d8%a9-%d9%85%d8%b9-%d9%88%d8%b8%d9%8a%d9%81%d8%a9-%d8%a7%d9%84%d8%a7%d9%87%d8%aa\/"},"modified":"2025-08-02T14:43:32","modified_gmt":"2025-08-02T13:43:32","slug":"%d9%88%d8%ad%d8%af%d8%a9-%d8%aa%d8%ad%d9%83%d9%85-%d8%a3%d9%84%d8%b9%d8%a7%d8%a8-%d9%84%d8%a7%d8%b3%d9%84%d9%83%d9%8a%d8%a9-%d9%85%d8%b9-%d9%88%d8%b8%d9%8a%d9%81%d8%a9-%d8%a7%d9%84%d8%a7%d9%87%d8%aa","status":"publish","type":"product","link":"https:\/\/espacetechnologie.ma\/ar\/product\/%d9%88%d8%ad%d8%af%d8%a9-%d8%aa%d8%ad%d9%83%d9%85-%d8%a3%d9%84%d8%b9%d8%a7%d8%a8-%d9%84%d8%a7%d8%b3%d9%84%d9%83%d9%8a%d8%a9-%d9%85%d8%b9-%d9%88%d8%b8%d9%8a%d9%81%d8%a9-%d8%a7%d9%84%d8%a7%d9%87%d8%aa\/","title":{"rendered":"\u0648\u062d\u062f\u0629 \u062a\u062d\u0643\u0645 \u0623\u0644\u0639\u0627\u0628 \u0644\u0627\u0633\u0644\u0643\u064a\u0629 \u0645\u0639 \u0648\u0638\u064a\u0641\u0629 \u0627\u0644\u0627\u0647\u062a\u0632\u0627\u0632 \u0644\u0623\u0646\u0638\u0645\u0629 iOS \u0648Android \u0648Windows \u0648PS4 \u0648PS3"},"content":{"rendered":"<p>Le produit est principalement adapt\u00e9 aux consoles PS3 compatibles, Android, iOs (13.0 et plus) et aux syst\u00e8mes PC pour utiliser n&rsquo;importe quelle version de jeu prenant en charge les consoles P4 lors de la connexion pour les op\u00e9rations de jeu.<br \/>\nAdopter une technologie de connexion sans fil haute performance pour fournir des signaux fiables \u00e0 moins de 8 m\u00e8tres sans d\u00e9lai et sans interruption, forte anti-interf\u00e9rence, et ne sera pas affect\u00e9 par d&rsquo;autres appareils sans fil. Connexion automatique sans pilote, pas besoin de processus de correspondance de code fastidieux.<br \/>\nLumi\u00e8re respirante de couleur LED int\u00e9gr\u00e9e, la poign\u00e9e a une lumi\u00e8re LED color\u00e9e pour indiquer la fonction de canal de poign\u00e9e du joueur et l&rsquo;indication d&rsquo;\u00e9tat.<br \/>\nLes moteurs asym\u00e9triques gauche et droit int\u00e9gr\u00e9s supportent la fonction de double vibration du moteur.<br \/>\nCapteur d&rsquo;acc\u00e9l\u00e9ration 3D int\u00e9gr\u00e9 et capteur de gyroscope G, avec fonction de d\u00e9tection \u00e0 six axes.<br \/>\n\u00c9quip\u00e9 d&rsquo;une prise casque de 3.5mm, qui peut \u00e9mettre des signaux audio de jeu \u00e0 travers le casque de la poign\u00e9n<br \/>\nLa m\u00e9thode de contact est la m\u00eame que la m\u00e9thode connexion de la poign\u00e9e.<br \/>\nPrise en charge du pav\u00e9 tactile capacitif \u00e0 double point.<br \/>\nPrise en charge du PC USB: mise \u00e0 niveau en ligne du programme du produit, afin de prendre en charge le dernier syst\u00e8me de mise \u00e0 niveau de la console. Il peut \u00e9viter le probl\u00e8me de l&rsquo;indisponibilit\u00e9 du produit d\u00fb au syst\u00e8me de mise \u00e0 niveau de la console.<br \/>\nPrend en charge la fonction de programmation, selon les pr\u00e9f\u00e9rences de l&rsquo;utilisateur, les touches de fonction couramment utilis\u00e9es ou les touches combin\u00e9es peuvent \u00eatre r\u00e9gl\u00e9es sur le c\u00f4t\u00e9 et en bas S1-S4 les touches de programmation, ce qui est pratique \u00e0 utiliser<br \/>\nTension et courant de fonctionnement: DC 3.7V = \u00a0 \u00a0 \u00a0 50mA<br \/>\nCapacit\u00e9 de la batterie: 400mA<br \/>\nTemps d&rsquo;utilisation continu enti\u00e8rement charg\u00e9: \u00a0 \u00a0 \u00a0 \u00a0 \u00a0 environ8 heures<br \/>\nTemps de charge: environ 3 heuresVersion: 3.0,<br \/>\ndistance de transmission 8mTemps de veille: 30 lorsqu&rsquo;il est compl\u00e8tement<\/p>","protected":false},"excerpt":{"rendered":"<p>Description de l&rsquo;article<br \/>\nManette de jeu sans fil Joystick avec manette Usb programmable \u00e0 double choc pour Switch\/oled avec fonction de vibration<br \/>\nDescription:<br \/>\nCaract\u00e9ristique:<\/p>","protected":false},"featured_media":5907,"comment_status":"open","ping_status":"closed","template":"","meta":{"event_title":"","event_details":"","event_timezone":"","event_gmap":"","event_image":"","event_image_url":"","event_calendar_link":"","event_location":"","event_datetime_with_summary":"","event_datetime":"","event_date_type":"","event_rulesummary":"","event_ticket_rsvp":"","_gspb_post_css":""},"product_brand":[],"product_cat":[129],"product_tag":[],"class_list":{"0":"post-5908","1":"product","2":"type-product","3":"status-publish","4":"has-post-thumbnail","6":"product_cat-gaming","8":"first","9":"instock","10":"sale","11":"shipping-taxable","12":"purchasable","13":"product-type-simple"},"jetpack_sharing_enabled":true,"_links":{"self":[{"href":"https:\/\/espacetechnologie.ma\/ar\/wp-json\/wp\/v2\/product\/5908","targetHints":{"allow":["GET"]}}],"collection":[{"href":"https:\/\/espacetechnologie.ma\/ar\/wp-json\/wp\/v2\/product"}],"about":[{"href":"https:\/\/espacetechnologie.ma\/ar\/wp-json\/wp\/v2\/types\/product"}],"replies":[{"embeddable":true,"href":"https:\/\/espacetechnologie.ma\/ar\/wp-json\/wp\/v2\/comments?post=5908"}],"wp:featuredmedia":[{"embeddable":true,"href":"https:\/\/espacetechnologie.ma\/ar\/wp-json\/wp\/v2\/media\/5907"}],"wp:attachment":[{"href":"https:\/\/espacetechnologie.ma\/ar\/wp-json\/wp\/v2\/media?parent=5908"}],"wp:term":[{"taxonomy":"product_brand","embeddable":true,"href":"https:\/\/espacetechnologie.ma\/ar\/wp-json\/wp\/v2\/product_brand?post=5908"},{"taxonomy":"product_cat","embeddable":true,"href":"https:\/\/espacetechnologie.ma\/ar\/wp-json\/wp\/v2\/product_cat?post=5908"},{"taxonomy":"product_tag","embeddable":true,"href":"https:\/\/espacetechnologie.ma\/ar\/wp-json\/wp\/v2\/product_tag?post=5908"}],"curies":[{"name":"wp","href":"https:\/\/api.w.org\/{rel}","templated":true}]}}