{"id":5905,"date":"2025-07-08T15:17:31","date_gmt":"2025-07-08T14:17:31","guid":{"rendered":"https:\/\/espacetechnologie.ma\/product\/pointeur-laser\/"},"modified":"2025-08-02T12:51:02","modified_gmt":"2025-08-02T11:51:02","slug":"pointeur-laser","status":"publish","type":"product","link":"https:\/\/espacetechnologie.ma\/ar\/product\/pointeur-laser\/","title":{"rendered":"Pointeur laser"},"content":{"rendered":"<p>\u00e9viter l&rsquo;exposition directe des yeux au faisceau laser<br \/>\n2. veuillez ne pas rester ouvert pendant une longue p\u00e9riode, sinon facile d&rsquo;endommager l&rsquo;ampoule<br \/>\n3. si vous voulez faire correspondre la lumi\u00e8re, veuillez ajuster la focale \u00e0 la plus grande, puis correspondre \u00e0 une distance d&rsquo;environ 10 cm du support de lampe, la partie la plus mince de la lumi\u00e8re, au d\u00e9but peut-\u00eatre ne pas savoir jouer, mais nous l&rsquo;avons test\u00e9 compl\u00e8tement pas de probl\u00e8me pour match l\u00e9ger.<br \/>\n* L\u00e9ger et pratique, adapt\u00e9 pour mettre dans votre poche ou vos sacs \u00e0 main<br \/>\n* Couleur de la lumi\u00e8re Laser: vert<br \/>\n*\u00a0Port\u00e9e Laser: 8000-10000 m\u00e8tres<br \/>\n* Longueur d&rsquo;onde de sortie: 532 nm\/+-10<br \/>\n* Appuyez sur le bouton pour allumer\/\u00e9teindre<br \/>\n* Mode de sortie: onde constante<br \/>\n* Aliment\u00e9 par une18650Ou16340Batterie au lithium<\/p>","protected":false},"excerpt":{"rendered":"<p>\u00e9viter l&rsquo;exposition directe des yeux au faisceau laser 2. veuillez ne pas rester ouvert pendant une longue p\u00e9riode, sinon facile d&rsquo;endommager l&rsquo;ampoule 3. si vous voulez faire correspondre la lumi\u00e8re, veuillez ajuster la focale \u00e0 la plus grande, puis correspondre \u00e0 une distance d&rsquo;environ 10 cm du support de lampe, la partie la plus mince [&hellip;]<\/p>\n","protected":false},"featured_media":5904,"comment_status":"open","ping_status":"closed","template":"","meta":{"event_title":"","event_details":"","event_timezone":"","event_gmap":"","event_image":"","event_image_url":"","event_calendar_link":"","event_location":"","event_datetime_with_summary":"","event_datetime":"","event_date_type":"","event_rulesummary":"","event_ticket_rsvp":"","_gspb_post_css":""},"product_brand":[],"product_cat":[82],"product_tag":[],"class_list":{"0":"post-5905","1":"product","2":"type-product","3":"status-publish","4":"has-post-thumbnail","6":"product_cat-gadgets","8":"first","9":"instock","10":"sale","11":"shipping-taxable","12":"purchasable","13":"product-type-simple"},"jetpack_sharing_enabled":true,"_links":{"self":[{"href":"https:\/\/espacetechnologie.ma\/ar\/wp-json\/wp\/v2\/product\/5905","targetHints":{"allow":["GET"]}}],"collection":[{"href":"https:\/\/espacetechnologie.ma\/ar\/wp-json\/wp\/v2\/product"}],"about":[{"href":"https:\/\/espacetechnologie.ma\/ar\/wp-json\/wp\/v2\/types\/product"}],"replies":[{"embeddable":true,"href":"https:\/\/espacetechnologie.ma\/ar\/wp-json\/wp\/v2\/comments?post=5905"}],"wp:featuredmedia":[{"embeddable":true,"href":"https:\/\/espacetechnologie.ma\/ar\/wp-json\/wp\/v2\/media\/5904"}],"wp:attachment":[{"href":"https:\/\/espacetechnologie.ma\/ar\/wp-json\/wp\/v2\/media?parent=5905"}],"wp:term":[{"taxonomy":"product_brand","embeddable":true,"href":"https:\/\/espacetechnologie.ma\/ar\/wp-json\/wp\/v2\/product_brand?post=5905"},{"taxonomy":"product_cat","embeddable":true,"href":"https:\/\/espacetechnologie.ma\/ar\/wp-json\/wp\/v2\/product_cat?post=5905"},{"taxonomy":"product_tag","embeddable":true,"href":"https:\/\/espacetechnologie.ma\/ar\/wp-json\/wp\/v2\/product_tag?post=5905"}],"curies":[{"name":"wp","href":"https:\/\/api.w.org\/{rel}","templated":true}]}}