{"id":5898,"date":"2025-07-08T15:17:29","date_gmt":"2025-07-08T14:17:29","guid":{"rendered":"https:\/\/espacetechnologie.ma\/product\/traqueur-pour-moto-et-voiture\/"},"modified":"2025-08-06T19:38:18","modified_gmt":"2025-08-06T18:38:18","slug":"traqueur-pour-moto-et-voiture","status":"publish","type":"product","link":"https:\/\/espacetechnologie.ma\/ar\/product\/traqueur-pour-moto-et-voiture\/","title":{"rendered":"traqueur pour moto et voiture,"},"content":{"rendered":"<p>Nom: Tracker<br \/>\nType: Traqueur de voiture<br \/>\nMat\u00e9riau: plastique ABS<br \/>\nAllumage avec d\u00e9tection ACC<br \/>\nHumidit\u00e9 de fonctionnement: 5% \u00e0 95% sans condensation<br \/>\nGSM Quad Band: GSM 850\/900\/1800\/1900Mhz<br \/>\nCapacit\u00e9 de batterie int\u00e9gr\u00e9e: 350MA<\/p>","protected":false},"excerpt":{"rendered":"<p>Description de l&rsquo;article<br \/>\nDescription:<br \/>\nNom: Tracker<br \/>\nType: Traqueur de voiture<br \/>\nMat\u00e9riau: plastique ABS<br \/>\nAllumage avec d\u00e9tection ACC<br \/>\nHumidit\u00e9 de fonctionnement: 5% \u00e0 95% sans condensation<br \/>\nGSM Quad Band: GSM 850\/900\/1800\/1900Mhz<br \/>\nCapacit\u00e9 de batterie int\u00e9gr\u00e9e: 350MA<br \/>\nListe d&#8217;emballage<br \/>\n1 x Traqueur<br \/>\n1 x Guide rapide<\/p>","protected":false},"featured_media":5897,"comment_status":"open","ping_status":"closed","template":"","meta":{"event_title":"","event_details":"","event_timezone":"","event_gmap":"","event_image":"","event_image_url":"","event_calendar_link":"","event_location":"","event_datetime_with_summary":"","event_datetime":"","event_date_type":"","event_rulesummary":"","event_ticket_rsvp":"","_gspb_post_css":""},"product_brand":[],"product_cat":[115,114,82,113],"product_tag":[],"class_list":{"0":"post-5898","1":"product","2":"type-product","3":"status-publish","4":"has-post-thumbnail","6":"product_cat-accessoires-moto","7":"product_cat-accessoires-voiture","8":"product_cat-gadgets","9":"product_cat-voiture-moto","11":"first","12":"instock","13":"sale","14":"featured","15":"shipping-taxable","16":"purchasable","17":"product-type-simple"},"jetpack_sharing_enabled":true,"_links":{"self":[{"href":"https:\/\/espacetechnologie.ma\/ar\/wp-json\/wp\/v2\/product\/5898","targetHints":{"allow":["GET"]}}],"collection":[{"href":"https:\/\/espacetechnologie.ma\/ar\/wp-json\/wp\/v2\/product"}],"about":[{"href":"https:\/\/espacetechnologie.ma\/ar\/wp-json\/wp\/v2\/types\/product"}],"replies":[{"embeddable":true,"href":"https:\/\/espacetechnologie.ma\/ar\/wp-json\/wp\/v2\/comments?post=5898"}],"wp:featuredmedia":[{"embeddable":true,"href":"https:\/\/espacetechnologie.ma\/ar\/wp-json\/wp\/v2\/media\/5897"}],"wp:attachment":[{"href":"https:\/\/espacetechnologie.ma\/ar\/wp-json\/wp\/v2\/media?parent=5898"}],"wp:term":[{"taxonomy":"product_brand","embeddable":true,"href":"https:\/\/espacetechnologie.ma\/ar\/wp-json\/wp\/v2\/product_brand?post=5898"},{"taxonomy":"product_cat","embeddable":true,"href":"https:\/\/espacetechnologie.ma\/ar\/wp-json\/wp\/v2\/product_cat?post=5898"},{"taxonomy":"product_tag","embeddable":true,"href":"https:\/\/espacetechnologie.ma\/ar\/wp-json\/wp\/v2\/product_tag?post=5898"}],"curies":[{"name":"wp","href":"https:\/\/api.w.org\/{rel}","templated":true}]}}