{"id":5887,"date":"2025-07-08T15:17:27","date_gmt":"2025-07-08T14:17:27","guid":{"rendered":"https:\/\/espacetechnologie.ma\/product\/ecouteurs-anti-radiations\/"},"modified":"2025-08-03T06:51:50","modified_gmt":"2025-08-03T05:51:50","slug":"ecouteurs-anti-radiations","status":"publish","type":"product","link":"https:\/\/espacetechnologie.ma\/ar\/product\/ecouteurs-anti-radiations\/","title":{"rendered":"Ecouteurs anti-radiations"},"content":{"rendered":"<p>100% et haute qualit\u00e9.<br \/>\nTube \u00e0 air high tech adopt\u00e9 pour r\u00e9duire les radiations \u00e0 99%.<br \/>\nLe mat\u00e9riau en aluminium anodis\u00e9 vous apporte une sorte de sensation \u00e0 la mode.<br \/>\nLa conception unique du microphone permet de capturer un son clair, s\u00fbr et cristallin.<\/p>","protected":false},"excerpt":{"rendered":"<p>100% et haute qualit\u00e9. Tube \u00e0 air high tech adopt\u00e9 pour r\u00e9duire les radiations \u00e0 99%. Le mat\u00e9riau en aluminium anodis\u00e9 vous apporte une sorte de sensation \u00e0 la mode. La conception unique du microphone permet de capturer un son clair, s\u00fbr et cristallin.<\/p>","protected":false},"featured_media":5886,"comment_status":"open","ping_status":"closed","template":"","meta":{"event_title":"","event_details":"","event_timezone":"","event_gmap":"","event_image":"","event_image_url":"","event_calendar_link":"","event_location":"","event_datetime_with_summary":"","event_datetime":"","event_date_type":"","event_rulesummary":"","event_ticket_rsvp":"","_gspb_post_css":""},"product_brand":[],"product_cat":[107,108,82],"product_tag":[],"class_list":{"0":"post-5887","1":"product","2":"type-product","3":"status-publish","4":"has-post-thumbnail","6":"product_cat-audio","7":"product_cat-ecouteurs-filaires","8":"product_cat-gadgets","10":"first","11":"instock","12":"sale","13":"shipping-taxable","14":"purchasable","15":"product-type-simple"},"jetpack_sharing_enabled":true,"_links":{"self":[{"href":"https:\/\/espacetechnologie.ma\/ar\/wp-json\/wp\/v2\/product\/5887","targetHints":{"allow":["GET"]}}],"collection":[{"href":"https:\/\/espacetechnologie.ma\/ar\/wp-json\/wp\/v2\/product"}],"about":[{"href":"https:\/\/espacetechnologie.ma\/ar\/wp-json\/wp\/v2\/types\/product"}],"replies":[{"embeddable":true,"href":"https:\/\/espacetechnologie.ma\/ar\/wp-json\/wp\/v2\/comments?post=5887"}],"wp:featuredmedia":[{"embeddable":true,"href":"https:\/\/espacetechnologie.ma\/ar\/wp-json\/wp\/v2\/media\/5886"}],"wp:attachment":[{"href":"https:\/\/espacetechnologie.ma\/ar\/wp-json\/wp\/v2\/media?parent=5887"}],"wp:term":[{"taxonomy":"product_brand","embeddable":true,"href":"https:\/\/espacetechnologie.ma\/ar\/wp-json\/wp\/v2\/product_brand?post=5887"},{"taxonomy":"product_cat","embeddable":true,"href":"https:\/\/espacetechnologie.ma\/ar\/wp-json\/wp\/v2\/product_cat?post=5887"},{"taxonomy":"product_tag","embeddable":true,"href":"https:\/\/espacetechnologie.ma\/ar\/wp-json\/wp\/v2\/product_tag?post=5887"}],"curies":[{"name":"wp","href":"https:\/\/api.w.org\/{rel}","templated":true}]}}