{"id":5879,"date":"2025-07-08T15:17:26","date_gmt":"2025-07-08T14:17:26","guid":{"rendered":"https:\/\/espacetechnologie.ma\/product\/amplificateur-dalimentation-casque-4-canaux-headphone-amplifier\/"},"modified":"2025-08-02T13:30:50","modified_gmt":"2025-08-02T12:30:50","slug":"amplificateur-dalimentation-casque-4-canaux-headphone-amplifier","status":"publish","type":"product","link":"https:\/\/espacetechnologie.ma\/ar\/product\/amplificateur-dalimentation-casque-4-canaux-headphone-amplifier\/","title":{"rendered":"Amplificateur d&rsquo;Alimentation Casque 4 Canaux &#8211; Headphone Amplifier"},"content":{"rendered":"<p>Amplificateur pour casques<br \/>\nNombre de canaux : 4<br \/>\nEntr\u00e9es ligne: ster\u00e9o<br \/>\nImp\u00e9dance: 100K\u03a9<br \/>\nMax. Niveau d&rsquo;entr\u00e9e: + 15dBu<br \/>\nImp\u00e9dance: environ 80 \u03a9<br \/>\nMax. Niveau d&rsquo;entr\u00e9e: env. 40mw en 100\u03a9<br \/>\nAlimentation: alimentation externe, 12V\/150mA<\/p>","protected":false},"excerpt":{"rendered":"<p>Amplificateur pour casques Nombre de canaux : 4 Entr\u00e9es ligne: ster\u00e9o Imp\u00e9dance: 100K\u03a9 Max. Niveau d&rsquo;entr\u00e9e: + 15dBu Imp\u00e9dance: environ 80 \u03a9 Max. Niveau d&rsquo;entr\u00e9e: env. 40mw en 100\u03a9 Alimentation: alimentation externe, 12V\/150mA<\/p>","protected":false},"featured_media":5878,"comment_status":"open","ping_status":"closed","template":"","meta":{"event_title":"","event_details":"","event_timezone":"","event_gmap":"","event_image":"","event_image_url":"","event_calendar_link":"","event_location":"","event_datetime_with_summary":"","event_datetime":"","event_date_type":"","event_rulesummary":"","event_ticket_rsvp":"","_gspb_post_css":""},"product_brand":[],"product_cat":[107,110,82],"product_tag":[],"class_list":{"0":"post-5879","1":"product","2":"type-product","3":"status-publish","4":"has-post-thumbnail","6":"product_cat-audio","7":"product_cat-casques","8":"product_cat-gadgets","10":"first","11":"instock","12":"sale","13":"shipping-taxable","14":"purchasable","15":"product-type-simple"},"jetpack_sharing_enabled":true,"_links":{"self":[{"href":"https:\/\/espacetechnologie.ma\/ar\/wp-json\/wp\/v2\/product\/5879","targetHints":{"allow":["GET"]}}],"collection":[{"href":"https:\/\/espacetechnologie.ma\/ar\/wp-json\/wp\/v2\/product"}],"about":[{"href":"https:\/\/espacetechnologie.ma\/ar\/wp-json\/wp\/v2\/types\/product"}],"replies":[{"embeddable":true,"href":"https:\/\/espacetechnologie.ma\/ar\/wp-json\/wp\/v2\/comments?post=5879"}],"wp:featuredmedia":[{"embeddable":true,"href":"https:\/\/espacetechnologie.ma\/ar\/wp-json\/wp\/v2\/media\/5878"}],"wp:attachment":[{"href":"https:\/\/espacetechnologie.ma\/ar\/wp-json\/wp\/v2\/media?parent=5879"}],"wp:term":[{"taxonomy":"product_brand","embeddable":true,"href":"https:\/\/espacetechnologie.ma\/ar\/wp-json\/wp\/v2\/product_brand?post=5879"},{"taxonomy":"product_cat","embeddable":true,"href":"https:\/\/espacetechnologie.ma\/ar\/wp-json\/wp\/v2\/product_cat?post=5879"},{"taxonomy":"product_tag","embeddable":true,"href":"https:\/\/espacetechnologie.ma\/ar\/wp-json\/wp\/v2\/product_tag?post=5879"}],"curies":[{"name":"wp","href":"https:\/\/api.w.org\/{rel}","templated":true}]}}