{"id":5873,"date":"2025-07-08T15:17:25","date_gmt":"2025-07-08T14:17:25","guid":{"rendered":"https:\/\/espacetechnologie.ma\/product\/cable-hdmi-48gbps-version-2-1-8k60hz-cable-ordinateur-tv-projection-video-hd-cable\/"},"modified":"2025-08-02T15:25:34","modified_gmt":"2025-08-02T14:25:34","slug":"cable-hdmi-48gbps-version-2-1-8k60hz-cable-ordinateur-tv-projection-video-hd-cable","status":"publish","type":"product","link":"https:\/\/espacetechnologie.ma\/ar\/product\/cable-hdmi-48gbps-version-2-1-8k60hz-cable-ordinateur-tv-projection-video-hd-cable\/","title":{"rendered":"C\u00e2ble HDMI 48Gbps Version 2.1 8k60hz C\u00e2ble Ordinateur TV Projection Vid\u00e9o HD C\u00e2ble"},"content":{"rendered":"<p>Description:<br \/>\n100% neuf<br \/>\nCouleurs: (noir)<br \/>\nHDMI 2.1 prend en charge toutes les fonctionnalit\u00e9s V2.1<br \/>\nConnexions: 19 broches m\u00e2le \u00e0 19 broches m\u00e2le or<br \/>\nR\u00e9solution compl\u00e8te 7680 p ( 4096&#215;7680 Pixel)<br \/>\nHDMI prend en charge 4K @ 60hz, (7680p) &#8211; 4 fois la clart\u00e9 de 1080p<br \/>\nHaute qualit\u00e9\/haute vitesse\/plaqu\u00e9 or<br \/>\nCompatible avec tous les appareils utilisant des t\u00e9l\u00e9viseurs UHD 18 ou 19 broches-4k, des t\u00e9l\u00e9viseurs Full HD, Blu Ray, des d\u00e9codeurs, des projecteurs, des ordinateurs portables, des PC et des Consoles<br \/>\nCompatible avec r\u00e9solution 480p, 720p, 1080i, 1080p, 2160p and7680P<br \/>\nPrise en charge HDMI de l&rsquo;ethernet pour permettre une connectivit\u00e9 internet directe<br \/>\nPrend enti\u00e8rement en charge la fonction 3D sur HDMI.<br \/>\nCanal de retour Audio\/ Dolby\u00aePrise en charge du son Surround sans perte TrueHD et DTS HD<br \/>\nVersion HDMI: V2.1 et 100% r\u00e9trocompatible avec HDMI V1.1, V1.2, V1.3 et 1.4<br \/>\nSp\u00e9cifications:<br \/>\n1, c\u00e2ble HDMI complet 19 + 1 broches, OD = 7.3MM, 28AWG<br \/>\n2, version 2.1 avec Ethernet et canal de retour audio<br \/>\nContact plaqu\u00e9 or 3, 24k pour r\u00e9sister \u00e0 la corrosion et pour une connexion optimale et un transfert de signal maximal<br \/>\n4, 60 # ALMG, triple bouclier pour rejeter compl\u00e8tement les EMI et les RFI<br \/>\n5, veste molle de PVC de RoHS pour la protection \u00e0 vie<br \/>\n6, cuivre pur sans oxyg\u00e8ne pour une conductivit\u00e9 ultime<br \/>\n7, Support 3D,8K * 4K,48Gbps,7680P et X.V. colour<br \/>\n8, sac de PE pour la protection contre l&rsquo;abrasion<br \/>\nEmballage Inclus:<br \/>\n1 * c\u00e2ble HDMI<\/p>","protected":false},"excerpt":{"rendered":"<p>Gender:Male-Male<br \/>\nModel Number:HDMI 2.1<br \/>\nConnector A:HDMI<br \/>\nConnector B:HDMI<br \/>\nType:HDMI Cables<br \/>\nVersion:HDMI 2.1<br \/>\nShielding:Braid<br \/>\nPackage:Yes<br \/>\nBundle:Bundle 1<br \/>\nFeature:HDMI2.0<br \/>\nHDMI version:hdmi hdmi 2.1 8K 60Hz 8K 120Hz<br \/>\n8K:8K hdmi 2.1 splitter<br \/>\neARC:hdmi cable 2.1 eARC<br \/>\nDynamic HDR:2.1 hdmi Dynamic HDR<br \/>\n48 Gbps:48 Gbps 2.1 hdmi cables<br \/>\nQMS:2.1 hdmi cables Quick Media Switching (QMS)<br \/>\nHDCP 2.2:2.1 hdmi HDCP 2.2<br \/>\nRGB:RGB 4:4:4 hdmi cable 2.1<br \/>\nVRR:HDMI 2.1 Variable Refresh Rate (VRR)<br \/>\nQFT:2.1 hdmi cable Quick Frame Transport (QFT)<\/p>","protected":false},"featured_media":5872,"comment_status":"open","ping_status":"closed","template":"","meta":{"event_title":"","event_details":"","event_timezone":"","event_gmap":"","event_image":"","event_image_url":"","event_calendar_link":"","event_location":"","event_datetime_with_summary":"","event_datetime":"","event_date_type":"","event_rulesummary":"","event_ticket_rsvp":"","_gspb_post_css":""},"product_brand":[],"product_cat":[124,123],"product_tag":[],"class_list":{"0":"post-5873","1":"product","2":"type-product","3":"status-publish","4":"has-post-thumbnail","6":"product_cat-cables-tv","7":"product_cat-tv","9":"first","10":"instock","11":"sale","12":"shipping-taxable","13":"purchasable","14":"product-type-simple"},"jetpack_sharing_enabled":true,"_links":{"self":[{"href":"https:\/\/espacetechnologie.ma\/ar\/wp-json\/wp\/v2\/product\/5873","targetHints":{"allow":["GET"]}}],"collection":[{"href":"https:\/\/espacetechnologie.ma\/ar\/wp-json\/wp\/v2\/product"}],"about":[{"href":"https:\/\/espacetechnologie.ma\/ar\/wp-json\/wp\/v2\/types\/product"}],"replies":[{"embeddable":true,"href":"https:\/\/espacetechnologie.ma\/ar\/wp-json\/wp\/v2\/comments?post=5873"}],"wp:featuredmedia":[{"embeddable":true,"href":"https:\/\/espacetechnologie.ma\/ar\/wp-json\/wp\/v2\/media\/5872"}],"wp:attachment":[{"href":"https:\/\/espacetechnologie.ma\/ar\/wp-json\/wp\/v2\/media?parent=5873"}],"wp:term":[{"taxonomy":"product_brand","embeddable":true,"href":"https:\/\/espacetechnologie.ma\/ar\/wp-json\/wp\/v2\/product_brand?post=5873"},{"taxonomy":"product_cat","embeddable":true,"href":"https:\/\/espacetechnologie.ma\/ar\/wp-json\/wp\/v2\/product_cat?post=5873"},{"taxonomy":"product_tag","embeddable":true,"href":"https:\/\/espacetechnologie.ma\/ar\/wp-json\/wp\/v2\/product_tag?post=5873"}],"curies":[{"name":"wp","href":"https:\/\/api.w.org\/{rel}","templated":true}]}}