{"id":5867,"date":"2025-07-08T15:17:24","date_gmt":"2025-07-08T14:17:24","guid":{"rendered":"https:\/\/espacetechnologie.ma\/product\/adaptateur-et-cable-dextension-de-chargeur-pour-apple-mac\/"},"modified":"2025-08-03T07:13:58","modified_gmt":"2025-08-03T06:13:58","slug":"adaptateur-et-cable-dextension-de-chargeur-pour-apple-mac","status":"publish","type":"product","link":"https:\/\/espacetechnologie.ma\/ar\/product\/adaptateur-et-cable-dextension-de-chargeur-pour-apple-mac\/","title":{"rendered":"adaptateur et C\u00e2ble d&rsquo;extension de chargeur pour Apple MAC"},"content":{"rendered":"<p>Caract\u00e9ristiques:<br \/>\n1. Qualit\u00e9 100% neuve et super fine.<br \/>\n2. Applicable \u00e0: Pommes Gamme compl\u00e8te de 45W\/ 60W\/ 65W\/ 85W\/ IPAD.<br \/>\n3. Applicable \u00e0 toutes les s\u00e9ries de notebooks Apple IPAD \\ IPAD2.<br \/>\n4. La rallonge Apple mesure 1.8m de long, le cordon d&rsquo;alimentation de haute qualit\u00e9 utilise un fil de bonne qualit\u00e9, qui n&rsquo;est pas facile \u00e0 casser dans la partie prise et a une longue dur\u00e9e de vie.<br \/>\n5. Prolongez la longueur de votre adaptateur secteur ou chargeur Apple.<br \/>\nSp\u00e9cifications:<br \/>\nMat\u00e9riel: M\u00e9tal, PVC<br \/>\nCouleur: Comme indiqu\u00e9<br \/>\nTaille: Comme indiqu\u00e9 (1 pouce = 2.54cm)<br \/>\nPrise: UE<br \/>\nLongueur: 1.8m<br \/>\nLe paquet comprend:<br \/>\n1 X cordon de rallonge EU.<br \/>\nRemarque:<br \/>\n1. En raison de l&rsquo;effet diff\u00e9rent du moniteur et de la lumi\u00e8re, la couleur r\u00e9elle de l&rsquo;article peut \u00eatre l\u00e9g\u00e8rement diff\u00e9rente de la couleur qui est montr\u00e9e dans les images.<br \/>\n2. Veuillez pardonner la division de mesure de 0.1 cm\/0.039 <\/p>","protected":false},"excerpt":{"rendered":"<p>Mat\u00e9riel: M\u00e9tal, PVC<br \/>\nCouleur: Comme indiqu\u00e9<br \/>\nTaille: Comme indiqu\u00e9 (1 pouce = 2.54cm)<br \/>\nPrise: UE<br \/>\nLongueur: 1.8m<\/p>","protected":false},"featured_media":5866,"comment_status":"open","ping_status":"closed","template":"","meta":{"event_title":"","event_details":"","event_timezone":"","event_gmap":"","event_image":"","event_image_url":"","event_calendar_link":"","event_location":"","event_datetime_with_summary":"","event_datetime":"","event_date_type":"","event_rulesummary":"","event_ticket_rsvp":"","_gspb_post_css":""},"product_brand":[],"product_cat":[102,99,96],"product_tag":[],"class_list":{"0":"post-5867","1":"product","2":"type-product","3":"status-publish","4":"has-post-thumbnail","6":"product_cat-autres-accessoires-pc","7":"product_cat-chargeurs-pc","8":"product_cat-pc","10":"first","11":"instock","12":"sale","13":"shipping-taxable","14":"purchasable","15":"product-type-simple"},"jetpack_sharing_enabled":true,"_links":{"self":[{"href":"https:\/\/espacetechnologie.ma\/ar\/wp-json\/wp\/v2\/product\/5867","targetHints":{"allow":["GET"]}}],"collection":[{"href":"https:\/\/espacetechnologie.ma\/ar\/wp-json\/wp\/v2\/product"}],"about":[{"href":"https:\/\/espacetechnologie.ma\/ar\/wp-json\/wp\/v2\/types\/product"}],"replies":[{"embeddable":true,"href":"https:\/\/espacetechnologie.ma\/ar\/wp-json\/wp\/v2\/comments?post=5867"}],"wp:featuredmedia":[{"embeddable":true,"href":"https:\/\/espacetechnologie.ma\/ar\/wp-json\/wp\/v2\/media\/5866"}],"wp:attachment":[{"href":"https:\/\/espacetechnologie.ma\/ar\/wp-json\/wp\/v2\/media?parent=5867"}],"wp:term":[{"taxonomy":"product_brand","embeddable":true,"href":"https:\/\/espacetechnologie.ma\/ar\/wp-json\/wp\/v2\/product_brand?post=5867"},{"taxonomy":"product_cat","embeddable":true,"href":"https:\/\/espacetechnologie.ma\/ar\/wp-json\/wp\/v2\/product_cat?post=5867"},{"taxonomy":"product_tag","embeddable":true,"href":"https:\/\/espacetechnologie.ma\/ar\/wp-json\/wp\/v2\/product_tag?post=5867"}],"curies":[{"name":"wp","href":"https:\/\/api.w.org\/{rel}","templated":true}]}}