{"id":5857,"date":"2025-07-08T15:17:23","date_gmt":"2025-07-08T14:17:23","guid":{"rendered":"https:\/\/espacetechnologie.ma\/product\/accelerateur-et-affichage-scooter-tf-100-6pin\/"},"modified":"2025-08-02T13:34:32","modified_gmt":"2025-08-02T12:34:32","slug":"accelerateur-et-affichage-scooter-tf-100-6pin","status":"publish","type":"product","link":"https:\/\/espacetechnologie.ma\/ar\/product\/accelerateur-et-affichage-scooter-tf-100-6pin\/","title":{"rendered":"Acc\u00e9l\u00e9rateur et affichage Scooter TF-100 6Pin"},"content":{"rendered":"<p>Description de l&rsquo;article<br \/>\nTableau de bord de scooter \u00e9lectrique d&rsquo;affichage d&rsquo;instrument de scooter \u00e9lectrique pour des pi\u00e8ces de scooter de coup de pied de Kugoo M4<br \/>\nSp\u00e9cification:<br \/>\nMati\u00e8re principale: Plastique<br \/>\nCouleur: Noir + Rouge<br \/>\nRemarque:<br \/>\n1. \ufeff\ufeff\ufeffEn raison des diff\u00e9rents moniteurs et effets lumineux, la couleur r\u00e9elle de l&rsquo;article peut \u00eatre l\u00e9g\u00e8rement diff\u00e9rente de la couleur montr\u00e9e sur les photos. Merci!<br \/>\n2. \ufeff\ufeff\ufeffVeuillez permettre un \u00e9cart de mesure de 1 \u00e0 3cm en raison des mesures manuelles<br \/>\nMes amis, veuillez v\u00e9rifier s&rsquo;il correspond \u00e0 la voiture d&rsquo;origine avant de passer une commande. Si vous avez des questions, veuillez contacter le service client.<br \/>\nMod\u00e8le : TF-100<br \/>\nCable : 6 Pin<br \/>\nMati\u00e8re principale : Plastique<br \/>\nCouleur : Noir + Rouge<\/p>","protected":false},"excerpt":{"rendered":"<p>Description de l&rsquo;article Tableau de bord de scooter \u00e9lectrique d&rsquo;affichage d&rsquo;instrument de scooter \u00e9lectrique pour des pi\u00e8ces de scooter de coup de pied de Kugoo M4 Sp\u00e9cification: Mati\u00e8re principale: Plastique Couleur: Noir + Rouge Remarque: 1. \ufeff\ufeff\ufeffEn raison des diff\u00e9rents moniteurs et effets lumineux, la couleur r\u00e9elle de l&rsquo;article peut \u00eatre l\u00e9g\u00e8rement diff\u00e9rente de la [&hellip;]<\/p>\n","protected":false},"featured_media":5856,"comment_status":"open","ping_status":"closed","template":"","meta":{"event_title":"","event_details":"","event_timezone":"","event_gmap":"","event_image":"","event_image_url":"","event_calendar_link":"","event_location":"","event_datetime_with_summary":"","event_datetime":"","event_date_type":"","event_rulesummary":"","event_ticket_rsvp":"","_gspb_post_css":""},"product_brand":[],"product_cat":[122,120],"product_tag":[],"class_list":{"0":"post-5857","1":"product","2":"type-product","3":"status-publish","4":"has-post-thumbnail","6":"product_cat-accessoires-trottinette","7":"product_cat-trottinette","9":"first","10":"instock","11":"sale","12":"shipping-taxable","13":"purchasable","14":"product-type-simple"},"jetpack_sharing_enabled":true,"_links":{"self":[{"href":"https:\/\/espacetechnologie.ma\/ar\/wp-json\/wp\/v2\/product\/5857","targetHints":{"allow":["GET"]}}],"collection":[{"href":"https:\/\/espacetechnologie.ma\/ar\/wp-json\/wp\/v2\/product"}],"about":[{"href":"https:\/\/espacetechnologie.ma\/ar\/wp-json\/wp\/v2\/types\/product"}],"replies":[{"embeddable":true,"href":"https:\/\/espacetechnologie.ma\/ar\/wp-json\/wp\/v2\/comments?post=5857"}],"wp:featuredmedia":[{"embeddable":true,"href":"https:\/\/espacetechnologie.ma\/ar\/wp-json\/wp\/v2\/media\/5856"}],"wp:attachment":[{"href":"https:\/\/espacetechnologie.ma\/ar\/wp-json\/wp\/v2\/media?parent=5857"}],"wp:term":[{"taxonomy":"product_brand","embeddable":true,"href":"https:\/\/espacetechnologie.ma\/ar\/wp-json\/wp\/v2\/product_brand?post=5857"},{"taxonomy":"product_cat","embeddable":true,"href":"https:\/\/espacetechnologie.ma\/ar\/wp-json\/wp\/v2\/product_cat?post=5857"},{"taxonomy":"product_tag","embeddable":true,"href":"https:\/\/espacetechnologie.ma\/ar\/wp-json\/wp\/v2\/product_tag?post=5857"}],"curies":[{"name":"wp","href":"https:\/\/api.w.org\/{rel}","templated":true}]}}