{"id":5842,"date":"2025-07-08T15:17:20","date_gmt":"2025-07-08T14:17:20","guid":{"rendered":"https:\/\/espacetechnologie.ma\/product\/cable-de-charge-pour-garmin-forerunner-235-630-230-735xt-35-30\/"},"modified":"2025-08-02T16:14:42","modified_gmt":"2025-08-02T15:14:42","slug":"cable-de-charge-pour-garmin-forerunner-235-630-230-735xt-35-30","status":"publish","type":"product","link":"https:\/\/espacetechnologie.ma\/ar\/product\/cable-de-charge-pour-garmin-forerunner-235-630-230-735xt-35-30\/","title":{"rendered":"C\u00e2ble de charge pour Garmin Forerunner 235 630 230 735XT 35\/30"},"content":{"rendered":"<p>Type d&rsquo;article: C\u00e2ble de charge<br \/>\nMat\u00e9riau: PVC<br \/>\nCouleur: Noir<br \/>\nTension d&rsquo;entr\u00e9e:5V<br \/>\nTension de sortie: 5V<br \/>\nCourant de sortie: 700MA<br \/>\nInterface: Interface de sonde<\/p>","protected":false},"excerpt":{"rendered":"<p>Type d&rsquo;article: C\u00e2ble de charge Mat\u00e9riau: PVC Couleur: Noir Tension d&rsquo;entr\u00e9e:5V Tension de sortie: 5V Courant de sortie: 700MA Interface: Interface de sonde<\/p>","protected":false},"featured_media":5841,"comment_status":"open","ping_status":"closed","template":"","meta":{"event_title":"","event_details":"","event_timezone":"","event_gmap":"","event_image":"","event_image_url":"","event_calendar_link":"","event_location":"","event_datetime_with_summary":"","event_datetime":"","event_date_type":"","event_rulesummary":"","event_ticket_rsvp":"","_gspb_post_css":""},"product_brand":[],"product_cat":[94,91],"product_tag":[],"class_list":{"0":"post-5842","1":"product","2":"type-product","3":"status-publish","4":"has-post-thumbnail","6":"product_cat-chargeurs-smartwatch","7":"product_cat-smartwatch","9":"first","10":"instock","11":"sale","12":"shipping-taxable","13":"purchasable","14":"product-type-simple"},"jetpack_sharing_enabled":true,"_links":{"self":[{"href":"https:\/\/espacetechnologie.ma\/ar\/wp-json\/wp\/v2\/product\/5842","targetHints":{"allow":["GET"]}}],"collection":[{"href":"https:\/\/espacetechnologie.ma\/ar\/wp-json\/wp\/v2\/product"}],"about":[{"href":"https:\/\/espacetechnologie.ma\/ar\/wp-json\/wp\/v2\/types\/product"}],"replies":[{"embeddable":true,"href":"https:\/\/espacetechnologie.ma\/ar\/wp-json\/wp\/v2\/comments?post=5842"}],"wp:featuredmedia":[{"embeddable":true,"href":"https:\/\/espacetechnologie.ma\/ar\/wp-json\/wp\/v2\/media\/5841"}],"wp:attachment":[{"href":"https:\/\/espacetechnologie.ma\/ar\/wp-json\/wp\/v2\/media?parent=5842"}],"wp:term":[{"taxonomy":"product_brand","embeddable":true,"href":"https:\/\/espacetechnologie.ma\/ar\/wp-json\/wp\/v2\/product_brand?post=5842"},{"taxonomy":"product_cat","embeddable":true,"href":"https:\/\/espacetechnologie.ma\/ar\/wp-json\/wp\/v2\/product_cat?post=5842"},{"taxonomy":"product_tag","embeddable":true,"href":"https:\/\/espacetechnologie.ma\/ar\/wp-json\/wp\/v2\/product_tag?post=5842"}],"curies":[{"name":"wp","href":"https:\/\/api.w.org\/{rel}","templated":true}]}}