{"id":5826,"date":"2025-07-08T11:49:57","date_gmt":"2025-07-08T10:49:57","guid":{"rendered":"https:\/\/espacetechnologie.ma\/product\/canape-lit-gonflable-multifonction-pour-chambre-a-coucher\/"},"modified":"2025-10-20T17:44:41","modified_gmt":"2025-10-20T16:44:41","slug":"canape-lit-gonflable-multifonction-pour-chambre-a-coucher","status":"publish","type":"product","link":"https:\/\/espacetechnologie.ma\/ar\/product\/canape-lit-gonflable-multifonction-pour-chambre-a-coucher\/","title":{"rendered":"Canap\u00e9-lit gonflable multifonction pour chambre \u00e0 coucher"},"content":{"rendered":"<p>Id\u00e9al pour les positions \u00a0: le fauteuil \u00a0RNPFOR offre une vari\u00e9t\u00e9 d&rsquo;angles et de positions, vous permettant de stimuler votre point G et de pimenter votre vie sexuelle. Profitez de pouss\u00e9es plus profondes et d&rsquo;orgasmes plus intenses gr\u00e2ce \u00e0 ce fauteuil.<br \/>\n6 coussins gonflables ind\u00e9pendants\u00a0: le nouveau coussin gonflable am\u00e9lior\u00e9 est dot\u00e9 de 6 coussins gonflables ind\u00e9pendants, d&rsquo;une forme large et flexible, offrant un soutien stable et confortable, une forme et une taille parfaites, m\u00eame allong\u00e9 sur le dessus, m\u00eame en cas d&rsquo;impact violent.<br \/>\nCourbe en \u00ab\u00a0S\u00a0\u00bb et accoudoirs\u00a0: le fauteuil ergonomique en \u00ab\u00a0S\u00a0\u00bb met parfaitement en valeur les courbes gracieuses de votre corps, r\u00e9partissant uniform\u00e9ment votre poids. Les accoudoirs lat\u00e9raux offrent une sensation de douceur et de confort, m\u00eame lors d&rsquo;activit\u00e9s sportives intenses.<br \/>\nS\u00fbr et confortable\u00a0: la surface est compos\u00e9e de villosit\u00e9s int\u00e9gr\u00e9es, qui offrent une bonne affinit\u00e9 avec la peau. \u00c0 l&rsquo;usage, il offre un effet amortissant, absorbe la transpiration et emp\u00eache les glissades. Le poids total support\u00e9 est d&rsquo;environ 550 livres et le confort est tr\u00e8s bon.<\/p>","protected":false},"excerpt":{"rendered":"<p>Id\u00e9al pour les positions \u00a0: le fauteuil \u00a0RNPFOR offre une vari\u00e9t\u00e9 d&rsquo;angles et de positions, vous permettant de stimuler votre point G et de pimenter votre vie sexuelle. Profitez de pouss\u00e9es plus profondes et d&rsquo;orgasmes plus intenses gr\u00e2ce \u00e0 ce fauteuil. 6 coussins gonflables ind\u00e9pendants\u00a0: le nouveau coussin gonflable am\u00e9lior\u00e9 est dot\u00e9 de 6 coussins [&hellip;]<\/p>\n","protected":false},"featured_media":5825,"comment_status":"open","ping_status":"closed","template":"","meta":{"event_title":"","event_details":"","event_timezone":"","event_gmap":"","event_image":"","event_image_url":"","event_calendar_link":"","event_location":"","event_datetime_with_summary":"","event_datetime":"","event_date_type":"","event_rulesummary":"","event_ticket_rsvp":"","_gspb_post_css":""},"product_brand":[],"product_cat":[130],"product_tag":[],"class_list":{"0":"post-5826","1":"product","2":"type-product","3":"status-publish","4":"has-post-thumbnail","6":"product_cat-maison","8":"first","9":"instock","10":"sale","11":"featured","12":"shipping-taxable","13":"purchasable","14":"product-type-simple"},"jetpack_sharing_enabled":true,"_links":{"self":[{"href":"https:\/\/espacetechnologie.ma\/ar\/wp-json\/wp\/v2\/product\/5826","targetHints":{"allow":["GET"]}}],"collection":[{"href":"https:\/\/espacetechnologie.ma\/ar\/wp-json\/wp\/v2\/product"}],"about":[{"href":"https:\/\/espacetechnologie.ma\/ar\/wp-json\/wp\/v2\/types\/product"}],"replies":[{"embeddable":true,"href":"https:\/\/espacetechnologie.ma\/ar\/wp-json\/wp\/v2\/comments?post=5826"}],"wp:featuredmedia":[{"embeddable":true,"href":"https:\/\/espacetechnologie.ma\/ar\/wp-json\/wp\/v2\/media\/5825"}],"wp:attachment":[{"href":"https:\/\/espacetechnologie.ma\/ar\/wp-json\/wp\/v2\/media?parent=5826"}],"wp:term":[{"taxonomy":"product_brand","embeddable":true,"href":"https:\/\/espacetechnologie.ma\/ar\/wp-json\/wp\/v2\/product_brand?post=5826"},{"taxonomy":"product_cat","embeddable":true,"href":"https:\/\/espacetechnologie.ma\/ar\/wp-json\/wp\/v2\/product_cat?post=5826"},{"taxonomy":"product_tag","embeddable":true,"href":"https:\/\/espacetechnologie.ma\/ar\/wp-json\/wp\/v2\/product_tag?post=5826"}],"curies":[{"name":"wp","href":"https:\/\/api.w.org\/{rel}","templated":true}]}}