{"id":5815,"date":"2025-07-08T11:49:55","date_gmt":"2025-07-08T10:49:55","guid":{"rendered":"https:\/\/espacetechnologie.ma\/product\/ceinture-reglable-sangle-de-poitrine-mont-pour-gopro-hero-3-4-5-6-7-8-9-10\/"},"modified":"2025-08-03T06:52:10","modified_gmt":"2025-08-03T05:52:10","slug":"ceinture-reglable-sangle-de-poitrine-mont-pour-gopro-hero-3-4-5-6-7-8-9-10","status":"publish","type":"product","link":"https:\/\/espacetechnologie.ma\/ar\/product\/ceinture-reglable-sangle-de-poitrine-mont-pour-gopro-hero-3-4-5-6-7-8-9-10\/","title":{"rendered":"Ceinture R\u00e9glable Sangle de poitrine Mont Pour GoPro Hero 3 4 5 6 7 8 9 10"},"content":{"rendered":"<p>1 Pc \u00d7 Ceinture<br \/>\n1 Pc \u00d7 J Crochet<br \/>\n1 Pc \u00d7 Vis<br \/>\nMat\u00e9riau: plastique et \u00e9lastique<br \/>\nCouleur: Noir<br \/>\nCompatible avec toutes les cam\u00e9ras et Gopro<br \/>\nMat\u00e9riau: plastique et \u00e9lastique<br \/>\nCouleur: Noir<br \/>\nCompatible avec toutes les cam\u00e9ras et Gopro<br \/>\n1 Pc \u00d7 Ceinture<br \/>\n1 Pc \u00d7 J Crochet<br \/>\n1 Pc \u00d7 Vis<\/p>","protected":false},"excerpt":{"rendered":"<p>1 Pc \u00d7 Ceinture 1 Pc \u00d7 J Crochet 1 Pc \u00d7 Vis Mat\u00e9riau: plastique et \u00e9lastique Couleur: Noir Compatible avec toutes les cam\u00e9ras et Gopro Mat\u00e9riau: plastique et \u00e9lastique Couleur: Noir Compatible avec toutes les cam\u00e9ras et Gopro 1 Pc \u00d7 Ceinture 1 Pc \u00d7 J Crochet 1 Pc \u00d7 Vis<\/p>","protected":false},"featured_media":5814,"comment_status":"open","ping_status":"closed","template":"","meta":{"event_title":"","event_details":"","event_timezone":"","event_gmap":"","event_image":"","event_image_url":"","event_calendar_link":"","event_location":"","event_datetime_with_summary":"","event_datetime":"","event_date_type":"","event_rulesummary":"","event_ticket_rsvp":"","_gspb_post_css":""},"product_brand":[],"product_cat":[119,82,116],"product_tag":[],"class_list":{"0":"post-5815","1":"product","2":"type-product","3":"status-publish","4":"has-post-thumbnail","6":"product_cat-accessoires-studio","7":"product_cat-gadgets","8":"product_cat-studio","10":"first","11":"instock","12":"sale","13":"shipping-taxable","14":"purchasable","15":"product-type-simple"},"jetpack_sharing_enabled":true,"_links":{"self":[{"href":"https:\/\/espacetechnologie.ma\/ar\/wp-json\/wp\/v2\/product\/5815","targetHints":{"allow":["GET"]}}],"collection":[{"href":"https:\/\/espacetechnologie.ma\/ar\/wp-json\/wp\/v2\/product"}],"about":[{"href":"https:\/\/espacetechnologie.ma\/ar\/wp-json\/wp\/v2\/types\/product"}],"replies":[{"embeddable":true,"href":"https:\/\/espacetechnologie.ma\/ar\/wp-json\/wp\/v2\/comments?post=5815"}],"wp:featuredmedia":[{"embeddable":true,"href":"https:\/\/espacetechnologie.ma\/ar\/wp-json\/wp\/v2\/media\/5814"}],"wp:attachment":[{"href":"https:\/\/espacetechnologie.ma\/ar\/wp-json\/wp\/v2\/media?parent=5815"}],"wp:term":[{"taxonomy":"product_brand","embeddable":true,"href":"https:\/\/espacetechnologie.ma\/ar\/wp-json\/wp\/v2\/product_brand?post=5815"},{"taxonomy":"product_cat","embeddable":true,"href":"https:\/\/espacetechnologie.ma\/ar\/wp-json\/wp\/v2\/product_cat?post=5815"},{"taxonomy":"product_tag","embeddable":true,"href":"https:\/\/espacetechnologie.ma\/ar\/wp-json\/wp\/v2\/product_tag?post=5815"}],"curies":[{"name":"wp","href":"https:\/\/api.w.org\/{rel}","templated":true}]}}