{"id":5792,"date":"2025-07-08T11:49:51","date_gmt":"2025-07-08T10:49:51","guid":{"rendered":"https:\/\/espacetechnologie.ma\/product\/puluz-support-darriere-plan-pour-studio-de-photographie-200cm300cm\/"},"modified":"2025-08-02T13:06:37","modified_gmt":"2025-08-02T12:06:37","slug":"puluz-support-darriere-plan-pour-studio-de-photographie-200cm300cm","status":"publish","type":"product","link":"https:\/\/espacetechnologie.ma\/ar\/product\/puluz-support-darriere-plan-pour-studio-de-photographie-200cm300cm\/","title":{"rendered":"Puluz Support d&rsquo;arri\u00e8re-plan pour Studio de photographie 200cm*300cm"},"content":{"rendered":"<p>Alliage d&rsquo;aluminium de haute qualit\u00e9: Antirouille, l\u00e9ger, Portable, facilement assembl\u00e9;<br \/>\nMultifonctionnel: Peut \u00eatre utilis\u00e9 comme support de lumi\u00e8re Softbox et support de fond en forme de T;<br \/>\nNouvelle mise \u00e0 niveau: Structure et soutien plus solides.<br \/>\nTraitement sp\u00e9cial inf\u00e9rieur, prot\u00e9ger le sol contre les dommages.<br \/>\nVentes directes d&rsquo;usine: Meilleure qualit\u00e9 mais prix honn\u00eate, profitez d&rsquo;un cadeau suppl\u00e9mentaire.<\/p>","protected":false},"excerpt":{"rendered":"<p>Support de photographie arri\u00e8re-plan de Studio Photo arri\u00e8re-plan Chromakey syst\u00e8me de Support d&rsquo;\u00e9cran vert cadre sac de transport Kit de lumi\u00e8re Photo vid\u00e9o<br \/>\nProdutc D\u00e9tails:<br \/>\nSupport De fond\u2b50. Alliage d&rsquo;aluminium de haute qualit\u00e9:<br \/>\nAntirouille, l\u00e9ger, Portable, facile \u00e0 assembler;<br \/>\nSupport De fond\u2b50. Multifonctionnel:<br \/>\nPeut \u00eatre utilis\u00e9 comme support de lumi\u00e8re de bo\u00eete \u00e0 lumi\u00e8re et support de fond en forme de T;<br \/>\nSupport De fond\u2b50. Nouvelle Mise \u00c0 Niveau:<br \/>\nStructure et support plus solides.<br \/>\nTraitement sp\u00e9cial inf\u00e9rieur, prot\u00e8ge le sol contre les dommages.<br \/>\nSupport De fond\u2b50. Ventes directes d&rsquo;usine:<br \/>\nMeilleure qualit\u00e9 mais prix honn\u00eate, profitez d&rsquo;un cadeau suppl\u00e9mentaire.<br \/>\nNote:<br \/>\nSeul Support De Fond<br \/>\nNon compris les d\u00e9cors<br \/>\nMod\u00e8le mis \u00e0 niveau<br \/>\nMod\u00e8le de base<\/p>","protected":false},"featured_media":5791,"comment_status":"open","ping_status":"closed","template":"","meta":{"event_title":"","event_details":"","event_timezone":"","event_gmap":"","event_image":"","event_image_url":"","event_calendar_link":"","event_location":"","event_datetime_with_summary":"","event_datetime":"","event_date_type":"","event_rulesummary":"","event_ticket_rsvp":"","_gspb_post_css":""},"product_brand":[],"product_cat":[119,116],"product_tag":[],"class_list":{"0":"post-5792","1":"product","2":"type-product","3":"status-publish","4":"has-post-thumbnail","6":"product_cat-accessoires-studio","7":"product_cat-studio","9":"first","10":"instock","11":"sale","12":"shipping-taxable","13":"purchasable","14":"product-type-simple"},"jetpack_sharing_enabled":true,"_links":{"self":[{"href":"https:\/\/espacetechnologie.ma\/ar\/wp-json\/wp\/v2\/product\/5792","targetHints":{"allow":["GET"]}}],"collection":[{"href":"https:\/\/espacetechnologie.ma\/ar\/wp-json\/wp\/v2\/product"}],"about":[{"href":"https:\/\/espacetechnologie.ma\/ar\/wp-json\/wp\/v2\/types\/product"}],"replies":[{"embeddable":true,"href":"https:\/\/espacetechnologie.ma\/ar\/wp-json\/wp\/v2\/comments?post=5792"}],"wp:featuredmedia":[{"embeddable":true,"href":"https:\/\/espacetechnologie.ma\/ar\/wp-json\/wp\/v2\/media\/5791"}],"wp:attachment":[{"href":"https:\/\/espacetechnologie.ma\/ar\/wp-json\/wp\/v2\/media?parent=5792"}],"wp:term":[{"taxonomy":"product_brand","embeddable":true,"href":"https:\/\/espacetechnologie.ma\/ar\/wp-json\/wp\/v2\/product_brand?post=5792"},{"taxonomy":"product_cat","embeddable":true,"href":"https:\/\/espacetechnologie.ma\/ar\/wp-json\/wp\/v2\/product_cat?post=5792"},{"taxonomy":"product_tag","embeddable":true,"href":"https:\/\/espacetechnologie.ma\/ar\/wp-json\/wp\/v2\/product_tag?post=5792"}],"curies":[{"name":"wp","href":"https:\/\/api.w.org\/{rel}","templated":true}]}}