{"id":5788,"date":"2025-07-08T11:49:50","date_gmt":"2025-07-08T10:49:50","guid":{"rendered":"https:\/\/espacetechnologie.ma\/product\/jantes-et-pneus-de-roue-arriere-de-8-5-pouces-2\/"},"modified":"2025-08-02T15:00:11","modified_gmt":"2025-08-02T14:00:11","slug":"jantes-et-pneus-de-roue-arriere-de-8-5-pouces-2","status":"publish","type":"product","link":"https:\/\/espacetechnologie.ma\/ar\/product\/jantes-et-pneus-de-roue-arriere-de-8-5-pouces-2\/","title":{"rendered":"jantes et pneus de roue arri\u00e8re de 8.5 pouces"},"content":{"rendered":"<p>Nom du mod\u00e8le: 8.5&#215;2.0 roue pleine<br \/>\nMat\u00e9riel: caoutchouc + alliage<br \/>\nLe prix comprend: pneu solide + moyeu<br \/>\nConvient pour: Xiaomi Mijia<br \/>\nEt pour : M365 Scooter \u00e9lectrique<\/p>","protected":false},"excerpt":{"rendered":"<p>Nom du mod\u00e8le: 8.5&#215;2.0 roue pleine Mat\u00e9riel: caoutchouc + alliage Le prix comprend: pneu solide + moyeu Convient pour: Xiaomi Mijia Et pour : M365 Scooter \u00e9lectrique<\/p>","protected":false},"featured_media":5787,"comment_status":"open","ping_status":"closed","template":"","meta":{"event_title":"","event_details":"","event_timezone":"","event_gmap":"","event_image":"","event_image_url":"","event_calendar_link":"","event_location":"","event_datetime_with_summary":"","event_datetime":"","event_date_type":"","event_rulesummary":"","event_ticket_rsvp":"","_gspb_post_css":""},"product_brand":[],"product_cat":[122,120],"product_tag":[],"class_list":{"0":"post-5788","1":"product","2":"type-product","3":"status-publish","4":"has-post-thumbnail","6":"product_cat-accessoires-trottinette","7":"product_cat-trottinette","9":"first","10":"instock","11":"sale","12":"shipping-taxable","13":"purchasable","14":"product-type-simple"},"jetpack_sharing_enabled":true,"_links":{"self":[{"href":"https:\/\/espacetechnologie.ma\/ar\/wp-json\/wp\/v2\/product\/5788","targetHints":{"allow":["GET"]}}],"collection":[{"href":"https:\/\/espacetechnologie.ma\/ar\/wp-json\/wp\/v2\/product"}],"about":[{"href":"https:\/\/espacetechnologie.ma\/ar\/wp-json\/wp\/v2\/types\/product"}],"replies":[{"embeddable":true,"href":"https:\/\/espacetechnologie.ma\/ar\/wp-json\/wp\/v2\/comments?post=5788"}],"wp:featuredmedia":[{"embeddable":true,"href":"https:\/\/espacetechnologie.ma\/ar\/wp-json\/wp\/v2\/media\/5787"}],"wp:attachment":[{"href":"https:\/\/espacetechnologie.ma\/ar\/wp-json\/wp\/v2\/media?parent=5788"}],"wp:term":[{"taxonomy":"product_brand","embeddable":true,"href":"https:\/\/espacetechnologie.ma\/ar\/wp-json\/wp\/v2\/product_brand?post=5788"},{"taxonomy":"product_cat","embeddable":true,"href":"https:\/\/espacetechnologie.ma\/ar\/wp-json\/wp\/v2\/product_cat?post=5788"},{"taxonomy":"product_tag","embeddable":true,"href":"https:\/\/espacetechnologie.ma\/ar\/wp-json\/wp\/v2\/product_tag?post=5788"}],"curies":[{"name":"wp","href":"https:\/\/api.w.org\/{rel}","templated":true}]}}