{"id":5753,"date":"2025-07-08T11:49:44","date_gmt":"2025-07-08T10:49:44","guid":{"rendered":"https:\/\/espacetechnologie.ma\/product\/camescopes-numeriques-avec-vision-nocturne-et-enregistrement-en-boucle\/"},"modified":"2025-08-06T19:31:48","modified_gmt":"2025-08-06T18:31:48","slug":"camescopes-numeriques-avec-vision-nocturne-et-enregistrement-en-boucle","status":"publish","type":"product","link":"https:\/\/espacetechnologie.ma\/ar\/product\/camescopes-numeriques-avec-vision-nocturne-et-enregistrement-en-boucle\/","title":{"rendered":"cam\u00e9scopes num\u00e9riques avec vision nocturne et enregistrement en boucle"},"content":{"rendered":"<p>de fonctionnement: -10 ~ 50\u00a0\u00b0C dur\u00e9e<br \/>\nd&rsquo;enregistrement vid\u00e9o continue: 360<br \/>\nSp\u00e9cificit\u00e9s: ouverture: F 2.5 focale: f = 2.26 mmm\u00e9moire:<br \/>\ncarte TF, jusqu&rsquo;\u00e0 32GBUSB: MicroUSB2.0 5 pincapacit\u00e9<br \/>\nbatterie: 400mAhBattery tension: 3.7 vtaille: 11.5&#215;7.5\u00d74 Cm\/ 4.52\u00d72.95&#215;1.57 Pouces<br \/>\nRemarque: en raison de la diff\u00e9rence entre les diff\u00e9rents moniteurs, l&rsquo;image peut ne pas refl\u00e9ter la couleur r\u00e9elle de l&rsquo;article.<\/p>","protected":false},"excerpt":{"rendered":"<p>X 1 manuel<\/p>","protected":false},"featured_media":5752,"comment_status":"open","ping_status":"closed","template":"","meta":{"event_title":"","event_details":"","event_timezone":"","event_gmap":"","event_image":"","event_image_url":"","event_calendar_link":"","event_location":"","event_datetime_with_summary":"","event_datetime":"","event_date_type":"","event_rulesummary":"","event_ticket_rsvp":"","_gspb_post_css":""},"product_brand":[],"product_cat":[82],"product_tag":[],"class_list":{"0":"post-5753","1":"product","2":"type-product","3":"status-publish","4":"has-post-thumbnail","6":"product_cat-gadgets","8":"first","9":"instock","10":"sale","11":"featured","12":"shipping-taxable","13":"purchasable","14":"product-type-simple"},"jetpack_sharing_enabled":true,"_links":{"self":[{"href":"https:\/\/espacetechnologie.ma\/ar\/wp-json\/wp\/v2\/product\/5753","targetHints":{"allow":["GET"]}}],"collection":[{"href":"https:\/\/espacetechnologie.ma\/ar\/wp-json\/wp\/v2\/product"}],"about":[{"href":"https:\/\/espacetechnologie.ma\/ar\/wp-json\/wp\/v2\/types\/product"}],"replies":[{"embeddable":true,"href":"https:\/\/espacetechnologie.ma\/ar\/wp-json\/wp\/v2\/comments?post=5753"}],"wp:featuredmedia":[{"embeddable":true,"href":"https:\/\/espacetechnologie.ma\/ar\/wp-json\/wp\/v2\/media\/5752"}],"wp:attachment":[{"href":"https:\/\/espacetechnologie.ma\/ar\/wp-json\/wp\/v2\/media?parent=5753"}],"wp:term":[{"taxonomy":"product_brand","embeddable":true,"href":"https:\/\/espacetechnologie.ma\/ar\/wp-json\/wp\/v2\/product_brand?post=5753"},{"taxonomy":"product_cat","embeddable":true,"href":"https:\/\/espacetechnologie.ma\/ar\/wp-json\/wp\/v2\/product_cat?post=5753"},{"taxonomy":"product_tag","embeddable":true,"href":"https:\/\/espacetechnologie.ma\/ar\/wp-json\/wp\/v2\/product_tag?post=5753"}],"curies":[{"name":"wp","href":"https:\/\/api.w.org\/{rel}","templated":true}]}}