{"id":5730,"date":"2025-07-08T11:49:40","date_gmt":"2025-07-08T10:49:40","guid":{"rendered":"https:\/\/espacetechnologie.ma\/product\/%d8%b4%d8%a7%d8%ad%d9%86-%d9%84%d9%84%d8%b3%d8%a7%d8%b9%d8%a9-%d8%a7%d9%84%d8%b0%d9%83%d9%8a%d8%a9-%d9%87%d8%a7%d9%8a%d9%84%d9%88-ls05\/"},"modified":"2025-08-03T07:03:10","modified_gmt":"2025-08-03T06:03:10","slug":"%d8%b4%d8%a7%d8%ad%d9%86-%d9%84%d9%84%d8%b3%d8%a7%d8%b9%d8%a9-%d8%a7%d9%84%d8%b0%d9%83%d9%8a%d8%a9-%d9%87%d8%a7%d9%8a%d9%84%d9%88-ls05","status":"publish","type":"product","link":"https:\/\/espacetechnologie.ma\/ar\/product\/%d8%b4%d8%a7%d8%ad%d9%86-%d9%84%d9%84%d8%b3%d8%a7%d8%b9%d8%a9-%d8%a7%d9%84%d8%b0%d9%83%d9%8a%d8%a9-%d9%87%d8%a7%d9%8a%d9%84%d9%88-ls05\/","title":{"rendered":"\u0634\u0627\u062d\u0646 \u0644\u0644\u0633\u0627\u0639\u0629  \u0627\u0644\u0630\u0643\u064a\u0629 \u0647\u0627\u064a\u0644\u0648 Ls05"},"content":{"rendered":"<p>protection contre les courts-circuits de sortie<br \/>\nprotection de filtre de surtension et de surcharge<br \/>\nAdoptez les composants import\u00e9s, essai r\u00e9el de machine, repr\u00e9sentation de s\u00e9curit\u00e9 vieillissante \u00e9lev\u00e9e<br \/>\nBonne performance anti-parasitage<br \/>\nPetite ondulation cc, efficacit\u00e9 de travail \u00e9lev\u00e9e et vitesse de charge rapide<br \/>\nBasse temp\u00e9rature de travail et longue dur\u00e9e de vie<br \/>\nprotection contre les courts-circuits de sortie<br \/>\nprotection de filtre de surtension et de surcharge<br \/>\nAdoptez les composants import\u00e9s, essai r\u00e9el de machine, repr\u00e9sentation de s\u00e9curit\u00e9 vieillissante \u00e9lev\u00e9e<br \/>\nBonne performance anti-parasitage<br \/>\nPetite ondulation cc, efficacit\u00e9 de travail \u00e9lev\u00e9e et vitesse de charge rapide<br \/>\nBasse temp\u00e9rature de travail et longue dur\u00e9e de vie<br \/>\n1 * c\u00e2ble de charge d&rsquo;adaptateur de chargeur.<\/p>","protected":false},"excerpt":{"rendered":"<p>Description de l&rsquo;article<br \/>\nC\u00e2ble de chargeur d&rsquo;adaptateur de puissance portatif rapide de s\u00e9curit\u00e9 de Dock de charge magn\u00e9tique d&rsquo;usb pour les accessoires solaires de montre intelligente de Haylou LS05<br \/>\nCompatible Mod\u00e8les<br \/>\nPour Haylou Solaire LS05<br \/>\nDescription<br \/>\nLe forfait Comprend<br \/>\n1\u00d7 Chargeur C\u00e2ble<\/p>","protected":false},"featured_media":5729,"comment_status":"open","ping_status":"closed","template":"","meta":{"event_title":"","event_details":"","event_timezone":"","event_gmap":"","event_image":"","event_image_url":"","event_calendar_link":"","event_location":"","event_datetime_with_summary":"","event_datetime":"","event_date_type":"","event_rulesummary":"","event_ticket_rsvp":"","_gspb_post_css":""},"product_brand":[],"product_cat":[94,91],"product_tag":[],"class_list":{"0":"post-5730","1":"product","2":"type-product","3":"status-publish","4":"has-post-thumbnail","6":"product_cat-chargeurs-smartwatch","7":"product_cat-smartwatch","9":"first","10":"instock","11":"sale","12":"shipping-taxable","13":"purchasable","14":"product-type-simple"},"jetpack_sharing_enabled":true,"_links":{"self":[{"href":"https:\/\/espacetechnologie.ma\/ar\/wp-json\/wp\/v2\/product\/5730","targetHints":{"allow":["GET"]}}],"collection":[{"href":"https:\/\/espacetechnologie.ma\/ar\/wp-json\/wp\/v2\/product"}],"about":[{"href":"https:\/\/espacetechnologie.ma\/ar\/wp-json\/wp\/v2\/types\/product"}],"replies":[{"embeddable":true,"href":"https:\/\/espacetechnologie.ma\/ar\/wp-json\/wp\/v2\/comments?post=5730"}],"wp:featuredmedia":[{"embeddable":true,"href":"https:\/\/espacetechnologie.ma\/ar\/wp-json\/wp\/v2\/media\/5729"}],"wp:attachment":[{"href":"https:\/\/espacetechnologie.ma\/ar\/wp-json\/wp\/v2\/media?parent=5730"}],"wp:term":[{"taxonomy":"product_brand","embeddable":true,"href":"https:\/\/espacetechnologie.ma\/ar\/wp-json\/wp\/v2\/product_brand?post=5730"},{"taxonomy":"product_cat","embeddable":true,"href":"https:\/\/espacetechnologie.ma\/ar\/wp-json\/wp\/v2\/product_cat?post=5730"},{"taxonomy":"product_tag","embeddable":true,"href":"https:\/\/espacetechnologie.ma\/ar\/wp-json\/wp\/v2\/product_tag?post=5730"}],"curies":[{"name":"wp","href":"https:\/\/api.w.org\/{rel}","templated":true}]}}