{"id":5725,"date":"2025-07-08T11:49:39","date_gmt":"2025-07-08T10:49:39","guid":{"rendered":"https:\/\/espacetechnologie.ma\/product\/%d9%85%d8%ad%d8%b7%d8%a9-%d8%b4%d8%ad%d9%86-%d9%84%d9%84%d8%b3%d8%a7%d8%b9%d8%a9-%d8%a7%d9%84%d9%85%d8%aa%d8%b5%d9%84%d8%a9-amazfit-verge\/"},"modified":"2025-08-02T15:21:41","modified_gmt":"2025-08-02T14:21:41","slug":"%d9%85%d8%ad%d8%b7%d8%a9-%d8%b4%d8%ad%d9%86-%d9%84%d9%84%d8%b3%d8%a7%d8%b9%d8%a9-%d8%a7%d9%84%d9%85%d8%aa%d8%b5%d9%84%d8%a9-amazfit-verge","status":"publish","type":"product","link":"https:\/\/espacetechnologie.ma\/ar\/product\/%d9%85%d8%ad%d8%b7%d8%a9-%d8%b4%d8%ad%d9%86-%d9%84%d9%84%d8%b3%d8%a7%d8%b9%d8%a9-%d8%a7%d9%84%d9%85%d8%aa%d8%b5%d9%84%d8%a9-amazfit-verge\/","title":{"rendered":"\u0645\u062d\u0637\u0629 \u0634\u062d\u0646 \u0644\u0644\u0633\u0627\u0639\u0629 \u0627\u0644\u0645\u062a\u0635\u0644\u0629 Amazfit Verge"},"content":{"rendered":"<p>1. protection contre les courts-circuits de sortie<br \/>\n2. protection du filtre contre les surtensions et les surcharges<br \/>\n3. Adopter des composants import\u00e9s, test de machine r\u00e9el, haute performance de s\u00e9curit\u00e9 de vieillissement<br \/>\n4. Bonne performance anti-interf\u00e9rence<br \/>\n5. Petite ondulation cc, haute efficacit\u00e9 de travail et vitesse de charge rapide<br \/>\n6. Basse temp\u00e9rature de fonctionnement et longue dur\u00e9e de vie<\/p>","protected":false},"excerpt":{"rendered":"<p>Huami Amazfit \u2013 station de charge magn\u00e9tique Portable de remplacement, USB, c\u00e2ble d&rsquo;alimentation de s\u00e9curit\u00e9 rapide, accessoires de montre intelligente<br \/>\nMod\u00e8les compatibles<br \/>\nPour Huami Amazfit Point<br \/>\nDescription<br \/>\n1. protection contre les courts-circuits de sortie<br \/>\n2. protection du filtre contre les surtensions et les surcharges<br \/>\n3. Adopter des composants import\u00e9s, test de machine r\u00e9el, haute performance de s\u00e9curit\u00e9 de vieillissement<br \/>\n4. Bonne performance anti-interf\u00e9rence<br \/>\n5. Petite ondulation cc, haute efficacit\u00e9 de travail et vitesse de charge rapide<br \/>\n6. Basse temp\u00e9rature de fonctionnement et longue dur\u00e9e de vie<br \/>\nNOTE<br \/>\nIl est recommand\u00e9 d&rsquo;utiliser l&rsquo;interface USB de l&rsquo;ordinateur portable ou l&rsquo;interface USB de l&rsquo;ordinateur pour une charge directe car leur tension est plus stable et peut prot\u00e9ger votre montre.<br \/>\nLe forfait Comprend<br \/>\n1x Chargeur C\u00e2ble<\/p>","protected":false},"featured_media":5724,"comment_status":"open","ping_status":"closed","template":"","meta":{"event_title":"","event_details":"","event_timezone":"","event_gmap":"","event_image":"","event_image_url":"","event_calendar_link":"","event_location":"","event_datetime_with_summary":"","event_datetime":"","event_date_type":"","event_rulesummary":"","event_ticket_rsvp":"","_gspb_post_css":""},"product_brand":[],"product_cat":[94,91],"product_tag":[],"class_list":{"0":"post-5725","1":"product","2":"type-product","3":"status-publish","4":"has-post-thumbnail","6":"product_cat-chargeurs-smartwatch","7":"product_cat-smartwatch","9":"first","10":"instock","11":"sale","12":"shipping-taxable","13":"purchasable","14":"product-type-simple"},"jetpack_sharing_enabled":true,"_links":{"self":[{"href":"https:\/\/espacetechnologie.ma\/ar\/wp-json\/wp\/v2\/product\/5725","targetHints":{"allow":["GET"]}}],"collection":[{"href":"https:\/\/espacetechnologie.ma\/ar\/wp-json\/wp\/v2\/product"}],"about":[{"href":"https:\/\/espacetechnologie.ma\/ar\/wp-json\/wp\/v2\/types\/product"}],"replies":[{"embeddable":true,"href":"https:\/\/espacetechnologie.ma\/ar\/wp-json\/wp\/v2\/comments?post=5725"}],"wp:featuredmedia":[{"embeddable":true,"href":"https:\/\/espacetechnologie.ma\/ar\/wp-json\/wp\/v2\/media\/5724"}],"wp:attachment":[{"href":"https:\/\/espacetechnologie.ma\/ar\/wp-json\/wp\/v2\/media?parent=5725"}],"wp:term":[{"taxonomy":"product_brand","embeddable":true,"href":"https:\/\/espacetechnologie.ma\/ar\/wp-json\/wp\/v2\/product_brand?post=5725"},{"taxonomy":"product_cat","embeddable":true,"href":"https:\/\/espacetechnologie.ma\/ar\/wp-json\/wp\/v2\/product_cat?post=5725"},{"taxonomy":"product_tag","embeddable":true,"href":"https:\/\/espacetechnologie.ma\/ar\/wp-json\/wp\/v2\/product_tag?post=5725"}],"curies":[{"name":"wp","href":"https:\/\/api.w.org\/{rel}","templated":true}]}}