{"id":5720,"date":"2025-07-08T11:49:38","date_gmt":"2025-07-08T10:49:38","guid":{"rendered":"https:\/\/espacetechnologie.ma\/product\/%d8%b4%d8%a7%d8%ad%d9%86-usb-%d9%84%d9%80-xiaomi-mi-band-4-%d8%8c-%d9%85%d8%ad%d9%88%d9%84-%d8%a8%d8%af%d9%8a%d9%84\/"},"modified":"2025-08-03T07:45:17","modified_gmt":"2025-08-03T06:45:17","slug":"%d8%b4%d8%a7%d8%ad%d9%86-usb-%d9%84%d9%80-xiaomi-mi-band-4-%d8%8c-%d9%85%d8%ad%d9%88%d9%84-%d8%a8%d8%af%d9%8a%d9%84","status":"publish","type":"product","link":"https:\/\/espacetechnologie.ma\/ar\/product\/%d8%b4%d8%a7%d8%ad%d9%86-usb-%d9%84%d9%80-xiaomi-mi-band-4-%d8%8c-%d9%85%d8%ad%d9%88%d9%84-%d8%a8%d8%af%d9%8a%d9%84\/","title":{"rendered":"\u0634\u0627\u062d\u0646 USB \u0644\u0640 Xiaomi Mi Band 4 \u060c \u0645\u062d\u0648\u0644 \u0628\u062f\u064a\u0644"},"content":{"rendered":"<p>Chargeur USB pour Xiaomi Mi Band 4, adaptateur de remplacement, Clip de c\u00e2ble, accessoires<br \/>\nDescription:<br \/>\nSp\u00e9cialement con\u00e7u pour le bracelet intelligent Xiaomi Mi band 4<br \/>\nBon remplacement, rend la recharge plus pratique partout \u00e0 la maison, au bureau ou en voyage.<br \/>\nMini et durable: chargez votre appareil de mani\u00e8re plus s\u00fbre lorsqu&rsquo;il est connect\u00e9 \u00e0 une source d&rsquo;alimentation USB sur PC, forMac, ordinateur portable ou portable et t\u00e9l\u00e9phone portable.<br \/>\nConvient pour Xiaomi Mi Band 4<\/p>\n<p>Param\u00e8tres:<br \/>\nMat\u00e9riau: plastique<br \/>\nTension d&rsquo;entr\u00e9e: cc 5V<br \/>\nCourant d&rsquo;entr\u00e9e: 250Ma(MAX)<br \/>\nMat\u00e9riau: PC + ABS + TPU<br \/>\nLongueur du c\u00e2ble: environ 33cm\/12,99 pouces<br \/>\nCouleur: Noir<br \/>\nQuantit\u00e9: 1 Pc<\/p>\n<p>Notes:<br \/>\nVeuillez permettre une erreur de 0-1cm en raison de la mesure manuelle. Veuillez vous assurer que cela ne vous d\u00e9range pas avant d&rsquo;ench\u00e9rir.<br \/>\nEn raison de la diff\u00e9rence entre les diff\u00e9rents moniteurs, l&rsquo;image peut ne pas refl\u00e9ter la couleur r\u00e9elle de l&rsquo;article. Merci!<\/p>\n<p>Liste:<br \/>\n1 * c\u00e2ble de chargement pour Xiaomi band 4<br \/>\nMat\u00e9riau: plastique<br \/>\nTension d&rsquo;entr\u00e9e: cc 5V<br \/>\nPour Xiaomi Mi bande 4<br \/>\nCourant d&rsquo;entr\u00e9e: 250Ma(MAX)<br \/>\nMat\u00e9riau: PC + ABS + TPU<br \/>\nLongueur du c\u00e2ble: environ 33cm\/12,99 pouces<br \/>\nCouleur: Noir<br \/>\nQuantit\u00e9: 1 Pc<\/p>","protected":false},"excerpt":{"rendered":"<p>Mat\u00e9riau: plastique<br \/>\nTension d&rsquo;entr\u00e9e: cc 5VPour Xiaomi Mi bande 4<br \/>\nCourant d&rsquo;entr\u00e9e: 250Ma(MAX)<br \/>\nMat\u00e9riau: PC + ABS + TPULongueur du c\u00e2ble: environ 33cm\/12,99 pouces<br \/>\nCouleur: Noir<br \/>\nQuantit\u00e9: 1 Pc<\/p>","protected":false},"featured_media":5719,"comment_status":"open","ping_status":"closed","template":"","meta":{"event_title":"","event_details":"","event_timezone":"","event_gmap":"","event_image":"","event_image_url":"","event_calendar_link":"","event_location":"","event_datetime_with_summary":"","event_datetime":"","event_date_type":"","event_rulesummary":"","event_ticket_rsvp":"","_gspb_post_css":""},"product_brand":[],"product_cat":[94,91],"product_tag":[],"class_list":{"0":"post-5720","1":"product","2":"type-product","3":"status-publish","4":"has-post-thumbnail","6":"product_cat-chargeurs-smartwatch","7":"product_cat-smartwatch","9":"first","10":"instock","11":"sale","12":"shipping-taxable","13":"purchasable","14":"product-type-simple"},"jetpack_sharing_enabled":true,"_links":{"self":[{"href":"https:\/\/espacetechnologie.ma\/ar\/wp-json\/wp\/v2\/product\/5720","targetHints":{"allow":["GET"]}}],"collection":[{"href":"https:\/\/espacetechnologie.ma\/ar\/wp-json\/wp\/v2\/product"}],"about":[{"href":"https:\/\/espacetechnologie.ma\/ar\/wp-json\/wp\/v2\/types\/product"}],"replies":[{"embeddable":true,"href":"https:\/\/espacetechnologie.ma\/ar\/wp-json\/wp\/v2\/comments?post=5720"}],"wp:featuredmedia":[{"embeddable":true,"href":"https:\/\/espacetechnologie.ma\/ar\/wp-json\/wp\/v2\/media\/5719"}],"wp:attachment":[{"href":"https:\/\/espacetechnologie.ma\/ar\/wp-json\/wp\/v2\/media?parent=5720"}],"wp:term":[{"taxonomy":"product_brand","embeddable":true,"href":"https:\/\/espacetechnologie.ma\/ar\/wp-json\/wp\/v2\/product_brand?post=5720"},{"taxonomy":"product_cat","embeddable":true,"href":"https:\/\/espacetechnologie.ma\/ar\/wp-json\/wp\/v2\/product_cat?post=5720"},{"taxonomy":"product_tag","embeddable":true,"href":"https:\/\/espacetechnologie.ma\/ar\/wp-json\/wp\/v2\/product_tag?post=5720"}],"curies":[{"name":"wp","href":"https:\/\/api.w.org\/{rel}","templated":true}]}}