{"id":5713,"date":"2025-07-08T11:49:37","date_gmt":"2025-07-08T10:49:37","guid":{"rendered":"https:\/\/espacetechnologie.ma\/product\/%d9%85%d8%ad%d9%88%d9%84-%d8%a8%d8%b7%d8%a7%d9%82%d8%a9-%d8%a7%d9%84%d8%b5%d9%88%d8%aa-%d8%a7%d9%84%d8%ae%d8%a7%d8%b1%d8%ac%d9%8a%d8%a9-usb-%d8%a7%d9%84%d8%b8%d8%a7%d9%87%d8%b1%d9%8a-7-1-%d9%82%d9%86\/"},"modified":"2025-08-03T07:46:46","modified_gmt":"2025-08-03T06:46:46","slug":"%d9%85%d8%ad%d9%88%d9%84-%d8%a8%d8%b7%d8%a7%d9%82%d8%a9-%d8%a7%d9%84%d8%b5%d9%88%d8%aa-%d8%a7%d9%84%d8%ae%d8%a7%d8%b1%d8%ac%d9%8a%d8%a9-usb-%d8%a7%d9%84%d8%b8%d8%a7%d9%87%d8%b1%d9%8a-7-1-%d9%82%d9%86","status":"publish","type":"product","link":"https:\/\/espacetechnologie.ma\/ar\/product\/%d9%85%d8%ad%d9%88%d9%84-%d8%a8%d8%b7%d8%a7%d9%82%d8%a9-%d8%a7%d9%84%d8%b5%d9%88%d8%aa-%d8%a7%d9%84%d8%ae%d8%a7%d8%b1%d8%ac%d9%8a%d8%a9-usb-%d8%a7%d9%84%d8%b8%d8%a7%d9%87%d8%b1%d9%8a-7-1-%d9%82%d9%86\/","title":{"rendered":"\u0645\u062d\u0648\u0644 \u0628\u0637\u0627\u0642\u0629 \u0627\u0644\u0635\u0648\u062a \u0627\u0644\u062e\u0627\u0631\u062c\u064a\u0629 USB \u0627\u0644\u0638\u0627\u0647\u0631\u064a 7.1 \u0642\u0646\u0627\u0629"},"content":{"rendered":"<p>Installation facile en 5 secondes. Branchez et jouez.<br \/>\nEffet Virtual 7.1 Surround Sound avec DVD et CD de musique. \u00c9coutez des DVD audio, des CD ou des fichiers MP3 avec un spectaculaire son surround home cin\u00e9ma simul\u00e9 sur des \u00e9couteurs ou des haut-parleurs st\u00e9r\u00e9o.<br \/>\nFonctionne avec n&rsquo;importe quel port USB sur n&rsquo;importe quel ordinateur de bureau ou portable.<br \/>\nSortie st\u00e9r\u00e9o supr\u00eame fournie pour la connexion avec un casque ou des haut-parleurs amplifi\u00e9s \u00e0 votre PC ou ordinateur portable.<br \/>\nAugmente le niveau du signal de lecture audio et am\u00e9liore l&rsquo;exp\u00e9rience d&rsquo;\u00e9coute.<\/p>","protected":false},"excerpt":{"rendered":"<p>Installation facile en 5 secondes. Branchez et jouez. Effet Virtual 7.1 Surround Sound avec DVD et CD de musique. \u00c9coutez des DVD audio, des CD ou des fichiers MP3 avec un spectaculaire son surround home cin\u00e9ma simul\u00e9 sur des \u00e9couteurs ou des haut-parleurs st\u00e9r\u00e9o. Fonctionne avec n&rsquo;importe quel port USB sur n&rsquo;importe quel ordinateur de [&hellip;]<\/p>\n","protected":false},"featured_media":5712,"comment_status":"open","ping_status":"closed","template":"","meta":{"event_title":"","event_details":"","event_timezone":"","event_gmap":"","event_image":"","event_image_url":"","event_calendar_link":"","event_location":"","event_datetime_with_summary":"","event_datetime":"","event_date_type":"","event_rulesummary":"","event_ticket_rsvp":"","_gspb_post_css":""},"product_brand":[],"product_cat":[107,102,82,96],"product_tag":[],"class_list":{"0":"post-5713","1":"product","2":"type-product","3":"status-publish","4":"has-post-thumbnail","6":"product_cat-audio","7":"product_cat-autres-accessoires-pc","8":"product_cat-gadgets","9":"product_cat-pc","11":"first","12":"instock","13":"sale","14":"shipping-taxable","15":"purchasable","16":"product-type-simple"},"jetpack_sharing_enabled":true,"_links":{"self":[{"href":"https:\/\/espacetechnologie.ma\/ar\/wp-json\/wp\/v2\/product\/5713","targetHints":{"allow":["GET"]}}],"collection":[{"href":"https:\/\/espacetechnologie.ma\/ar\/wp-json\/wp\/v2\/product"}],"about":[{"href":"https:\/\/espacetechnologie.ma\/ar\/wp-json\/wp\/v2\/types\/product"}],"replies":[{"embeddable":true,"href":"https:\/\/espacetechnologie.ma\/ar\/wp-json\/wp\/v2\/comments?post=5713"}],"wp:featuredmedia":[{"embeddable":true,"href":"https:\/\/espacetechnologie.ma\/ar\/wp-json\/wp\/v2\/media\/5712"}],"wp:attachment":[{"href":"https:\/\/espacetechnologie.ma\/ar\/wp-json\/wp\/v2\/media?parent=5713"}],"wp:term":[{"taxonomy":"product_brand","embeddable":true,"href":"https:\/\/espacetechnologie.ma\/ar\/wp-json\/wp\/v2\/product_brand?post=5713"},{"taxonomy":"product_cat","embeddable":true,"href":"https:\/\/espacetechnologie.ma\/ar\/wp-json\/wp\/v2\/product_cat?post=5713"},{"taxonomy":"product_tag","embeddable":true,"href":"https:\/\/espacetechnologie.ma\/ar\/wp-json\/wp\/v2\/product_tag?post=5713"}],"curies":[{"name":"wp","href":"https:\/\/api.w.org\/{rel}","templated":true}]}}