{"id":5706,"date":"2025-07-08T11:49:36","date_gmt":"2025-07-08T10:49:36","guid":{"rendered":"https:\/\/espacetechnologie.ma\/product\/lightning-to-3-5-mm-aux-audio-adapter\/"},"modified":"2025-08-03T07:48:11","modified_gmt":"2025-08-03T06:48:11","slug":"lightning-to-3-5-mm-aux-audio-adapter","status":"publish","type":"product","link":"https:\/\/espacetechnologie.ma\/ar\/product\/lightning-to-3-5-mm-aux-audio-adapter\/","title":{"rendered":"Lightning To 3.5 mm Aux Audio Adapter"},"content":{"rendered":"<p>Utilisation:Ordinateur, T\u00e9l\u00e9phone Portable, MP3 \/ MP4, Lecteur de Jeux Vid\u00e9o, 1m 3ft usb c\u00e2ble de donn\u00e9es de remplissage rapide<br \/>\nType:C\u00e2ble USB type-c c\u00e2ble usb<br \/>\nNom de marque:JXD<br \/>\nUSB Type:Standard<br \/>\nMat\u00e9riel:PVC, Nylon tress\u00e9 veste + Bo\u00eetier En Aluminium<br \/>\nConnecteurs:USB 2.0 Connecteur<br \/>\nVeste:PVC<br \/>\nBlindage:Tresse<br \/>\nConducteur:Cuivre \u00e9tam\u00e9<br \/>\nCouleur:Blanc<br \/>\nFonction:Remplissage et Transfert Des Donn\u00e9es, 2.4A<br \/>\nLongueur:1M<br \/>\nConnecteur:USB 2.0 Connecteur<br \/>\nCourant:2A pour usb c\u00e2ble de donn\u00e9es de remplissage rapide<br \/>\nJauge de fil:Cuivre pur 21\/0.1 * 2C + 10\/0.1 * 2c<br \/>\nPaquet:Poly sac\/emballage D&rsquo;OEM<\/p>","protected":false},"excerpt":{"rendered":"<p>Mod\u00e8le MH021<br \/>\nMati\u00e8re TPE, ABS<br \/>\nLongueur 1m<br \/>\nInterface Lightning m\u00e2le, prise audio 3,5 mm m\u00e2le<br \/>\nCompatibilit\u00e9 Appareils d&rsquo;\u00e9clairage, tels que iPhone, iPad, iPod touch<br \/>\nContenu de l&#8217;emballage 1 x c\u00e2ble auxiliaire Lightning vers 3,5 mm<\/p>","protected":false},"featured_media":5705,"comment_status":"open","ping_status":"closed","template":"","meta":{"event_title":"","event_details":"","event_timezone":"","event_gmap":"","event_image":"","event_image_url":"","event_calendar_link":"","event_location":"","event_datetime_with_summary":"","event_datetime":"","event_date_type":"","event_rulesummary":"","event_ticket_rsvp":"","_gspb_post_css":""},"product_brand":[],"product_cat":[87,86,84],"product_tag":[],"class_list":{"0":"post-5706","1":"product","2":"type-product","3":"status-publish","4":"has-post-thumbnail","6":"product_cat-adaptateurs","7":"product_cat-cables","8":"product_cat-smartphone","10":"first","11":"instock","12":"sale","13":"shipping-taxable","14":"purchasable","15":"product-type-simple"},"jetpack_sharing_enabled":true,"_links":{"self":[{"href":"https:\/\/espacetechnologie.ma\/ar\/wp-json\/wp\/v2\/product\/5706","targetHints":{"allow":["GET"]}}],"collection":[{"href":"https:\/\/espacetechnologie.ma\/ar\/wp-json\/wp\/v2\/product"}],"about":[{"href":"https:\/\/espacetechnologie.ma\/ar\/wp-json\/wp\/v2\/types\/product"}],"replies":[{"embeddable":true,"href":"https:\/\/espacetechnologie.ma\/ar\/wp-json\/wp\/v2\/comments?post=5706"}],"wp:featuredmedia":[{"embeddable":true,"href":"https:\/\/espacetechnologie.ma\/ar\/wp-json\/wp\/v2\/media\/5705"}],"wp:attachment":[{"href":"https:\/\/espacetechnologie.ma\/ar\/wp-json\/wp\/v2\/media?parent=5706"}],"wp:term":[{"taxonomy":"product_brand","embeddable":true,"href":"https:\/\/espacetechnologie.ma\/ar\/wp-json\/wp\/v2\/product_brand?post=5706"},{"taxonomy":"product_cat","embeddable":true,"href":"https:\/\/espacetechnologie.ma\/ar\/wp-json\/wp\/v2\/product_cat?post=5706"},{"taxonomy":"product_tag","embeddable":true,"href":"https:\/\/espacetechnologie.ma\/ar\/wp-json\/wp\/v2\/product_tag?post=5706"}],"curies":[{"name":"wp","href":"https:\/\/api.w.org\/{rel}","templated":true}]}}