{"id":5694,"date":"2025-07-08T11:49:33","date_gmt":"2025-07-08T10:49:33","guid":{"rendered":"https:\/\/espacetechnologie.ma\/product\/arriere-plan-de-photographie-ecran-chromakey3x2m-vert-bleu-rouge\/"},"modified":"2025-08-02T13:16:54","modified_gmt":"2025-08-02T12:16:54","slug":"arriere-plan-de-photographie-ecran-chromakey3x2m-vert-bleu-rouge","status":"publish","type":"product","link":"https:\/\/espacetechnologie.ma\/ar\/product\/arriere-plan-de-photographie-ecran-chromakey3x2m-vert-bleu-rouge\/","title":{"rendered":"Arri\u00e8re-plan de photographie, \u00e9cran ChromaKey,3x2m \/Vert \/bleu \/rouge"},"content":{"rendered":"<p>mat\u00e9riel: tissu<br \/>\nTaille: 3X2M<br \/>\n1. Le nouveau mat\u00e9riau est durable et pas facile \u00e0 froisser, plus extensible verticalement, mat\u00e9riau en coton polyester haute densit\u00e9<br \/>\n2. La couleur est pure, la d\u00e9coupe d&rsquo;image est plus propre et la post-production est plus facile<br \/>\n3. \u00c9paississement de 120g, augmentation de la densit\u00e9 75D, faible transmission de la lumi\u00e8re, meilleur effet de prise de vue<br \/>\n4. Le processus de couture est plus durable et la finition fine ne tombe pas du fil<br \/>\n5. Traitement mat, la surface est textur\u00e9e pour r\u00e9duire les reflets<br \/>\nEt supprimer l&rsquo;apparence de moire texture dans la prise de vue et l&rsquo;enregistrement<br \/>\n6. Peut \u00eatre repass\u00e9 et lav\u00e9, la couleur ne se d\u00e9colore pas apr\u00e8s le lavage, suspendre le fer sans pli<br \/>\n7. Conception perfor\u00e9e, il est plus pratique \u00e0 utiliser avec le support de fond<\/p>","protected":false},"excerpt":{"rendered":"<p>Arri\u00e8re-plan de photographie de densit\u00e9 75D, tissu lisse de coton de Polyester vert d&rsquo;\u00e9cran ChromaKey pour prise de vue de Studio Photo vid\u00e9o<br \/>\nTaille: 2.0&#215;1.0m \/ 2.0&#215;2.0m \/ 3. 0x3.0 m (si vous avez besoin de commander 3.0&#215;6.0m, veuillez nous laisser un message)<br \/>\nCaract\u00e9ristiques<br \/>\n1. Le nouveau mat\u00e9riau est durable et pas facile \u00e0 froisser, plus extensible verticalement, mat\u00e9riau en coton polyester haute densit\u00e9<br \/>\n2. La couleur est pure, la d\u00e9coupe d&rsquo;image est plus propre et la post-production est plus facile<br \/>\n3. \u00c9paississement de 120g, augmentation de la densit\u00e9 75D, faible transmission de la lumi\u00e8re, meilleur effet de prise de vue<br \/>\n4. Le processus de couture est plus durable et la finition fine ne tombe pas du fil<br \/>\n5. Traitement mat, la surface est textur\u00e9e pour r\u00e9duire les reflets<br \/>\nEt supprimer l&rsquo;apparence de moire texture dans la prise de vue et l&rsquo;enregistrement<br \/>\n6. Peut \u00eatre repass\u00e9 et lav\u00e9, la couleur ne se d\u00e9colore pas apr\u00e8s le lavage, suspendre le fer sans pli<br \/>\n7. Conception perfor\u00e9e, il est plus pratique \u00e0 utiliser avec le support de fond<br \/>\nListe de paquet<br \/>\n1 * toile de fond (ne comprend pas les autres produits)<br \/>\nAffichage de produit<\/p>","protected":false},"featured_media":5693,"comment_status":"open","ping_status":"closed","template":"","meta":{"event_title":"","event_details":"","event_timezone":"","event_gmap":"","event_image":"","event_image_url":"","event_calendar_link":"","event_location":"","event_datetime_with_summary":"","event_datetime":"","event_date_type":"","event_rulesummary":"","event_ticket_rsvp":"","_gspb_post_css":""},"product_brand":[],"product_cat":[119,116],"product_tag":[],"class_list":{"0":"post-5694","1":"product","2":"type-product","3":"status-publish","4":"has-post-thumbnail","6":"product_cat-accessoires-studio","7":"product_cat-studio","9":"first","10":"instock","11":"sale","12":"shipping-taxable","13":"purchasable","14":"product-type-simple"},"jetpack_sharing_enabled":true,"_links":{"self":[{"href":"https:\/\/espacetechnologie.ma\/ar\/wp-json\/wp\/v2\/product\/5694","targetHints":{"allow":["GET"]}}],"collection":[{"href":"https:\/\/espacetechnologie.ma\/ar\/wp-json\/wp\/v2\/product"}],"about":[{"href":"https:\/\/espacetechnologie.ma\/ar\/wp-json\/wp\/v2\/types\/product"}],"replies":[{"embeddable":true,"href":"https:\/\/espacetechnologie.ma\/ar\/wp-json\/wp\/v2\/comments?post=5694"}],"wp:featuredmedia":[{"embeddable":true,"href":"https:\/\/espacetechnologie.ma\/ar\/wp-json\/wp\/v2\/media\/5693"}],"wp:attachment":[{"href":"https:\/\/espacetechnologie.ma\/ar\/wp-json\/wp\/v2\/media?parent=5694"}],"wp:term":[{"taxonomy":"product_brand","embeddable":true,"href":"https:\/\/espacetechnologie.ma\/ar\/wp-json\/wp\/v2\/product_brand?post=5694"},{"taxonomy":"product_cat","embeddable":true,"href":"https:\/\/espacetechnologie.ma\/ar\/wp-json\/wp\/v2\/product_cat?post=5694"},{"taxonomy":"product_tag","embeddable":true,"href":"https:\/\/espacetechnologie.ma\/ar\/wp-json\/wp\/v2\/product_tag?post=5694"}],"curies":[{"name":"wp","href":"https:\/\/api.w.org\/{rel}","templated":true}]}}