{"id":5692,"date":"2025-07-08T11:49:33","date_gmt":"2025-07-08T10:49:33","guid":{"rendered":"https:\/\/espacetechnologie.ma\/product\/%d9%85%d9%8a%d9%83%d8%b1%d9%88%d9%81%d9%88%d9%86-%d9%83%d8%b1%d8%a7%d9%81%d8%a7%d8%aa-type-c-lavalier\/"},"modified":"2025-08-03T07:14:13","modified_gmt":"2025-08-03T06:14:13","slug":"%d9%85%d9%8a%d9%83%d8%b1%d9%88%d9%81%d9%88%d9%86-%d9%83%d8%b1%d8%a7%d9%81%d8%a7%d8%aa-type-c-lavalier","status":"publish","type":"product","link":"https:\/\/espacetechnologie.ma\/ar\/product\/%d9%85%d9%8a%d9%83%d8%b1%d9%88%d9%81%d9%88%d9%86-%d9%83%d8%b1%d8%a7%d9%81%d8%a7%d8%aa-type-c-lavalier\/","title":{"rendered":"\u0645\u064a\u0643\u0631\u0648\u0641\u0648\u0646 \u0643\u0631\u0627\u0641\u0627\u062a TYPE-C Lavalier"},"content":{"rendered":"<p>Port Lightning adapt\u00e9 pour iphone ipad ipod<br \/>\nMicrophone \u00e0 condensateur omnidirectionnel<br \/>\nR\u00e9ponse en fr\u00e9quence tr\u00e8s sensible, dynamique, \u00e9lev\u00e9e et large<br \/>\nUne pince rotative \u00e0 360 degr\u00e9s pour une fixation facile au col, \u00e0 la cravate ou \u00e0 la poche<br \/>\nMains libres, peut \u00eatre utilis\u00e9 pour le chat, la r\u00e9union vid\u00e9o, l\u2019enregistrement de chansons, etc<\/p>","protected":false},"excerpt":{"rendered":"<p>Port Lightning adapt\u00e9 pour iphone ipad ipod Microphone \u00e0 condensateur omnidirectionnel R\u00e9ponse en fr\u00e9quence tr\u00e8s sensible, dynamique, \u00e9lev\u00e9e et large Une pince rotative \u00e0 360 degr\u00e9s pour une fixation facile au col, \u00e0 la cravate ou \u00e0 la poche Mains libres, peut \u00eatre utilis\u00e9 pour le chat, la r\u00e9union vid\u00e9o, l\u2019enregistrement de chansons, etc<\/p>","protected":false},"featured_media":5691,"comment_status":"open","ping_status":"closed","template":"","meta":{"event_title":"","event_details":"","event_timezone":"","event_gmap":"","event_image":"","event_image_url":"","event_calendar_link":"","event_location":"","event_datetime_with_summary":"","event_datetime":"","event_date_type":"","event_rulesummary":"","event_ticket_rsvp":"","_gspb_post_css":""},"product_brand":[],"product_cat":[107,111],"product_tag":[],"class_list":{"0":"post-5692","1":"product","2":"type-product","3":"status-publish","4":"has-post-thumbnail","6":"product_cat-audio","7":"product_cat-microphones","9":"first","10":"instock","11":"sale","12":"shipping-taxable","13":"purchasable","14":"product-type-simple"},"jetpack_sharing_enabled":true,"_links":{"self":[{"href":"https:\/\/espacetechnologie.ma\/ar\/wp-json\/wp\/v2\/product\/5692","targetHints":{"allow":["GET"]}}],"collection":[{"href":"https:\/\/espacetechnologie.ma\/ar\/wp-json\/wp\/v2\/product"}],"about":[{"href":"https:\/\/espacetechnologie.ma\/ar\/wp-json\/wp\/v2\/types\/product"}],"replies":[{"embeddable":true,"href":"https:\/\/espacetechnologie.ma\/ar\/wp-json\/wp\/v2\/comments?post=5692"}],"wp:featuredmedia":[{"embeddable":true,"href":"https:\/\/espacetechnologie.ma\/ar\/wp-json\/wp\/v2\/media\/5691"}],"wp:attachment":[{"href":"https:\/\/espacetechnologie.ma\/ar\/wp-json\/wp\/v2\/media?parent=5692"}],"wp:term":[{"taxonomy":"product_brand","embeddable":true,"href":"https:\/\/espacetechnologie.ma\/ar\/wp-json\/wp\/v2\/product_brand?post=5692"},{"taxonomy":"product_cat","embeddable":true,"href":"https:\/\/espacetechnologie.ma\/ar\/wp-json\/wp\/v2\/product_cat?post=5692"},{"taxonomy":"product_tag","embeddable":true,"href":"https:\/\/espacetechnologie.ma\/ar\/wp-json\/wp\/v2\/product_tag?post=5692"}],"curies":[{"name":"wp","href":"https:\/\/api.w.org\/{rel}","templated":true}]}}