{"id":5688,"date":"2025-07-08T11:49:33","date_gmt":"2025-07-08T10:49:33","guid":{"rendered":"https:\/\/espacetechnologie.ma\/product\/telecommande-de-remplacement-pour-toutes-les-mi-box\/"},"modified":"2025-08-03T07:14:28","modified_gmt":"2025-08-03T06:14:28","slug":"telecommande-de-remplacement-pour-toutes-les-mi-box","status":"publish","type":"product","link":"https:\/\/espacetechnologie.ma\/ar\/product\/telecommande-de-remplacement-pour-toutes-les-mi-box\/","title":{"rendered":"T\u00e9l\u00e9commande de remplacement pour toutes les MI box"},"content":{"rendered":"<p>Condition: Nouveau<br \/>\n\u2022Marque: PourKM<br \/>\n\u2022Mod\u00e8le:XMRM-006<br \/>\n\u2022Mat\u00e9riel:ABSM at\u00e9riel<br \/>\n\u2022Quantit\u00e9: 1 x \u2022t\u00e9l\u00e9commande,Les piles ne sont pas incluses<\/p>","protected":false},"excerpt":{"rendered":"<p>Description du produit<br \/>\nCondition: Nouveau<br \/>\nMarque: PourKM<br \/>\nMod\u00e8le:XMRM-006<br \/>\nMat\u00e9riel:ABSM at\u00e9riel<br \/>\nQuantit\u00e9: 1 x t\u00e9l\u00e9commande,Les piles ne sont pas incluses<br \/>\nRappels importants:<br \/>\nPhotos du produit<\/p>","protected":false},"featured_media":5687,"comment_status":"open","ping_status":"closed","template":"","meta":{"event_title":"","event_details":"","event_timezone":"","event_gmap":"","event_image":"","event_image_url":"","event_calendar_link":"","event_location":"","event_datetime_with_summary":"","event_datetime":"","event_date_type":"","event_rulesummary":"","event_ticket_rsvp":"","_gspb_post_css":""},"product_brand":[],"product_cat":[125,123],"product_tag":[],"class_list":{"0":"post-5688","1":"product","2":"type-product","3":"status-publish","4":"has-post-thumbnail","6":"product_cat-autres-accessoires-tv","7":"product_cat-tv","9":"first","10":"instock","11":"sale","12":"shipping-taxable","13":"purchasable","14":"product-type-simple"},"jetpack_sharing_enabled":true,"_links":{"self":[{"href":"https:\/\/espacetechnologie.ma\/ar\/wp-json\/wp\/v2\/product\/5688","targetHints":{"allow":["GET"]}}],"collection":[{"href":"https:\/\/espacetechnologie.ma\/ar\/wp-json\/wp\/v2\/product"}],"about":[{"href":"https:\/\/espacetechnologie.ma\/ar\/wp-json\/wp\/v2\/types\/product"}],"replies":[{"embeddable":true,"href":"https:\/\/espacetechnologie.ma\/ar\/wp-json\/wp\/v2\/comments?post=5688"}],"wp:featuredmedia":[{"embeddable":true,"href":"https:\/\/espacetechnologie.ma\/ar\/wp-json\/wp\/v2\/media\/5687"}],"wp:attachment":[{"href":"https:\/\/espacetechnologie.ma\/ar\/wp-json\/wp\/v2\/media?parent=5688"}],"wp:term":[{"taxonomy":"product_brand","embeddable":true,"href":"https:\/\/espacetechnologie.ma\/ar\/wp-json\/wp\/v2\/product_brand?post=5688"},{"taxonomy":"product_cat","embeddable":true,"href":"https:\/\/espacetechnologie.ma\/ar\/wp-json\/wp\/v2\/product_cat?post=5688"},{"taxonomy":"product_tag","embeddable":true,"href":"https:\/\/espacetechnologie.ma\/ar\/wp-json\/wp\/v2\/product_tag?post=5688"}],"curies":[{"name":"wp","href":"https:\/\/api.w.org\/{rel}","templated":true}]}}