{"id":5662,"date":"2025-07-08T11:49:27","date_gmt":"2025-07-08T10:49:27","guid":{"rendered":"https:\/\/espacetechnologie.ma\/product\/support-antiderapant-pliable-reglable-pour-tablette-ordinateur-pc-portable\/"},"modified":"2025-08-03T06:59:21","modified_gmt":"2025-08-03T05:59:21","slug":"support-antiderapant-pliable-reglable-pour-tablette-ordinateur-pc-portable","status":"publish","type":"product","link":"https:\/\/espacetechnologie.ma\/ar\/product\/support-antiderapant-pliable-reglable-pour-tablette-ordinateur-pc-portable\/","title":{"rendered":"Support antid\u00e9rapant pliable r\u00e9glable pour tablette, ordinateur, pc portable"},"content":{"rendered":"<p>Ce support d&rsquo;ordinateur ne va plus vous quitter !\u00a0L\u00e9ger et facile \u00e0 transporter il vous accompagne dans tous vos d\u00e9placement. En t\u00e9l\u00e9travail, il vous apportera un confort d&rsquo;utilisation gr\u00e2ce \u00e0 son \u00e9l\u00e9vation qui vous permettra d&rsquo;am\u00e9liorer votre posture.<br \/>\nAM\u00c9LIOREZ VOTRE POSTURE POUR PLUS DE CONFORT:<br \/>\nErgonomie renforc\u00e9e pour une position am\u00e9lior\u00e9e, ce support d&rsquo;ordinateur portable vous offrira un confort d&rsquo;utilisation dont vous ne pourrez plus vous passer.<br \/>\nETUDI\u00c9 POUR VENTILER<br \/>\nFini les ventilateurs qui d\u00e9marrent en plein travail et donne l&rsquo;impression que votre ordinateur va s&rsquo;envoler ou partir en fum\u00e9 ! Les mat\u00e9riaux en alliage d&rsquo;aluminium permettent d&rsquo;absorber et \u00e9vacuer la chaleur efficacement. L&rsquo;inclinaison vers l&rsquo;avant offre une meilleure ventilation et davantage de circulation d&rsquo;air pour refroidir l&rsquo;ordinateur pendant le fonctionnement.<br \/>\nLe support pliable et r\u00e9glable pour ordinateur vous permet de relever le portable de 7,5 cm \u00e0 19,5 cm de hauteur pour un niveau de visibilit\u00e9 parfait. Il y a 7 fa\u00e7ons de r\u00e9gler la hauteur, ce qui permet de corriger la posture et r\u00e9duire les douleurs au dos, la raideur de la nuque, les douleurs au poignet et la fatigue oculaire. Un confort et une ergonomie parfaite et confortable pour lire et taper.<br \/>\nTr\u00e8s l\u00e9ger et rapidement repli\u00e9, il va vite devenir votre meilleur alli\u00e9. Facile \u00e0 transporter il ne vous faudra qu&rsquo;une seconde pour l&rsquo;ouvrir et vous mettre au travail. Une vrai \u00e9conomie de temps et un r\u00e9duction de poids dans votre sac.<br \/>\nEn alliage d&rsquo;aluminium de qualit\u00e9 sup\u00e9rieure, il est tr\u00e8s robuste. Avec ses coussinets en silicone antid\u00e9rapants en haut et en bas du support et ses patins en caoutchouc sur le crochet, il maintient votre ordinateur portable en place et le prot\u00e8ge des glissades et des rayures.<br \/>\nNon seulement il est l\u00e9ger et ergonomique, ce support est compatible avec tous les ordinateurs portables 10 \u00e0 18 pouces, tels que MacBook Air \/ Pro, Google Pixelbook, Dell XPS, HP, ASUS, Lenovo ThinkPad, Acer, Chromebook, Samsung, Tablette, etc. iPad et plus. C&rsquo;est le compagnon id\u00e9al que vous soyer \u00e0 un bureau ou en d\u00e9placement, il vous suffit de le d\u00e9plier et vous \u00eates pr\u00eat !<\/p>","protected":false},"excerpt":{"rendered":"<p>Support pc pliable<br \/>\nR\u00e9glable<br \/>\nCompatible avec tous les ordinateurs portables 10 \u00e0 18 pouces, tels que MacBook Air \/ Pro, Google Pixelbook, Dell XPS, HP, ASUS, Lenovo ThinkPad, Acer, Chromebook, Samsung, Tablette, etc. iPad et plus.<br \/>\nL\u00e9ger et ergonomique<\/p>","protected":false},"featured_media":5661,"comment_status":"open","ping_status":"closed","template":"","meta":{"event_title":"","event_details":"","event_timezone":"","event_gmap":"","event_image":"","event_image_url":"","event_calendar_link":"","event_location":"","event_datetime_with_summary":"","event_datetime":"","event_date_type":"","event_rulesummary":"","event_ticket_rsvp":"","_gspb_post_css":""},"product_brand":[],"product_cat":[96,97],"product_tag":[],"class_list":{"0":"post-5662","1":"product","2":"type-product","3":"status-publish","4":"has-post-thumbnail","6":"product_cat-pc","7":"product_cat-support","9":"first","10":"instock","11":"sale","12":"shipping-taxable","13":"purchasable","14":"product-type-simple"},"jetpack_sharing_enabled":true,"_links":{"self":[{"href":"https:\/\/espacetechnologie.ma\/ar\/wp-json\/wp\/v2\/product\/5662","targetHints":{"allow":["GET"]}}],"collection":[{"href":"https:\/\/espacetechnologie.ma\/ar\/wp-json\/wp\/v2\/product"}],"about":[{"href":"https:\/\/espacetechnologie.ma\/ar\/wp-json\/wp\/v2\/types\/product"}],"replies":[{"embeddable":true,"href":"https:\/\/espacetechnologie.ma\/ar\/wp-json\/wp\/v2\/comments?post=5662"}],"wp:featuredmedia":[{"embeddable":true,"href":"https:\/\/espacetechnologie.ma\/ar\/wp-json\/wp\/v2\/media\/5661"}],"wp:attachment":[{"href":"https:\/\/espacetechnologie.ma\/ar\/wp-json\/wp\/v2\/media?parent=5662"}],"wp:term":[{"taxonomy":"product_brand","embeddable":true,"href":"https:\/\/espacetechnologie.ma\/ar\/wp-json\/wp\/v2\/product_brand?post=5662"},{"taxonomy":"product_cat","embeddable":true,"href":"https:\/\/espacetechnologie.ma\/ar\/wp-json\/wp\/v2\/product_cat?post=5662"},{"taxonomy":"product_tag","embeddable":true,"href":"https:\/\/espacetechnologie.ma\/ar\/wp-json\/wp\/v2\/product_tag?post=5662"}],"curies":[{"name":"wp","href":"https:\/\/api.w.org\/{rel}","templated":true}]}}