{"id":5639,"date":"2025-07-08T11:49:23","date_gmt":"2025-07-08T10:49:23","guid":{"rendered":"https:\/\/espacetechnologie.ma\/product\/hub-usb-adaptateur-conception-a-4-ports-usb-3-0-a-haute-vitesse\/"},"modified":"2025-08-03T07:18:54","modified_gmt":"2025-08-03T06:18:54","slug":"hub-usb-adaptateur-conception-a-4-ports-usb-3-0-a-haute-vitesse","status":"publish","type":"product","link":"https:\/\/espacetechnologie.ma\/ar\/product\/hub-usb-adaptateur-conception-a-4-ports-usb-3-0-a-haute-vitesse\/","title":{"rendered":"Hub USB Adaptateur Conception \u00e0 4 Ports USB 3.0 \u00e0 Haute Vitesse"},"content":{"rendered":"<p>100% neuf et de haute qualit\u00e9<br \/>\nConforme \u00e0 la version USB: 1.1\/2.0\/3.0<br \/>\nPrend en charge les profils de p\u00e9riph\u00e9riques USB haute vitesse (5G Mbps), pleine vitesse (480 Mbps) et basse vitesse (12 Mbps)<br \/>\nUltra mince conception de structure<br \/>\nBleu alimentation LED indicateur<br \/>\nLongueur de ligne 0.2 M Standard<br \/>\nSortie 4 Port USB standard 3.0 (AF)<br \/>\nBus-protection de courant limite de puissance: 900mA<br \/>\nSyst\u00e8me requis: windows XP, vista, win7, Mac OS (10.X ou plus)<br \/>\nCouleur: noir. blanc<br \/>\nContenu de l&#8217;emballage:<br \/>\n1 X\u00a0Hub 4 ports USB 3.0 avec emballage<br \/>\n100% neuf et de haute qualit\u00e9<br \/>\nConforme \u00e0 la version USB: 1.1\/2.0\/3.0<br \/>\nPrend en charge les profils de p\u00e9riph\u00e9riques USB haute vitesse (5G Mbps), pleine vitesse (480 Mbps) et basse vitesse (12 Mbps)<br \/>\nUltra mince conception de structure<br \/>\nBleu alimentation LED indicateur<br \/>\nLongueur de ligne 0.2 M Standard<br \/>\nSortie 4 Port USB standard 3.0 (AF)<br \/>\nBus-protection de courant limite de puissance: 900mA<br \/>\nSyst\u00e8me requis: windows XP, vista, win7, Mac OS (10.X ou plus)<br \/>\nCouleur: noir. blanc<br \/>\nContenu de l&#8217;emballage:<br \/>\n1 X\u00a0Hub 4 ports USB 3.0 avec emballage<\/p>","protected":false},"excerpt":{"rendered":"<p>100% neuf et de haute qualit\u00e9 Conforme \u00e0 la version USB: 1.1\/2.0\/3.0 Prend en charge les profils de p\u00e9riph\u00e9riques USB haute vitesse (5G Mbps), pleine vitesse (480 Mbps) et basse vitesse (12 Mbps) Ultra mince conception de structure Bleu alimentation LED indicateur Longueur de ligne 0.2 M Standard Sortie 4 Port USB standard 3.0 (AF) [&hellip;]<\/p>\n","protected":false},"featured_media":5638,"comment_status":"open","ping_status":"closed","template":"","meta":{"event_title":"","event_details":"","event_timezone":"","event_gmap":"","event_image":"","event_image_url":"","event_calendar_link":"","event_location":"","event_datetime_with_summary":"","event_datetime":"","event_date_type":"","event_rulesummary":"","event_ticket_rsvp":"","_gspb_post_css":""},"product_brand":[],"product_cat":[101,96],"product_tag":[],"class_list":{"0":"post-5639","1":"product","2":"type-product","3":"status-publish","4":"has-post-thumbnail","6":"product_cat-hubs-pc","7":"product_cat-pc","9":"first","10":"instock","11":"sale","12":"shipping-taxable","13":"purchasable","14":"product-type-simple"},"jetpack_sharing_enabled":true,"_links":{"self":[{"href":"https:\/\/espacetechnologie.ma\/ar\/wp-json\/wp\/v2\/product\/5639","targetHints":{"allow":["GET"]}}],"collection":[{"href":"https:\/\/espacetechnologie.ma\/ar\/wp-json\/wp\/v2\/product"}],"about":[{"href":"https:\/\/espacetechnologie.ma\/ar\/wp-json\/wp\/v2\/types\/product"}],"replies":[{"embeddable":true,"href":"https:\/\/espacetechnologie.ma\/ar\/wp-json\/wp\/v2\/comments?post=5639"}],"wp:featuredmedia":[{"embeddable":true,"href":"https:\/\/espacetechnologie.ma\/ar\/wp-json\/wp\/v2\/media\/5638"}],"wp:attachment":[{"href":"https:\/\/espacetechnologie.ma\/ar\/wp-json\/wp\/v2\/media?parent=5639"}],"wp:term":[{"taxonomy":"product_brand","embeddable":true,"href":"https:\/\/espacetechnologie.ma\/ar\/wp-json\/wp\/v2\/product_brand?post=5639"},{"taxonomy":"product_cat","embeddable":true,"href":"https:\/\/espacetechnologie.ma\/ar\/wp-json\/wp\/v2\/product_cat?post=5639"},{"taxonomy":"product_tag","embeddable":true,"href":"https:\/\/espacetechnologie.ma\/ar\/wp-json\/wp\/v2\/product_tag?post=5639"}],"curies":[{"name":"wp","href":"https:\/\/api.w.org\/{rel}","templated":true}]}}