{"id":5634,"date":"2025-07-08T11:49:22","date_gmt":"2025-07-08T10:49:22","guid":{"rendered":"https:\/\/espacetechnologie.ma\/product\/controleur-de-jeu-mobile-feu-libre-l1-r1-manette-pour-iphone-android-pubg-free-fire\/"},"modified":"2025-08-03T07:54:34","modified_gmt":"2025-08-03T06:54:34","slug":"controleur-de-jeu-mobile-feu-libre-l1-r1-manette-pour-iphone-android-pubg-free-fire","status":"publish","type":"product","link":"https:\/\/espacetechnologie.ma\/ar\/product\/controleur-de-jeu-mobile-feu-libre-l1-r1-manette-pour-iphone-android-pubg-free-fire\/","title":{"rendered":"Contr\u00f4leur de jeu mobile feu libre L1 R1 manette pour Iphone, Android, PUBG, Free Fire"},"content":{"rendered":"<p>Nom: CH-5 Blue Shark<br \/>\nPoids: 30g<br \/>\nT\u00e9l\u00e9phone portable Applicable: la plupart des mod\u00e8les<br \/>\nCouleur: bleu<br \/>\nPr\u00e9cautions:<br \/>\nLa position du bouton de prise de vue\/bouton ouvert est-elle align\u00e9e sur le bouton de conception de l&rsquo;\u00e9cran, et la position et la taille sont appropri\u00e9es?<br \/>\nS&rsquo;il est invalide en raison de la \u00e9tui de t\u00e9l\u00e9phone portable sur-assembl\u00e9, trop \u00e9pais fera en sorte que l&rsquo;\u00e9cran soit inaccessible, ce qui entra\u00eene l&rsquo;incapacit\u00e9 d&rsquo;utiliser<br \/>\nAvant le d\u00e9but, vous devez d\u00e9boguer \u00e0 l&rsquo;avance, installer l&rsquo;essai, puis jouer le jeu.<\/p>","protected":false},"excerpt":{"rendered":"<p>Nom: CH-5 Blue Shark Poids: 30g T\u00e9l\u00e9phone portable Applicable: la plupart des mod\u00e8les Couleur: bleu Pr\u00e9cautions: La position du bouton de prise de vue\/bouton ouvert est-elle align\u00e9e sur le bouton de conception de l&rsquo;\u00e9cran, et la position et la taille sont appropri\u00e9es? S&rsquo;il est invalide en raison de la \u00e9tui de t\u00e9l\u00e9phone portable sur-assembl\u00e9, trop [&hellip;]<\/p>\n","protected":false},"featured_media":5633,"comment_status":"open","ping_status":"closed","template":"","meta":{"event_title":"","event_details":"","event_timezone":"","event_gmap":"","event_image":"","event_image_url":"","event_calendar_link":"","event_location":"","event_datetime_with_summary":"","event_datetime":"","event_date_type":"","event_rulesummary":"","event_ticket_rsvp":"","_gspb_post_css":""},"product_brand":[],"product_cat":[90,129,84],"product_tag":[],"class_list":{"0":"post-5634","1":"product","2":"type-product","3":"status-publish","4":"has-post-thumbnail","6":"product_cat-autres-accessoires-smartphone","7":"product_cat-gaming","8":"product_cat-smartphone","10":"first","11":"instock","12":"sale","13":"shipping-taxable","14":"purchasable","15":"product-type-simple"},"jetpack_sharing_enabled":true,"_links":{"self":[{"href":"https:\/\/espacetechnologie.ma\/ar\/wp-json\/wp\/v2\/product\/5634","targetHints":{"allow":["GET"]}}],"collection":[{"href":"https:\/\/espacetechnologie.ma\/ar\/wp-json\/wp\/v2\/product"}],"about":[{"href":"https:\/\/espacetechnologie.ma\/ar\/wp-json\/wp\/v2\/types\/product"}],"replies":[{"embeddable":true,"href":"https:\/\/espacetechnologie.ma\/ar\/wp-json\/wp\/v2\/comments?post=5634"}],"wp:featuredmedia":[{"embeddable":true,"href":"https:\/\/espacetechnologie.ma\/ar\/wp-json\/wp\/v2\/media\/5633"}],"wp:attachment":[{"href":"https:\/\/espacetechnologie.ma\/ar\/wp-json\/wp\/v2\/media?parent=5634"}],"wp:term":[{"taxonomy":"product_brand","embeddable":true,"href":"https:\/\/espacetechnologie.ma\/ar\/wp-json\/wp\/v2\/product_brand?post=5634"},{"taxonomy":"product_cat","embeddable":true,"href":"https:\/\/espacetechnologie.ma\/ar\/wp-json\/wp\/v2\/product_cat?post=5634"},{"taxonomy":"product_tag","embeddable":true,"href":"https:\/\/espacetechnologie.ma\/ar\/wp-json\/wp\/v2\/product_tag?post=5634"}],"curies":[{"name":"wp","href":"https:\/\/api.w.org\/{rel}","templated":true}]}}